{"id":30846,"date":"2025-11-17T06:22:31","date_gmt":"2025-11-17T06:22:31","guid":{"rendered":"https:\/\/cottonland.shop\/?page_id=30846"},"modified":"2026-03-24T15:25:38","modified_gmt":"2026-03-24T15:25:38","slug":"pre-purchase-guide","status":"publish","type":"page","link":"https:\/\/cottonland.shop\/de\/pre-purchase-guide\/","title":{"rendered":"Leitfaden f\u00fcr die Kaufentscheidung"},"content":{"rendered":"<div data-elementor-type=\"wp-page\" data-elementor-id=\"30846\" class=\"elementor elementor-30846\" data-elementor-post-type=\"page\">\n\t\t\t\t<div class=\"elementor-element elementor-element-00cd32f e-con-full e-flex e-con e-parent\" data-id=\"00cd32f\" data-element_type=\"container\" data-e-type=\"container\">\n\t\t\t\t<div class=\"elementor-element elementor-element-f2086ac elementor-widget elementor-widget-wd_text_block\" data-id=\"f2086ac\" data-element_type=\"widget\" data-e-type=\"widget\" data-widget_type=\"wd_text_block.default\">\n\t\t\t\t<div class=\"elementor-widget-container\">\n\t\t\t\t\t\t\t<div class=\"wd-text-block reset-last-child text-left\">\n\t\t\t\n\t\t\t<div style=\"font-family: 'Poppins', sans-serif, Arial, sans-serif; color: #333; max-width: 1100px; margin: 0 auto; padding: 20px; background-color: #ffffff;\">\n<div style=\"background-color: #f8e8ec; padding: 40px 20px; border-radius: 15px; text-align: center; margin-bottom: 40px; box-shadow: 0 4px 15px rgba(229, 156, 160, 0.2);\">\n<h1 style=\"color: #d67f85; font-size: 38px; font-weight: bold; margin-bottom: 10px;\">\ud83d\udccb Before You Buy \u2014 What Every Collector Should Know Guide<\/h1>\n<p style=\"color: #666; font-size: 18px;\">Sizing, care tips, and what to expect when your doll arrives.\ud83c\udf37<\/p>\n<\/div>\n<div style=\"margin-bottom: 40px; padding: 20px; border-radius: 10px;\">\n<h2 style=\"color: #e59ca0; font-size: 26px; font-weight: 600; border-bottom: 2px solid #f8e8ec; padding-bottom: 10px; margin-bottom: 20px;\">\u2728 <span style=\"font-weight: bold;\">Handcrafted Product Policy<\/span><\/h2>\n<div style=\"background-color: #ffe0e0; border: 2px dashed #e59ca0; padding: 20px; margin-bottom: 30px; border-radius: 10px;\">\n<h3 style=\"color: #d67f85; font-size: 20px; margin-top: 0; margin-bottom: 15px;\">\u26a0\ufe0f <span style=\"font-weight: bold;\">Wichtige Politik zum Nachlesen:<\/span><\/h3>\n<ol style=\"padding-left: 20px;\">\n<li><span style=\"font-weight: bold;\">Handgefertigter Charme:<\/span> Alle Puppenkleider und Accessoires werden in Handarbeit hergestellt. Dies bedeutet, dass kleine handwerkliche Unvollkommenheiten und subtile Unterschiede unvermeidlich sind. Wir erlauben eine angemessene Abweichung von <span style=\"font-weight: bold;\">1-3mm<\/span> in allen unseren Artikeln.<\/li>\n<li><span style=\"font-weight: bold;\">Farbkonsistenz:<\/span> Aufgrund von Unterschieden bei der Beleuchtung und der Bildschirmdarstellung k\u00f6nnen leichte chromatische Aberrationen (Farbunterschiede) auftreten.<\/li>\n<li><span style=\"font-weight: bold;\">Qualit\u00e4tsanspr\u00fcche:<\/span> Nach Erhalt Ihres Pakets, bitte <span style=\"font-weight: bold;\">ein vollst\u00e4ndiges, unbearbeitetes Unboxing-Video aufnehmen<\/span>. Qualit\u00e4tsprobleme (z. B. Materialsch\u00e4den) m\u00fcssen gemeldet werden <span style=\"font-weight: bold;\">innerhalb von 7 Tagen<\/span> der Unterschrift\/Zustellung. Reklamationen, die nach diesem 7-Tage-Fenster eingehen, k\u00f6nnen nicht bearbeitet werden.<\/li>\n<li><span style=\"font-weight: bold;\">Benutzerdefinierte Natur:<\/span> Da es sich bei allen unseren Artikeln um reine Sonderanfertigungen handelt, k\u00f6nnen wir keine R\u00fccksendungen oder Umtausch akzeptieren f\u00fcr <span style=\"font-weight: bold;\">Nicht-Qualit\u00e4tsgr\u00fcnde<\/span> (z. B. Sinneswandel, wahrgenommener Gr\u00f6\u00dfen-\/Farbunterschied).<\/li>\n<\/ol>\n<\/div>\n<\/div>\n<div style=\"margin-bottom: 40px; padding: 20px; border-radius: 10px;\">\n<h2 style=\"color: #e59ca0; font-size: 26px; font-weight: 600; border-bottom: 2px solid #f8e8ec; padding-bottom: 10px; margin-bottom: 20px;\">\u2728 <span style=\"font-weight: bold;\">When Your Doll Arrives<\/span><\/h2>\n<p>Wenn deine Puppe bei dir ankommt, kannst du ihr mit ein wenig Pflege und Aufmerksamkeit ihre beste Form und Pers\u00f6nlichkeit verleihen!<\/p>\n<div style=\"background-color: #fff7f9; border-left: 5px solid #e59ca0; padding: 15px; margin: 15px 0; border-radius: 5px;\"><span style=\"font-weight: bold; color: #d67f85;\">F: Das Gesicht meiner Puppe sieht gequetscht oder anders als auf den Bildern aus. Was kann ich tun?<\/span><br \/>\n<span style=\"font-weight: bold; color: #d67f85;\">A:<\/span> Machen Sie sich keine Sorgen! Lange Posttransporte k\u00f6nnen zu vor\u00fcbergehenden Quetschungen f\u00fchren. Gib deiner Puppe einfach eine sanfte Massage! Kneten Sie die Baumwolle im Inneren des K\u00f6rpers, um die F\u00fcllung gleichm\u00e4\u00dfig zu verteilen. So erh\u00e4lt die Puppe ihre perfekte, pralle Gesichtsform zur\u00fcck.<\/div>\n<div style=\"background-color: #fff7f9; border-left: 5px solid #e59ca0; padding: 15px; margin: 15px 0; border-radius: 5px;\"><span style=\"font-weight: bold; color: #d67f85;\">F: Die Gelenke f\u00fchlen sich steif an und machen es schwer, meine Puppe in Pose zu bringen!<\/span><br \/>\n<span style=\"font-weight: bold; color: #d67f85;\">A:<\/span> Puppen, die frisch aus der Produktion und vom Transport kommen, k\u00f6nnen steife Rahmen haben. Machen Sie mit Ihrer Puppe zuerst ein paar \"Gymnastik\u00fcbungen\"! Bewegen Sie die Gliedma\u00dfen sanft nach oben, unten, links und rechts, um die Gelenke zu aktivieren. Sie werden dadurch viel beweglicher. (Der Rahmen ist sehr robust und bricht auch bei gewaltfreien Bewegungen nicht).<\/div>\n<div style=\"background-color: #fff7f9; border-left: 5px solid #e59ca0; padding: 15px; margin: 15px 0; border-radius: 5px;\"><span style=\"font-weight: bold; color: #d67f85;\">Ein Hinweis zum Styling:<\/span>Ihre Puppe wird mit \"Werkseinstellungen\" geliefert. Die wundersch\u00f6nen Modelle, die Sie online sehen, wurden von Cottonland pers\u00f6nlich gestylt, geb\u00fcrstet und err\u00f6tet! Wir ermutigen Sie dazu, Ihre Puppe zu personalisieren! Sie k\u00f6nnen sich auch von den Cottonland-Styling-Videos auf YouTube inspirieren lassen.<\/p>\n<\/div>\n<\/div>\n<div style=\"margin-bottom: 40px; padding: 20px; border-radius: 10px;\">\n<h2 style=\"color: #e59ca0; font-size: 26px; font-weight: 600; border-bottom: 2px solid #f8e8ec; padding-bottom: 10px; margin-bottom: 20px;\">\u2600\ufe0f <span style=\"font-weight: bold;\">Daily Care Guide<\/span><\/h2>\n<p>Halten Sie Ihren Baumwollfreund mit diesen einfachen Regeln in Topform:<\/p>\n<h3>\u26a0\ufe0f <span style=\"font-weight: bold;\">Tun Sie das nicht! (Sicherheit geht vor)<\/span><\/h3>\n<ul style=\"padding-left: 20px;\">\n<li>\u274c <span style=\"font-weight: bold;\">KEINE hei\u00dfen Werkzeuge:<\/span> Verwenden Sie f\u00fcr Ihre Puppe niemals einen hei\u00dfen Haartrockner, da dieser den Gesichtsstoff versengen oder schmelzen kann.<\/li>\n<li>\u274c <span style=\"font-weight: bold;\">KEINE Langzeit-Sonnenb\u00e4der:<\/span> Lassen Sie Ihre Puppe nicht \u00fcber l\u00e4ngere Zeit in direktem Sonnenlicht liegen (dies kann zum Ausbleichen f\u00fchren). Gelegentliche Sonneneinstrahlung, vor allem in feuchten Gebieten, ist gut, um Staubmilben und Schimmel zu vermeiden.<\/li>\n<li>\u274c <span style=\"font-weight: bold;\">Keine dunkle Kleidung f\u00fcr zu lange Zeit:<\/span> Vermeiden Sie es, Ihre Puppe f\u00fcr l\u00e4ngere Zeit in dunkle oder dunkelfarbige Kleidung zu kleiden, da dies zu irreversiblen Farb\u00fcbertragungen (Flecken) f\u00fchren kann. Waschen Sie neue, dunkle Kleidung immer einmal vor dem Gebrauch!<\/li>\n<li>\u274c <span style=\"font-weight: bold;\">NO Elastische Kompression:<\/span> Vermeiden Sie es, enge Kleidungsst\u00fccke (z. B. solche mit elastischen B\u00fcndchen) \u00fcber l\u00e4ngere Zeit zu tragen, da sie dauerhafte Druckstellen hinterlassen k\u00f6nnen.<\/li>\n<li>\u274c <span style=\"font-weight: bold;\">KEINE aggressiven Chemikalien:<\/span> Verwenden Sie keine Produkte, die Alkohol oder scharfe Chemikalien enthalten, auf dem Gesicht der Puppe, da dies den Gesichtsstoff rau machen kann.<\/li>\n<li>\u274c <span style=\"font-weight: bold;\">NO Hand Cream Myth:<\/span> Tragen Sie keine Handcreme oder Lotionen auf das Gesicht der Puppe auf, um es zu \"gl\u00e4tten\", da der Stoff sonst mit der Zeit gelb wird.<\/li>\n<li>\u274c <span style=\"font-weight: bold;\">KEINE dauerhaften Haarspangen:<\/span> Vermeiden Sie es, schweres oder fest sitzendes Haarzubeh\u00f6r zu lange zu schneiden, da dies Dellen hinterlassen kann.<\/li>\n<li>\u274c <span style=\"font-weight: bold;\">KEIN Orange Blush:<\/span> Vermeiden Sie beim Auftragen von Rouge orangefarbene T\u00f6ne, da diese nach dem Verblassen einen bleibenden gelben Fleck hinterlassen.<\/li>\n<\/ul>\n<h3>F: Wird das Haar meiner Puppe durch das Haarnetz sichtbar?<\/h3>\n<p><span style=\"font-weight: bold;\">A:<\/span> Bei bestimmten Haarmaterialien, insbesondere bei gebleichten oder 'krausen' Haaren, ist eine leichte Sichtbarkeit des Haarnetzes normal. Wir sind immer auf der Suche nach besseren Alternativen, aber dies ist typisch f\u00fcr einige hellere Haarmaterialien und hat keinen Einfluss auf das Styling! Puppen mit dunklerem Haar haben normalerweise mehr Volumen.<\/p>\n<\/div>\n<div style=\"margin-bottom: 40px; padding: 20px; border-radius: 10px;\">\n<h2 style=\"color: #e59ca0; font-size: 26px; font-weight: 600; border-bottom: 2px solid #f8e8ec; padding-bottom: 10px; margin-bottom: 20px;\">\ud83d\udee0\ufe0f <span style=\"font-weight: bold;\">Maintenance & Supplies<\/span><\/h2>\n<h3><span style=\"font-weight: bold;\">Artikel der Routinepflege:<\/span><\/h3>\n<div style=\"background-color: #fff7f9; border-left: 5px solid #e59ca0; padding: 15px; margin: 15px 0; border-radius: 5px;\">\n<ol style=\"margin-top: 10px; padding-left: 20px;\">\n<li><span style=\"font-weight: bold;\">Fusselrolle (sehr empfehlenswert!):<\/span> Der n\u00fctzlichste Artikel! Sanft \u00fcber den K\u00f6rper rollen (in eine Richtung), um Staub und Flusen aufzusammeln. <span style=\"font-style: italic;\">(Achtung: Vorsichtig rollen, um den Oberfl\u00e4chenflaum der Puppe nicht anzuheben).<\/span><\/li>\n<li><span style=\"font-weight: bold;\">B\u00fcrste mit feinen Borsten (z. B. Baby- oder Haustierb\u00fcrste):<\/span> Verwenden Sie eine weiche B\u00fcrste mit mehreren Borsten (z. B. eine B\u00fcrste mit zehntausenden Borsten), um das Gesichtsgewebe sanft zu gl\u00e4tten. B\u00fcrsten Sie sanft, um keine Spuren zu hinterlassen.<\/li>\n<li><span style=\"font-weight: bold;\">Err\u00f6ten:<\/span> Unverzichtbar, um das Gesicht Ihrer Puppe zu dekorieren und ihr Leben zu verleihen!<\/li>\n<li><span style=\"font-weight: bold;\">Puppenwaschmittel:<\/span> Gehen Sie sparsam damit um, da eine \u00fcberm\u00e4\u00dfige Anwendung das Obermaterial rau machen kann.<\/li>\n<\/ol>\n<\/div>\n<h3>\ud83e\uddfc <span style=\"font-weight: bold;\">How to Wash Your Doll<\/span><\/h3>\n<p>\u00dcberpr\u00fcfen Sie Ihre Puppe vor dem Waschen auf lose N\u00e4hte oder lose Haarpartien. Zeichnen Sie immer ein Video auf, wenn es Probleme gibt.<\/p>\n<ol style=\"padding-left: 20px;\">\n<li>Verwenden Sie eine kleine Schale mit <span style=\"font-weight: bold;\">lauwarmes oder kaltes Wasser<\/span> mit einer kleinen Menge Weichsp\u00fcler.<\/li>\n<li>Tauchen Sie ein sauberes Einweg-Gesichtshandtuch in die L\u00f6sung und wringen Sie es aus, bis es nur noch <span style=\"font-weight: bold;\">feucht<\/span> (nicht tropfend).<\/li>\n<li>Wischen Sie den K\u00f6rper der Puppe sanft ab. Seien Sie besonders vorsichtig bei bestickten Stellen, da <span style=\"font-weight: bold;\">Schrubben kann zum Ausbluten von Farben f\u00fchren<\/span>.<\/li>\n<li>Tupfen Sie die Oberfl\u00e4che mit einem sauberen, trockenen Handtuch trocken, um \u00fcbersch\u00fcssige Feuchtigkeit aufzunehmen.<\/li>\n<li>Legen Sie Ihre Puppe in eine <span style=\"font-weight: bold;\">k\u00fchler, bel\u00fcfteter Raum<\/span> vollst\u00e4ndig an der Luft trocknen. Nicht im W\u00e4schetrockner oder mit Hitze trocknen.<\/li>\n<\/ol>\n<h3>\u2702\ufe0f <span style=\"font-weight: bold;\">Haarstyling-Tipps<\/span><\/h3>\n<p>Verwenden Sie keine gro\u00dfen Holzk\u00e4mme. Verwenden Sie eine weiche B\u00fcrste, eine Zahnb\u00fcrste oder einen kleinen Haustierkamm, um das Haar zu ordnen. Sie k\u00f6nnen ein wenig Sp\u00fclung oder Wasser zur Befeuchtung verwenden, aber <span style=\"font-weight: bold;\">nicht an den Haaren ziehen oder rei\u00dfen<\/span>.<\/p>\n<\/div>\n<div style=\"margin-bottom: 40px; padding: 20px; border-radius: 10px;\">\n<h2 style=\"color: #e59ca0; font-size: 26px; font-weight: 600; border-bottom: 2px solid #f8e8ec; padding-bottom: 10px; margin-bottom: 20px;\">\ud83d\udccb <span style=\"font-weight: bold;\">Cotton Doll Basics \u2014 A Quick Size & Type Guide<\/span><\/h2>\n<p>Wenn Sie die Grundlagen kennen, k\u00f6nnen Sie den perfekten Freund ausw\u00e4hlen:<\/p>\n<ul style=\"padding-left: 20px;\">\n<li><span style=\"font-weight: bold;\">Baumwollpuppe:<\/span> Ein Pl\u00fcschtier, das vollst\u00e4ndig aus Baumwolle besteht.<\/li>\n<li><span style=\"font-weight: bold;\">Gr\u00f6\u00dfen:<\/span> \u00dcblich sind 5cm, 10cm, 15cm, 20cm, 40cm. (Wir empfehlen 10cm oder 20cm f\u00fcr Anf\u00e4nger!)<\/li>\n<li><span style=\"font-weight: bold;\">K\u00f6rpertypen:<\/span> Zu den g\u00e4ngigen Typen geh\u00f6ren Normal, Chubby, Split-Leg, Starfish usw.<\/li>\n<li><span style=\"font-weight: bold;\">Attribute:<\/span> Puppen k\u00f6nnen sein <span style=\"font-style: italic;\">Zugewiesen<\/span> (basierend auf einem Prominenten, Idol oder einer IP-Figur) oder <span style=\"font-style: italic;\">Nicht zurechenbar<\/span> (rein durch die Kreativit\u00e4t des Autors gestaltet).<\/li>\n<li><span style=\"font-weight: bold;\">Haartypen:<\/span> Zu den Sorten geh\u00f6ren Langes Fell, Kurzes Fell, Normales Fell, Krauses Fell, Milchseide und Hochtemperaturseide. (Regular und Straight Frizzy sind im Allgemeinen am pflegeleichtesten).<\/li>\n<\/ul>\n<\/div>\n<\/div>\n\n\t\t\t\t\t<\/div>\n\t\t\t\t\t\t<\/div>\n\t\t\t\t<\/div>\n\t\t\t\t<\/div>\n\t\t<div class=\"wd-negative-gap elementor-element elementor-element-4a3008c e-flex e-con-boxed e-con e-parent\" data-id=\"4a3008c\" data-element_type=\"container\" data-e-type=\"container\">\n\t\t\t\t\t<div class=\"e-con-inner\">\n\t\t\t\t\t<\/div>\n\t\t\t\t<\/div>\n\t\t\t\t<\/div>","protected":false},"excerpt":{"rendered":"<p>\ud83d\udccb Before You Buy \u2014 What Every Collector Should Know Guide Sizing, care tips, and what to expect when your<\/p>","protected":false},"author":1,"featured_media":0,"parent":0,"menu_order":0,"comment_status":"closed","ping_status":"closed","template":"","meta":{"footnotes":""},"class_list":["post-30846","page","type-page","status-publish","hentry"],"jetpack_sharing_enabled":true,"_links":{"self":[{"href":"https:\/\/cottonland.shop\/de\/wp-json\/wp\/v2\/pages\/30846","targetHints":{"allow":["GET"]}}],"collection":[{"href":"https:\/\/cottonland.shop\/de\/wp-json\/wp\/v2\/pages"}],"about":[{"href":"https:\/\/cottonland.shop\/de\/wp-json\/wp\/v2\/types\/page"}],"author":[{"embeddable":true,"href":"https:\/\/cottonland.shop\/de\/wp-json\/wp\/v2\/users\/1"}],"replies":[{"embeddable":true,"href":"https:\/\/cottonland.shop\/de\/wp-json\/wp\/v2\/comments?post=30846"}],"version-history":[{"count":0,"href":"https:\/\/cottonland.shop\/de\/wp-json\/wp\/v2\/pages\/30846\/revisions"}],"wp:attachment":[{"href":"https:\/\/cottonland.shop\/de\/wp-json\/wp\/v2\/media?parent=30846"}],"curies":[{"name":"wp","href":"https:\/\/api.w.org\/{rel}","templated":true}]}}