{"id":270,"date":"2025-06-15T12:52:41","date_gmt":"2025-06-15T12:52:41","guid":{"rendered":"https:\/\/dummy.xtemos.com\/woodmart2\/kids-elementor\/?post_type=product&#038;p=270"},"modified":"2025-11-12T01:30:32","modified_gmt":"2025-11-12T01:30:32","slug":"love-and-deepspace-sylus-40cm-cotton-doll","status":"publish","type":"product","link":"https:\/\/cottonland.shop\/de\/produkt\/love-and-deepspace-sylus-40cm-cotton-doll\/","title":{"rendered":"Liebe und Deepspace - Sylus 40cm Baumwollpuppe"},"content":{"rendered":"","protected":false},"excerpt":{"rendered":"<p class=\"ds-markdown-paragraph\"><strong>Bearbeitungszeit: 1 Woche<\/strong><br \/>\n<strong>Name: [Liebe und Deepspace - Sylus 40cm Puppe]<\/strong><br \/>\n<strong>Dieser Preis gilt nur f\u00fcr eine 40cm gro\u00dfe nackte Puppe. Outfits sind separat erh\u00e4ltlich.<\/strong><\/p>\n<p class=\"ds-markdown-paragraph\"><strong>Material:<\/strong>\u00a0Kurzer Pl\u00fcsch, gef\u00fcllt mit PP-Baumwolle<br \/>\n<strong>H\u00f6he:<\/strong>\u00a040cm<br \/>\n<strong>K\u00f6rperhaltung:<\/strong>\u00a0Sitzen<br \/>\n<strong>Merkmale:<\/strong>\u00a0Cartoon Gesicht<\/p>\n<p class=\"ds-markdown-paragraph\"><strong>\ud83d\udeab WICHTIG: Dies ist eine Sonderanfertigung. Alle Verk\u00e4ufe sind ENDG\u00dcLTIG. Es werden keine R\u00fcckgaben oder Erstattungen akzeptiert. Bitte \u00fcberpr\u00fcfen Sie die Produktdetails sorgf\u00e4ltig vor dem Kauf.<\/strong><\/p>","protected":false},"featured_media":29292,"comment_status":"open","ping_status":"closed","template":"","meta":[],"product_brand":[112],"product_cat":[116,88],"product_tag":[],"class_list":{"0":"post-270","1":"product","2":"type-product","3":"status-publish","4":"has-post-thumbnail","6":"product_brand-love-and-deepspace","7":"product_cat-cotton-dolls","8":"product_cat-40cm-dolls","9":"product_shipping_class-customized-products-non-returnable","11":"first","12":"instock","13":"shipping-taxable","14":"purchasable","15":"product-type-simple"},"jetpack_sharing_enabled":true,"_links":{"self":[{"href":"https:\/\/cottonland.shop\/de\/wp-json\/wp\/v2\/product\/270","targetHints":{"allow":["GET"]}}],"collection":[{"href":"https:\/\/cottonland.shop\/de\/wp-json\/wp\/v2\/product"}],"about":[{"href":"https:\/\/cottonland.shop\/de\/wp-json\/wp\/v2\/types\/product"}],"replies":[{"embeddable":true,"href":"https:\/\/cottonland.shop\/de\/wp-json\/wp\/v2\/comments?post=270"}],"version-history":[{"count":0,"href":"https:\/\/cottonland.shop\/de\/wp-json\/wp\/v2\/product\/270\/revisions"}],"wp:featuredmedia":[{"embeddable":true,"href":"https:\/\/cottonland.shop\/de\/wp-json\/wp\/v2\/media\/29292"}],"wp:attachment":[{"href":"https:\/\/cottonland.shop\/de\/wp-json\/wp\/v2\/media?parent=270"}],"wp:term":[{"taxonomy":"product_brand","embeddable":true,"href":"https:\/\/cottonland.shop\/de\/wp-json\/wp\/v2\/product_brand?post=270"},{"taxonomy":"product_cat","embeddable":true,"href":"https:\/\/cottonland.shop\/de\/wp-json\/wp\/v2\/product_cat?post=270"},{"taxonomy":"product_tag","embeddable":true,"href":"https:\/\/cottonland.shop\/de\/wp-json\/wp\/v2\/product_tag?post=270"}],"curies":[{"name":"wp","href":"https:\/\/api.w.org\/{rel}","templated":true}]}}