{"id":30396,"date":"2025-11-14T19:19:26","date_gmt":"2025-11-14T19:19:26","guid":{"rendered":"https:\/\/cottonland.shop\/?post_type=product&#038;p=30396"},"modified":"2025-11-20T20:44:57","modified_gmt":"2025-11-20T20:44:57","slug":"denim-cool-kid-20cm-doll-outfit","status":"publish","type":"product","link":"https:\/\/cottonland.shop\/de\/produkt\/denim-cool-kid-20cm-doll-outfit\/","title":{"rendered":"Blue &amp; Black Street Cool F\u00fcnfteiliges Set f\u00fcr 20cm Baumwollpuppe"},"content":{"rendered":"","protected":false},"excerpt":{"rendered":"<p data-start=\"134\" data-end=\"226\"><strong data-start=\"134\" data-end=\"154\">Bearbeitungszeit:<\/strong> <strong data-start=\"155\" data-end=\"167\">5-7 Tage<\/strong><br data-start=\"167\" data-end=\"170\" \/><strong data-start=\"170\" data-end=\"188\">Kompatibilit\u00e4t:<\/strong> Passend f\u00fcr die meisten 20cm Puppen in Stehposition.<\/p>\n<p data-start=\"228\" data-end=\"538\"><strong data-start=\"228\" data-end=\"246\">Handwerkliches K\u00f6nnen:<\/strong> Hochwertige handwerkliche Verarbeitung<br data-start=\"278\" data-end=\"281\" \/><strong data-start=\"281\" data-end=\"293\">Einzelheiten:<\/strong> Dieses gewagte Outfit im Streetstyle ist perfekt f\u00fcr Puppen, die mit einem Mix aus Schwarz- und Blaut\u00f6nen auffallen wollen. Das f\u00fcnfteilige Set enth\u00e4lt alles, was man f\u00fcr einen coolen, trendigen Look braucht, w\u00e4hrend beim vierteiligen Set der Hut f\u00fcr einen schlichteren Stil entfernt wird.<\/p>\n<p data-start=\"540\" data-end=\"584\"><strong data-start=\"540\" data-end=\"549\">Anmerkung:<\/strong> Nur Outfit. Puppe ist nicht enthalten.<\/p>","protected":false},"featured_media":30042,"comment_status":"open","ping_status":"closed","template":"","meta":[],"product_brand":[],"product_cat":[117,83],"product_tag":[],"class_list":{"0":"post-30396","1":"product","2":"type-product","3":"status-publish","4":"has-post-thumbnail","6":"product_cat-doll-outfits-accessories","7":"product_cat-20cm-doll-outfit","9":"first","10":"instock","11":"shipping-taxable","12":"purchasable","13":"product-type-variable"},"jetpack_sharing_enabled":true,"_links":{"self":[{"href":"https:\/\/cottonland.shop\/de\/wp-json\/wp\/v2\/product\/30396","targetHints":{"allow":["GET"]}}],"collection":[{"href":"https:\/\/cottonland.shop\/de\/wp-json\/wp\/v2\/product"}],"about":[{"href":"https:\/\/cottonland.shop\/de\/wp-json\/wp\/v2\/types\/product"}],"replies":[{"embeddable":true,"href":"https:\/\/cottonland.shop\/de\/wp-json\/wp\/v2\/comments?post=30396"}],"version-history":[{"count":0,"href":"https:\/\/cottonland.shop\/de\/wp-json\/wp\/v2\/product\/30396\/revisions"}],"wp:featuredmedia":[{"embeddable":true,"href":"https:\/\/cottonland.shop\/de\/wp-json\/wp\/v2\/media\/30042"}],"wp:attachment":[{"href":"https:\/\/cottonland.shop\/de\/wp-json\/wp\/v2\/media?parent=30396"}],"wp:term":[{"taxonomy":"product_brand","embeddable":true,"href":"https:\/\/cottonland.shop\/de\/wp-json\/wp\/v2\/product_brand?post=30396"},{"taxonomy":"product_cat","embeddable":true,"href":"https:\/\/cottonland.shop\/de\/wp-json\/wp\/v2\/product_cat?post=30396"},{"taxonomy":"product_tag","embeddable":true,"href":"https:\/\/cottonland.shop\/de\/wp-json\/wp\/v2\/product_tag?post=30396"}],"curies":[{"name":"wp","href":"https:\/\/api.w.org\/{rel}","templated":true}]}}