{"id":30397,"date":"2025-11-14T20:14:30","date_gmt":"2025-11-14T20:14:30","guid":{"rendered":"https:\/\/cottonland.shop\/?post_type=product&#038;p=30397"},"modified":"2025-11-20T21:25:25","modified_gmt":"2025-11-20T21:25:25","slug":"midnight-detective-five-pieces-set-for-20cm-cotton-doll","status":"publish","type":"product","link":"https:\/\/cottonland.shop\/de\/produkt\/midnight-detective-five-pieces-set-for-20cm-cotton-doll\/","title":{"rendered":"Mitternachtsdetektiv F\u00fcnfteiliges Set f\u00fcr 20cm Baumwollpuppe"},"content":{"rendered":"","protected":false},"excerpt":{"rendered":"<p data-start=\"182\" data-end=\"377\"><strong data-start=\"182\" data-end=\"202\">Bearbeitungszeit:<\/strong> <strong data-start=\"203\" data-end=\"215\">5-7 Tage<\/strong><br data-start=\"318\" data-end=\"321\" \/><strong data-start=\"321\" data-end=\"339\" data-is-only-node=\"\">Kompatibilit\u00e4t:<\/strong> Passend f\u00fcr die meisten 20cm Puppen in Stehposition.<\/p>\n<p data-start=\"379\" data-end=\"766\"><strong data-start=\"379\" data-end=\"397\">Handwerkliches K\u00f6nnen:<\/strong> Hochwertige handwerkliche Verarbeitung<br data-start=\"462\" data-end=\"465\" \/><strong data-start=\"465\" data-end=\"477\">Einzelheiten:<\/strong> Das Midnight Detective Outfit ist f\u00fcr Puppen gedacht, die es lieben, R\u00e4tsel mit Stil zu l\u00f6sen. Das f\u00fcnfteilige Set enth\u00e4lt alles f\u00fcr einen klassischen Detektiv-Look. Das siebenteilige Deluxe-Komplettset enth\u00e4lt zus\u00e4tzliche Accessoires wie braune Lederschuhe und eine ros\u00e9goldene Metallbrille, um den Look zu vervollst\u00e4ndigen!<\/p>\n<p data-start=\"768\" data-end=\"812\"><strong data-start=\"768\" data-end=\"777\">Anmerkung:<\/strong> Nur Outfit. Puppe ist nicht enthalten.<\/p>","protected":false},"featured_media":30046,"comment_status":"open","ping_status":"closed","template":"","meta":[],"product_brand":[],"product_cat":[117,83],"product_tag":[],"class_list":{"0":"post-30397","1":"product","2":"type-product","3":"status-publish","4":"has-post-thumbnail","6":"product_cat-doll-outfits-accessories","7":"product_cat-20cm-doll-outfit","9":"first","10":"instock","11":"shipping-taxable","12":"purchasable","13":"product-type-variable"},"jetpack_sharing_enabled":true,"_links":{"self":[{"href":"https:\/\/cottonland.shop\/de\/wp-json\/wp\/v2\/product\/30397","targetHints":{"allow":["GET"]}}],"collection":[{"href":"https:\/\/cottonland.shop\/de\/wp-json\/wp\/v2\/product"}],"about":[{"href":"https:\/\/cottonland.shop\/de\/wp-json\/wp\/v2\/types\/product"}],"replies":[{"embeddable":true,"href":"https:\/\/cottonland.shop\/de\/wp-json\/wp\/v2\/comments?post=30397"}],"version-history":[{"count":0,"href":"https:\/\/cottonland.shop\/de\/wp-json\/wp\/v2\/product\/30397\/revisions"}],"wp:featuredmedia":[{"embeddable":true,"href":"https:\/\/cottonland.shop\/de\/wp-json\/wp\/v2\/media\/30046"}],"wp:attachment":[{"href":"https:\/\/cottonland.shop\/de\/wp-json\/wp\/v2\/media?parent=30397"}],"wp:term":[{"taxonomy":"product_brand","embeddable":true,"href":"https:\/\/cottonland.shop\/de\/wp-json\/wp\/v2\/product_brand?post=30397"},{"taxonomy":"product_cat","embeddable":true,"href":"https:\/\/cottonland.shop\/de\/wp-json\/wp\/v2\/product_cat?post=30397"},{"taxonomy":"product_tag","embeddable":true,"href":"https:\/\/cottonland.shop\/de\/wp-json\/wp\/v2\/product_tag?post=30397"}],"curies":[{"name":"wp","href":"https:\/\/api.w.org\/{rel}","templated":true}]}}