{"id":30438,"date":"2025-11-15T23:06:09","date_gmt":"2025-11-15T23:06:09","guid":{"rendered":"https:\/\/cottonland.shop\/?post_type=product&#038;p=30438"},"modified":"2025-11-20T20:43:57","modified_gmt":"2025-11-20T20:43:57","slug":"western-republic-five-pieces-set-for-20cm-cotton-doll","status":"publish","type":"product","link":"https:\/\/cottonland.shop\/de\/produkt\/western-republic-five-pieces-set-for-20cm-cotton-doll\/","title":{"rendered":"Western Gentleman F\u00fcnfteiliges Set f\u00fcr 20cm Baumwollpuppe"},"content":{"rendered":"","protected":false},"excerpt":{"rendered":"<p data-start=\"190\" data-end=\"282\"><strong data-start=\"190\" data-end=\"210\">Bearbeitungszeit:<\/strong> <strong data-start=\"211\" data-end=\"223\">5-7 Tage<\/strong><br data-start=\"223\" data-end=\"226\" \/><strong data-start=\"226\" data-end=\"244\">Kompatibilit\u00e4t:<\/strong> Passend f\u00fcr die meisten 20cm Puppen in Stehposition.<\/p>\n<p data-start=\"284\" data-end=\"597\"><strong data-start=\"284\" data-end=\"302\">Handwerkliches K\u00f6nnen:<\/strong> Hochwertige handwerkliche Verarbeitung<br data-start=\"334\" data-end=\"337\" \/><strong data-start=\"337\" data-end=\"349\">Einzelheiten:<\/strong> Das Western Gentleman Outfit ist perfekt f\u00fcr Puppen mit einem anspruchsvollen, klassischen Stil. Das f\u00fcnfteilige Set verleiht deiner Puppe einen raffinierten Gentleman-Look, w\u00e4hrend das sechsteilige Deluxe-Set mit zus\u00e4tzlichen Accessoires f\u00fcr ein komplettes Gentleman-Ensemble sorgt.<\/p>\n<p data-start=\"599\" data-end=\"643\"><strong data-start=\"599\" data-end=\"608\">Anmerkung:<\/strong> Nur Outfit. Puppe ist nicht enthalten.<\/p>","protected":false},"featured_media":30048,"comment_status":"open","ping_status":"closed","template":"","meta":[],"product_brand":[],"product_cat":[117,83],"product_tag":[],"class_list":{"0":"post-30438","1":"product","2":"type-product","3":"status-publish","4":"has-post-thumbnail","6":"product_cat-doll-outfits-accessories","7":"product_cat-20cm-doll-outfit","9":"first","10":"instock","11":"shipping-taxable","12":"purchasable","13":"product-type-variable"},"jetpack_sharing_enabled":true,"_links":{"self":[{"href":"https:\/\/cottonland.shop\/de\/wp-json\/wp\/v2\/product\/30438","targetHints":{"allow":["GET"]}}],"collection":[{"href":"https:\/\/cottonland.shop\/de\/wp-json\/wp\/v2\/product"}],"about":[{"href":"https:\/\/cottonland.shop\/de\/wp-json\/wp\/v2\/types\/product"}],"replies":[{"embeddable":true,"href":"https:\/\/cottonland.shop\/de\/wp-json\/wp\/v2\/comments?post=30438"}],"version-history":[{"count":0,"href":"https:\/\/cottonland.shop\/de\/wp-json\/wp\/v2\/product\/30438\/revisions"}],"wp:featuredmedia":[{"embeddable":true,"href":"https:\/\/cottonland.shop\/de\/wp-json\/wp\/v2\/media\/30048"}],"wp:attachment":[{"href":"https:\/\/cottonland.shop\/de\/wp-json\/wp\/v2\/media?parent=30438"}],"wp:term":[{"taxonomy":"product_brand","embeddable":true,"href":"https:\/\/cottonland.shop\/de\/wp-json\/wp\/v2\/product_brand?post=30438"},{"taxonomy":"product_cat","embeddable":true,"href":"https:\/\/cottonland.shop\/de\/wp-json\/wp\/v2\/product_cat?post=30438"},{"taxonomy":"product_tag","embeddable":true,"href":"https:\/\/cottonland.shop\/de\/wp-json\/wp\/v2\/product_tag?post=30438"}],"curies":[{"name":"wp","href":"https:\/\/api.w.org\/{rel}","templated":true}]}}