{"id":30443,"date":"2025-11-15T23:49:35","date_gmt":"2025-11-15T23:49:35","guid":{"rendered":"https:\/\/cottonland.shop\/?post_type=product&#038;p=30443"},"modified":"2025-11-20T21:40:53","modified_gmt":"2025-11-20T21:40:53","slug":"glamorous-gold-trimmed-bunny-four-pieces-set-for-20cm-cotton-doll","status":"publish","type":"product","link":"https:\/\/cottonland.shop\/de\/produkt\/glamorous-gold-trimmed-bunny-four-pieces-set-for-20cm-cotton-doll\/","title":{"rendered":"Glamour\u00f6ser goldverzierter Hase Vierteiliges Set f\u00fcr 20cm Baumwollpuppe"},"content":{"rendered":"","protected":false},"excerpt":{"rendered":"<p data-start=\"241\" data-end=\"333\"><strong data-start=\"241\" data-end=\"261\">Bearbeitungszeit:<\/strong> <strong data-start=\"262\" data-end=\"274\">5-7 Tage<\/strong><br data-start=\"274\" data-end=\"277\" \/><strong data-start=\"277\" data-end=\"295\">Kompatibilit\u00e4t:<\/strong> Passend f\u00fcr die meisten 20cm Puppen in Stehposition.<\/p>\n<p data-start=\"335\" data-end=\"749\"><strong data-start=\"335\" data-end=\"353\">Handwerkliches K\u00f6nnen:<\/strong> Hochwertige handwerkliche Verarbeitung<br data-start=\"385\" data-end=\"388\" \/><strong data-start=\"388\" data-end=\"400\">Einzelheiten:<\/strong> Das Glamorous Gold-Trimmed Bunny Set ist perfekt f\u00fcr einen schicken und verspielten Look. Das <strong data-start=\"482\" data-end=\"501\">Vierteiliges Set<\/strong> enth\u00e4lt alles, was man f\u00fcr ein stilvolles, von Hasen inspiriertes Outfit braucht, w\u00e4hrend das <strong data-start=\"577\" data-end=\"596\">F\u00fcnfteiliges Set<\/strong> f\u00fcgt eine elegante Brille f\u00fcr zus\u00e4tzliche Raffinesse hinzu. Die <strong data-start=\"658\" data-end=\"694\">Goldumrandete Doppelkettenbrille<\/strong> bieten ein luxuri\u00f6ses Accessoire zur Vervollst\u00e4ndigung des Looks Ihrer Puppe.<\/p>\n<p data-start=\"751\" data-end=\"795\"><strong data-start=\"751\" data-end=\"760\">Anmerkung:<\/strong> Nur Outfit. Puppe ist nicht enthalten.<\/p>","protected":false},"featured_media":30081,"comment_status":"open","ping_status":"closed","template":"","meta":[],"product_brand":[],"product_cat":[117,83],"product_tag":[],"class_list":{"0":"post-30443","1":"product","2":"type-product","3":"status-publish","4":"has-post-thumbnail","6":"product_cat-doll-outfits-accessories","7":"product_cat-20cm-doll-outfit","9":"first","10":"instock","11":"shipping-taxable","12":"purchasable","13":"product-type-variable"},"jetpack_sharing_enabled":true,"_links":{"self":[{"href":"https:\/\/cottonland.shop\/de\/wp-json\/wp\/v2\/product\/30443","targetHints":{"allow":["GET"]}}],"collection":[{"href":"https:\/\/cottonland.shop\/de\/wp-json\/wp\/v2\/product"}],"about":[{"href":"https:\/\/cottonland.shop\/de\/wp-json\/wp\/v2\/types\/product"}],"replies":[{"embeddable":true,"href":"https:\/\/cottonland.shop\/de\/wp-json\/wp\/v2\/comments?post=30443"}],"version-history":[{"count":0,"href":"https:\/\/cottonland.shop\/de\/wp-json\/wp\/v2\/product\/30443\/revisions"}],"wp:featuredmedia":[{"embeddable":true,"href":"https:\/\/cottonland.shop\/de\/wp-json\/wp\/v2\/media\/30081"}],"wp:attachment":[{"href":"https:\/\/cottonland.shop\/de\/wp-json\/wp\/v2\/media?parent=30443"}],"wp:term":[{"taxonomy":"product_brand","embeddable":true,"href":"https:\/\/cottonland.shop\/de\/wp-json\/wp\/v2\/product_brand?post=30443"},{"taxonomy":"product_cat","embeddable":true,"href":"https:\/\/cottonland.shop\/de\/wp-json\/wp\/v2\/product_cat?post=30443"},{"taxonomy":"product_tag","embeddable":true,"href":"https:\/\/cottonland.shop\/de\/wp-json\/wp\/v2\/product_tag?post=30443"}],"curies":[{"name":"wp","href":"https:\/\/api.w.org\/{rel}","templated":true}]}}