{"id":30470,"date":"2025-11-16T00:08:24","date_gmt":"2025-11-16T00:08:24","guid":{"rendered":"https:\/\/cottonland.shop\/?post_type=product&#038;p=30470"},"modified":"2025-11-20T20:36:46","modified_gmt":"2025-11-20T20:36:46","slug":"temple-ritual-four-pieces-set-for-20cm-cotton-doll","status":"publish","type":"product","link":"https:\/\/cottonland.shop\/de\/produkt\/temple-ritual-four-pieces-set-for-20cm-cotton-doll\/","title":{"rendered":"Temple Ritual Vierer-Set f\u00fcr 20cm Baumwollpuppe"},"content":{"rendered":"","protected":false},"excerpt":{"rendered":"<p data-start=\"183\" data-end=\"275\"><strong data-start=\"183\" data-end=\"203\">Bearbeitungszeit:<\/strong> <strong data-start=\"204\" data-end=\"216\">5-7 Tage<\/strong><br data-start=\"216\" data-end=\"219\" \/><strong data-start=\"219\" data-end=\"237\">Kompatibilit\u00e4t:<\/strong> Passend f\u00fcr die meisten 20cm Puppen in Stehposition.<\/p>\n<p data-start=\"277\" data-end=\"634\"><strong data-start=\"277\" data-end=\"295\">Handwerkliches K\u00f6nnen:<\/strong> Hochwertige handwerkliche Verarbeitung<br data-start=\"327\" data-end=\"330\" \/><strong data-start=\"330\" data-end=\"342\">Einzelheiten:<\/strong> Das Temple Ritual Set verleiht deiner Puppe eine mystische und zeremonielle Ausstrahlung. Die <strong data-start=\"421\" data-end=\"446\">Schwarzes vierteiliges Set<\/strong> ist perfekt f\u00fcr einen dramatischen und eleganten Look, w\u00e4hrend die <strong data-start=\"501\" data-end=\"526\">Wei\u00dfes vierteiliges Set<\/strong> bietet ein weicheres, \u00e4therischeres Aussehen. Beide Sets sind so gestaltet, dass sie ein Gef\u00fchl von Ehrfurcht und Sch\u00f6nheit hervorrufen.<\/p>\n<p data-start=\"636\" data-end=\"680\"><strong data-start=\"636\" data-end=\"645\">Anmerkung:<\/strong> Nur Outfit. Puppe ist nicht enthalten.<\/p>","protected":false},"featured_media":30110,"comment_status":"open","ping_status":"closed","template":"","meta":[],"product_brand":[],"product_cat":[117,83],"product_tag":[],"class_list":{"0":"post-30470","1":"product","2":"type-product","3":"status-publish","4":"has-post-thumbnail","6":"product_cat-doll-outfits-accessories","7":"product_cat-20cm-doll-outfit","9":"first","10":"instock","11":"shipping-taxable","12":"purchasable","13":"product-type-variable"},"jetpack_sharing_enabled":true,"_links":{"self":[{"href":"https:\/\/cottonland.shop\/de\/wp-json\/wp\/v2\/product\/30470","targetHints":{"allow":["GET"]}}],"collection":[{"href":"https:\/\/cottonland.shop\/de\/wp-json\/wp\/v2\/product"}],"about":[{"href":"https:\/\/cottonland.shop\/de\/wp-json\/wp\/v2\/types\/product"}],"replies":[{"embeddable":true,"href":"https:\/\/cottonland.shop\/de\/wp-json\/wp\/v2\/comments?post=30470"}],"version-history":[{"count":0,"href":"https:\/\/cottonland.shop\/de\/wp-json\/wp\/v2\/product\/30470\/revisions"}],"wp:featuredmedia":[{"embeddable":true,"href":"https:\/\/cottonland.shop\/de\/wp-json\/wp\/v2\/media\/30110"}],"wp:attachment":[{"href":"https:\/\/cottonland.shop\/de\/wp-json\/wp\/v2\/media?parent=30470"}],"wp:term":[{"taxonomy":"product_brand","embeddable":true,"href":"https:\/\/cottonland.shop\/de\/wp-json\/wp\/v2\/product_brand?post=30470"},{"taxonomy":"product_cat","embeddable":true,"href":"https:\/\/cottonland.shop\/de\/wp-json\/wp\/v2\/product_cat?post=30470"},{"taxonomy":"product_tag","embeddable":true,"href":"https:\/\/cottonland.shop\/de\/wp-json\/wp\/v2\/product_tag?post=30470"}],"curies":[{"name":"wp","href":"https:\/\/api.w.org\/{rel}","templated":true}]}}