{"id":30491,"date":"2025-11-16T00:31:54","date_gmt":"2025-11-16T00:31:54","guid":{"rendered":"https:\/\/cottonland.shop\/?post_type=product&#038;p=30491"},"modified":"2025-11-17T07:50:05","modified_gmt":"2025-11-17T07:50:05","slug":"daytime-order-uniform-seven-pieces-set-for-20cm-cotton-doll","status":"publish","type":"product","link":"https:\/\/cottonland.shop\/de\/produkt\/daytime-order-uniform-seven-pieces-set-for-20cm-cotton-doll\/","title":{"rendered":"Daytime Order Uniform Siebenteiliges Set f\u00fcr 20cm Baumwollpuppe"},"content":{"rendered":"","protected":false},"excerpt":{"rendered":"<p data-start=\"209\" data-end=\"301\"><strong data-start=\"209\" data-end=\"229\">Bearbeitungszeit:<\/strong> <strong data-start=\"230\" data-end=\"242\">5-7 Tage<\/strong><br data-start=\"242\" data-end=\"245\" \/><strong data-start=\"245\" data-end=\"263\">Kompatibilit\u00e4t:<\/strong> Passend f\u00fcr die meisten 20cm Puppen in Stehposition.<\/p>\n<p data-start=\"303\" data-end=\"614\"><strong data-start=\"303\" data-end=\"321\">Handwerkliches K\u00f6nnen:<\/strong> Hochwertige handwerkliche Verarbeitung<br data-start=\"353\" data-end=\"356\" \/><strong data-start=\"356\" data-end=\"368\">Einzelheiten:<\/strong> Das Daytime Order Uniform Set bietet einen anspruchsvollen und strukturierten Look. Die <strong data-start=\"447\" data-end=\"467\">Siebenteiliges Set<\/strong> enth\u00e4lt alles, was man f\u00fcr eine raffinierte Uniform braucht, w\u00e4hrend die <strong data-start=\"528\" data-end=\"548\">Achtteiliges Set<\/strong> Dazu ein Paar elegante wei\u00dfe Lederschuhe f\u00fcr ein gl\u00e4nzendes Finish.<\/p>\n<p data-start=\"616\" data-end=\"660\"><strong data-start=\"616\" data-end=\"625\">Anmerkung:<\/strong> Nur Outfit. Puppe ist nicht enthalten.<\/p>","protected":false},"featured_media":30137,"comment_status":"open","ping_status":"closed","template":"","meta":[],"product_brand":[],"product_cat":[117,83],"product_tag":[],"class_list":{"0":"post-30491","1":"product","2":"type-product","3":"status-publish","4":"has-post-thumbnail","6":"product_cat-doll-outfits-accessories","7":"product_cat-20cm-doll-outfit","9":"first","10":"instock","11":"shipping-taxable","12":"purchasable","13":"product-type-variable"},"jetpack_sharing_enabled":true,"_links":{"self":[{"href":"https:\/\/cottonland.shop\/de\/wp-json\/wp\/v2\/product\/30491","targetHints":{"allow":["GET"]}}],"collection":[{"href":"https:\/\/cottonland.shop\/de\/wp-json\/wp\/v2\/product"}],"about":[{"href":"https:\/\/cottonland.shop\/de\/wp-json\/wp\/v2\/types\/product"}],"replies":[{"embeddable":true,"href":"https:\/\/cottonland.shop\/de\/wp-json\/wp\/v2\/comments?post=30491"}],"version-history":[{"count":0,"href":"https:\/\/cottonland.shop\/de\/wp-json\/wp\/v2\/product\/30491\/revisions"}],"wp:featuredmedia":[{"embeddable":true,"href":"https:\/\/cottonland.shop\/de\/wp-json\/wp\/v2\/media\/30137"}],"wp:attachment":[{"href":"https:\/\/cottonland.shop\/de\/wp-json\/wp\/v2\/media?parent=30491"}],"wp:term":[{"taxonomy":"product_brand","embeddable":true,"href":"https:\/\/cottonland.shop\/de\/wp-json\/wp\/v2\/product_brand?post=30491"},{"taxonomy":"product_cat","embeddable":true,"href":"https:\/\/cottonland.shop\/de\/wp-json\/wp\/v2\/product_cat?post=30491"},{"taxonomy":"product_tag","embeddable":true,"href":"https:\/\/cottonland.shop\/de\/wp-json\/wp\/v2\/product_tag?post=30491"}],"curies":[{"name":"wp","href":"https:\/\/api.w.org\/{rel}","templated":true}]}}