{"id":30493,"date":"2025-11-16T00:39:48","date_gmt":"2025-11-16T00:39:48","guid":{"rendered":"https:\/\/cottonland.shop\/?post_type=product&#038;p=30493"},"modified":"2025-11-16T01:08:38","modified_gmt":"2025-11-16T01:08:38","slug":"cat-maid-five-pieces-set-for-20cm-cotton-doll","status":"publish","type":"product","link":"https:\/\/cottonland.shop\/de\/produkt\/cat-maid-five-pieces-set-for-20cm-cotton-doll\/","title":{"rendered":"Katzenm\u00e4dchen F\u00fcnfteiliges Set f\u00fcr 20cm Baumwollpuppe"},"content":{"rendered":"","protected":false},"excerpt":{"rendered":"<p data-start=\"188\" data-end=\"280\"><strong data-start=\"188\" data-end=\"208\">Bearbeitungszeit:<\/strong> <strong data-start=\"209\" data-end=\"221\">5-7 Tage<\/strong><br data-start=\"221\" data-end=\"224\" \/><strong data-start=\"224\" data-end=\"242\">Kompatibilit\u00e4t:<\/strong> Passend f\u00fcr die meisten 20cm Puppen in Stehposition.<\/p>\n<p data-start=\"282\" data-end=\"649\"><strong data-start=\"282\" data-end=\"300\">Handwerkliches K\u00f6nnen:<\/strong> Hochwertige handwerkliche Verarbeitung<br data-start=\"332\" data-end=\"335\" \/><strong data-start=\"335\" data-end=\"347\">Einzelheiten:<\/strong> Die <strong data-start=\"352\" data-end=\"364\">Katzenm\u00e4dchen<\/strong> Set verleiht deiner Puppe einen bezaubernden Dienstm\u00e4dchen-Look mit einem liebenswerten katzenhaften Touch. Das <strong data-start=\"445\" data-end=\"475\">Black Maid F\u00fcnfteiliges Set<\/strong> bietet ein klassisches, elegantes schwarzes Dienstm\u00e4dchen-Outfit, w\u00e4hrend die <strong data-start=\"531\" data-end=\"561\">Brown Maid F\u00fcnfteiliges Set<\/strong> pr\u00e4sentiert ein w\u00e4rmeres, weicheres Hausm\u00e4dchen-Aussehen, beide mit viel Liebe zum Detail entworfen.<\/p>\n<p data-start=\"651\" data-end=\"695\"><strong data-start=\"651\" data-end=\"660\">Anmerkung:<\/strong> Nur Outfit. Puppe ist nicht enthalten.<\/p>","protected":false},"featured_media":30153,"comment_status":"open","ping_status":"closed","template":"","meta":[],"product_brand":[],"product_cat":[117,83],"product_tag":[],"class_list":{"0":"post-30493","1":"product","2":"type-product","3":"status-publish","4":"has-post-thumbnail","6":"product_cat-doll-outfits-accessories","7":"product_cat-20cm-doll-outfit","9":"first","10":"instock","11":"shipping-taxable","12":"purchasable","13":"product-type-variable"},"jetpack_sharing_enabled":true,"_links":{"self":[{"href":"https:\/\/cottonland.shop\/de\/wp-json\/wp\/v2\/product\/30493","targetHints":{"allow":["GET"]}}],"collection":[{"href":"https:\/\/cottonland.shop\/de\/wp-json\/wp\/v2\/product"}],"about":[{"href":"https:\/\/cottonland.shop\/de\/wp-json\/wp\/v2\/types\/product"}],"replies":[{"embeddable":true,"href":"https:\/\/cottonland.shop\/de\/wp-json\/wp\/v2\/comments?post=30493"}],"version-history":[{"count":0,"href":"https:\/\/cottonland.shop\/de\/wp-json\/wp\/v2\/product\/30493\/revisions"}],"wp:featuredmedia":[{"embeddable":true,"href":"https:\/\/cottonland.shop\/de\/wp-json\/wp\/v2\/media\/30153"}],"wp:attachment":[{"href":"https:\/\/cottonland.shop\/de\/wp-json\/wp\/v2\/media?parent=30493"}],"wp:term":[{"taxonomy":"product_brand","embeddable":true,"href":"https:\/\/cottonland.shop\/de\/wp-json\/wp\/v2\/product_brand?post=30493"},{"taxonomy":"product_cat","embeddable":true,"href":"https:\/\/cottonland.shop\/de\/wp-json\/wp\/v2\/product_cat?post=30493"},{"taxonomy":"product_tag","embeddable":true,"href":"https:\/\/cottonland.shop\/de\/wp-json\/wp\/v2\/product_tag?post=30493"}],"curies":[{"name":"wp","href":"https:\/\/api.w.org\/{rel}","templated":true}]}}