{"id":30494,"date":"2025-11-16T00:42:23","date_gmt":"2025-11-16T00:42:23","guid":{"rendered":"https:\/\/cottonland.shop\/?post_type=product&#038;p=30494"},"modified":"2025-11-16T01:08:38","modified_gmt":"2025-11-16T01:08:38","slug":"american-suit-six-pieces-set-for-20cm-cotton-doll","status":"publish","type":"product","link":"https:\/\/cottonland.shop\/de\/produkt\/american-suit-six-pieces-set-for-20cm-cotton-doll\/","title":{"rendered":"Amerikanischer Anzug Sechsteiliges Set f\u00fcr 20cm Baumwollpuppe"},"content":{"rendered":"","protected":false},"excerpt":{"rendered":"<p data-start=\"180\" data-end=\"272\"><strong data-start=\"180\" data-end=\"200\">Bearbeitungszeit:<\/strong> <strong data-start=\"201\" data-end=\"213\">5-7 Tage<\/strong><br data-start=\"213\" data-end=\"216\" \/><strong data-start=\"216\" data-end=\"234\">Kompatibilit\u00e4t:<\/strong> Passend f\u00fcr die meisten 20cm Puppen in Stehposition.<\/p>\n<p data-start=\"274\" data-end=\"639\"><strong data-start=\"274\" data-end=\"292\">Handwerkliches K\u00f6nnen:<\/strong> Hochwertige handwerkliche Verarbeitung<br data-start=\"324\" data-end=\"327\" \/><strong data-start=\"327\" data-end=\"339\">Einzelheiten:<\/strong> Die <strong data-start=\"344\" data-end=\"361\">Amerikanischer Anzug<\/strong> Set bietet einen scharfen, stilvollen Look f\u00fcr deine Puppe. Die <strong data-start=\"414\" data-end=\"443\">Sechsteiliges Set (mit Hut)<\/strong> umfasst einen kompletten Anzug mit einem klassischen Hut f\u00fcr ein elegantes, formelles Auftreten. Die <strong data-start=\"523\" data-end=\"542\">F\u00fcnfteiliges Set<\/strong> sorgt f\u00fcr einen stromlinienf\u00f6rmigen Anzug-Look ohne Hut, perfekt f\u00fcr eine elegante Ausstrahlung.<\/p>\n<p data-start=\"641\" data-end=\"685\"><strong data-start=\"641\" data-end=\"650\">Anmerkung:<\/strong> Nur Outfit. Puppe ist nicht enthalten.<\/p>","protected":false},"featured_media":30158,"comment_status":"open","ping_status":"closed","template":"","meta":[],"product_brand":[],"product_cat":[117,83],"product_tag":[],"class_list":{"0":"post-30494","1":"product","2":"type-product","3":"status-publish","4":"has-post-thumbnail","6":"product_cat-doll-outfits-accessories","7":"product_cat-20cm-doll-outfit","9":"first","10":"instock","11":"shipping-taxable","12":"purchasable","13":"product-type-variable"},"jetpack_sharing_enabled":true,"_links":{"self":[{"href":"https:\/\/cottonland.shop\/de\/wp-json\/wp\/v2\/product\/30494","targetHints":{"allow":["GET"]}}],"collection":[{"href":"https:\/\/cottonland.shop\/de\/wp-json\/wp\/v2\/product"}],"about":[{"href":"https:\/\/cottonland.shop\/de\/wp-json\/wp\/v2\/types\/product"}],"replies":[{"embeddable":true,"href":"https:\/\/cottonland.shop\/de\/wp-json\/wp\/v2\/comments?post=30494"}],"version-history":[{"count":0,"href":"https:\/\/cottonland.shop\/de\/wp-json\/wp\/v2\/product\/30494\/revisions"}],"wp:featuredmedia":[{"embeddable":true,"href":"https:\/\/cottonland.shop\/de\/wp-json\/wp\/v2\/media\/30158"}],"wp:attachment":[{"href":"https:\/\/cottonland.shop\/de\/wp-json\/wp\/v2\/media?parent=30494"}],"wp:term":[{"taxonomy":"product_brand","embeddable":true,"href":"https:\/\/cottonland.shop\/de\/wp-json\/wp\/v2\/product_brand?post=30494"},{"taxonomy":"product_cat","embeddable":true,"href":"https:\/\/cottonland.shop\/de\/wp-json\/wp\/v2\/product_cat?post=30494"},{"taxonomy":"product_tag","embeddable":true,"href":"https:\/\/cottonland.shop\/de\/wp-json\/wp\/v2\/product_tag?post=30494"}],"curies":[{"name":"wp","href":"https:\/\/api.w.org\/{rel}","templated":true}]}}