{"id":30540,"date":"2025-11-16T01:20:55","date_gmt":"2025-11-16T01:20:55","guid":{"rendered":"https:\/\/cottonland.shop\/?post_type=product&#038;p=30540"},"modified":"2025-11-20T20:38:05","modified_gmt":"2025-11-20T20:38:05","slug":"midnight-detective-five-pieces-set-for-15cm-cotton-doll","status":"publish","type":"product","link":"https:\/\/cottonland.shop\/de\/produkt\/midnight-detective-five-pieces-set-for-15cm-cotton-doll\/","title":{"rendered":"Mitternachtsdetektiv F\u00fcnfteiliges Set f\u00fcr 15cm Baumwollpuppe"},"content":{"rendered":"","protected":false},"excerpt":{"rendered":"<p data-start=\"152\" data-end=\"244\"><strong data-start=\"152\" data-end=\"172\">Bearbeitungszeit:<\/strong> <strong data-start=\"173\" data-end=\"185\">5-7 Tage<\/strong><br data-start=\"185\" data-end=\"188\" \/><strong data-start=\"188\" data-end=\"206\">Kompatibilit\u00e4t:<\/strong> Passend f\u00fcr die meisten 15cm Puppen in Stehposition.<\/p>\n<p data-start=\"246\" data-end=\"534\"><strong data-start=\"246\" data-end=\"264\">Handwerkliches K\u00f6nnen:<\/strong> Hochwertige handwerkliche Verarbeitung<br data-start=\"296\" data-end=\"299\" \/><strong data-start=\"299\" data-end=\"311\">Einzelheiten:<\/strong> Die <strong data-start=\"316\" data-end=\"338\">Mitternachtsdetektiv<\/strong> Set ist f\u00fcr Puppen gedacht, die gerne R\u00e4tsel mit Stil l\u00f6sen. Die <strong data-start=\"407\" data-end=\"426\">F\u00fcnfteiliges Set<\/strong> enth\u00e4lt alle wichtigen Teile f\u00fcr einen klassischen Detektiv-Look, mit einem Hauch von Raffinesse und Geheimnis.<\/p>\n<p data-start=\"536\" data-end=\"580\"><strong data-start=\"536\" data-end=\"545\">Anmerkung:<\/strong> Nur Outfit. Puppe ist nicht enthalten.<\/p>","protected":false},"featured_media":30255,"comment_status":"open","ping_status":"closed","template":"","meta":[],"product_brand":[],"product_cat":[117,239],"product_tag":[],"class_list":{"0":"post-30540","1":"product","2":"type-product","3":"status-publish","4":"has-post-thumbnail","6":"product_cat-doll-outfits-accessories","7":"product_cat-15cm-doll-outfit","9":"first","10":"instock","11":"shipping-taxable","12":"purchasable","13":"product-type-variable"},"jetpack_sharing_enabled":true,"_links":{"self":[{"href":"https:\/\/cottonland.shop\/de\/wp-json\/wp\/v2\/product\/30540","targetHints":{"allow":["GET"]}}],"collection":[{"href":"https:\/\/cottonland.shop\/de\/wp-json\/wp\/v2\/product"}],"about":[{"href":"https:\/\/cottonland.shop\/de\/wp-json\/wp\/v2\/types\/product"}],"replies":[{"embeddable":true,"href":"https:\/\/cottonland.shop\/de\/wp-json\/wp\/v2\/comments?post=30540"}],"version-history":[{"count":0,"href":"https:\/\/cottonland.shop\/de\/wp-json\/wp\/v2\/product\/30540\/revisions"}],"wp:featuredmedia":[{"embeddable":true,"href":"https:\/\/cottonland.shop\/de\/wp-json\/wp\/v2\/media\/30255"}],"wp:attachment":[{"href":"https:\/\/cottonland.shop\/de\/wp-json\/wp\/v2\/media?parent=30540"}],"wp:term":[{"taxonomy":"product_brand","embeddable":true,"href":"https:\/\/cottonland.shop\/de\/wp-json\/wp\/v2\/product_brand?post=30540"},{"taxonomy":"product_cat","embeddable":true,"href":"https:\/\/cottonland.shop\/de\/wp-json\/wp\/v2\/product_cat?post=30540"},{"taxonomy":"product_tag","embeddable":true,"href":"https:\/\/cottonland.shop\/de\/wp-json\/wp\/v2\/product_tag?post=30540"}],"curies":[{"name":"wp","href":"https:\/\/api.w.org\/{rel}","templated":true}]}}