{"id":30559,"date":"2025-11-16T01:29:47","date_gmt":"2025-11-16T01:29:47","guid":{"rendered":"https:\/\/cottonland.shop\/?post_type=product&#038;p=30559"},"modified":"2025-11-20T20:56:24","modified_gmt":"2025-11-20T20:56:24","slug":"european-christendom-four-pieces-set-for-15cm-cotton-doll","status":"publish","type":"product","link":"https:\/\/cottonland.shop\/de\/produkt\/european-christendom-four-pieces-set-for-15cm-cotton-doll\/","title":{"rendered":"Europ\u00e4isches Christentum Vierteiliges Set f\u00fcr 15cm Baumwollpuppe"},"content":{"rendered":"","protected":false},"excerpt":{"rendered":"<p data-start=\"154\" data-end=\"246\"><strong data-start=\"154\" data-end=\"174\">Bearbeitungszeit:<\/strong> <strong data-start=\"175\" data-end=\"187\">5-7 Tage<\/strong><br data-start=\"187\" data-end=\"190\" \/><strong data-start=\"190\" data-end=\"208\">Kompatibilit\u00e4t:<\/strong> Passend f\u00fcr die meisten 15cm Puppen in Stehposition.<\/p>\n<p data-start=\"248\" data-end=\"553\"><strong data-start=\"248\" data-end=\"266\">Handwerkliches K\u00f6nnen:<\/strong> Hochwertige handwerkliche Verarbeitung<br data-start=\"298\" data-end=\"301\" \/><strong data-start=\"301\" data-end=\"313\">Einzelheiten:<\/strong> Die <strong data-start=\"318\" data-end=\"342\">Europ\u00e4ische Christenheit<\/strong> Set verleiht Ihrer Puppe einen Hauch von zeitloser Eleganz. Die <strong data-start=\"401\" data-end=\"420\">Vierteiliges Set<\/strong> enth\u00e4lt ein klassisches, religi\u00f6s inspiriertes Outfit, das Anmut und Raffinesse ausstrahlt und perfekt f\u00fcr den raffinierten Look deiner Puppe ist.<\/p>\n<p data-start=\"555\" data-end=\"599\"><strong data-start=\"555\" data-end=\"564\">Anmerkung:<\/strong> Nur Outfit. Puppe ist nicht enthalten.<\/p>","protected":false},"featured_media":31287,"comment_status":"open","ping_status":"closed","template":"","meta":[],"product_brand":[],"product_cat":[117,239],"product_tag":[],"class_list":{"0":"post-30559","1":"product","2":"type-product","3":"status-publish","4":"has-post-thumbnail","6":"product_cat-doll-outfits-accessories","7":"product_cat-15cm-doll-outfit","9":"first","10":"instock","11":"shipping-taxable","12":"purchasable","13":"product-type-variable"},"jetpack_sharing_enabled":true,"_links":{"self":[{"href":"https:\/\/cottonland.shop\/de\/wp-json\/wp\/v2\/product\/30559","targetHints":{"allow":["GET"]}}],"collection":[{"href":"https:\/\/cottonland.shop\/de\/wp-json\/wp\/v2\/product"}],"about":[{"href":"https:\/\/cottonland.shop\/de\/wp-json\/wp\/v2\/types\/product"}],"replies":[{"embeddable":true,"href":"https:\/\/cottonland.shop\/de\/wp-json\/wp\/v2\/comments?post=30559"}],"version-history":[{"count":0,"href":"https:\/\/cottonland.shop\/de\/wp-json\/wp\/v2\/product\/30559\/revisions"}],"wp:featuredmedia":[{"embeddable":true,"href":"https:\/\/cottonland.shop\/de\/wp-json\/wp\/v2\/media\/31287"}],"wp:attachment":[{"href":"https:\/\/cottonland.shop\/de\/wp-json\/wp\/v2\/media?parent=30559"}],"wp:term":[{"taxonomy":"product_brand","embeddable":true,"href":"https:\/\/cottonland.shop\/de\/wp-json\/wp\/v2\/product_brand?post=30559"},{"taxonomy":"product_cat","embeddable":true,"href":"https:\/\/cottonland.shop\/de\/wp-json\/wp\/v2\/product_cat?post=30559"},{"taxonomy":"product_tag","embeddable":true,"href":"https:\/\/cottonland.shop\/de\/wp-json\/wp\/v2\/product_tag?post=30559"}],"curies":[{"name":"wp","href":"https:\/\/api.w.org\/{rel}","templated":true}]}}