{"id":30745,"date":"2025-11-17T02:39:11","date_gmt":"2025-11-17T02:39:11","guid":{"rendered":"https:\/\/cottonland.shop\/?post_type=product&#038;p=30745"},"modified":"2025-11-17T02:39:12","modified_gmt":"2025-11-17T02:39:12","slug":"little-bunny-sheriff-fox-agent-series-for-40cm-cotton-doll","status":"publish","type":"product","link":"https:\/\/cottonland.shop\/de\/produkt\/little-bunny-sheriff-fox-agent-series-for-40cm-cotton-doll\/","title":{"rendered":"Little Bunny Sheriff &amp; Fox Agent Serie f\u00fcr 40cm Baumwollpuppe"},"content":{"rendered":"","protected":false},"excerpt":{"rendered":"<p data-start=\"308\" data-end=\"471\"><strong data-start=\"308\" data-end=\"328\">Bearbeitungszeit:<\/strong> <strong data-start=\"329\" data-end=\"341\">5-7 Tage<\/strong><br data-start=\"341\" data-end=\"344\" \/><strong data-start=\"344\" data-end=\"362\">Kompatibilit\u00e4t:<\/strong> Passend f\u00fcr die meisten 40cm Puppen in Stehposition.<br data-start=\"398\" data-end=\"401\" \/><strong data-start=\"401\" data-end=\"412\">H\u00f6he:<\/strong> 40cm<\/p>\n<p data-start=\"473\" data-end=\"950\"><strong data-start=\"473\" data-end=\"491\">Handwerkliches K\u00f6nnen:<\/strong> Hochwertige handwerkliche Verarbeitung<br data-start=\"523\" data-end=\"526\" \/><strong data-start=\"526\" data-end=\"538\">Einzelheiten:<\/strong> Die <strong data-start=\"543\" data-end=\"579\">Kleiner Hase Sheriff &amp; Fuchs-Agent<\/strong> Serie bringt abenteuerliche Stimmung in die Garderobe deiner Puppe. Die <strong data-start=\"641\" data-end=\"681\">Kleiner Hase Sheriff F\u00fcnfteiliges Set<\/strong> und <strong data-start=\"686\" data-end=\"709\">Sechsteiliges Komplettset<\/strong> bieten einen lustigen Sheriff-Look, wobei das vollst\u00e4ndige Set noch mehr Accessoires enth\u00e4lt. Die <strong data-start=\"783\" data-end=\"812\">Fox Agent Vierteiliges Set<\/strong> und <strong data-start=\"817\" data-end=\"841\">F\u00fcnfteiliges Komplettset<\/strong> bieten einen detektivisch inspirierten Look, wobei das komplette Set zus\u00e4tzliche Accessoires f\u00fcr ein komplettes Outfit enth\u00e4lt.<\/p>\n<p data-start=\"952\" data-end=\"1057\"><strong data-start=\"952\" data-end=\"961\">Anmerkung:<\/strong> Dies sind nur Outfits. Die Puppen sind nicht enthalten. Bitte w\u00e4hlen Sie Ihre bevorzugte Version und Stil.<\/p>","protected":false},"featured_media":30622,"comment_status":"open","ping_status":"closed","template":"","meta":[],"product_brand":[],"product_cat":[117,84],"product_tag":[],"class_list":{"0":"post-30745","1":"product","2":"type-product","3":"status-publish","4":"has-post-thumbnail","6":"product_cat-doll-outfits-accessories","7":"product_cat-40cm-doll-outfit","9":"first","10":"instock","11":"shipping-taxable","12":"purchasable","13":"product-type-variable"},"jetpack_sharing_enabled":true,"_links":{"self":[{"href":"https:\/\/cottonland.shop\/de\/wp-json\/wp\/v2\/product\/30745","targetHints":{"allow":["GET"]}}],"collection":[{"href":"https:\/\/cottonland.shop\/de\/wp-json\/wp\/v2\/product"}],"about":[{"href":"https:\/\/cottonland.shop\/de\/wp-json\/wp\/v2\/types\/product"}],"replies":[{"embeddable":true,"href":"https:\/\/cottonland.shop\/de\/wp-json\/wp\/v2\/comments?post=30745"}],"version-history":[{"count":0,"href":"https:\/\/cottonland.shop\/de\/wp-json\/wp\/v2\/product\/30745\/revisions"}],"wp:featuredmedia":[{"embeddable":true,"href":"https:\/\/cottonland.shop\/de\/wp-json\/wp\/v2\/media\/30622"}],"wp:attachment":[{"href":"https:\/\/cottonland.shop\/de\/wp-json\/wp\/v2\/media?parent=30745"}],"wp:term":[{"taxonomy":"product_brand","embeddable":true,"href":"https:\/\/cottonland.shop\/de\/wp-json\/wp\/v2\/product_brand?post=30745"},{"taxonomy":"product_cat","embeddable":true,"href":"https:\/\/cottonland.shop\/de\/wp-json\/wp\/v2\/product_cat?post=30745"},{"taxonomy":"product_tag","embeddable":true,"href":"https:\/\/cottonland.shop\/de\/wp-json\/wp\/v2\/product_tag?post=30745"}],"curies":[{"name":"wp","href":"https:\/\/api.w.org\/{rel}","templated":true}]}}