{"id":30783,"date":"2025-11-17T03:13:39","date_gmt":"2025-11-17T03:13:39","guid":{"rendered":"https:\/\/cottonland.shop\/?post_type=product&#038;p=30783"},"modified":"2025-11-21T02:41:58","modified_gmt":"2025-11-21T02:41:58","slug":"bear-pajamas-10cm-cotton-doll","status":"publish","type":"product","link":"https:\/\/cottonland.shop\/de\/produkt\/bear-pajamas-10cm-cotton-doll\/","title":{"rendered":"B\u00e4r Schlafanzug Dreiteiliges Set f\u00fcr 10cm Baumwollpuppe"},"content":{"rendered":"","protected":false},"excerpt":{"rendered":"<p data-start=\"203\" data-end=\"366\"><strong data-start=\"203\" data-end=\"223\">Bearbeitungszeit:<\/strong> <strong data-start=\"224\" data-end=\"236\">5-7 Tage<\/strong><br data-start=\"236\" data-end=\"239\" \/><strong data-start=\"239\" data-end=\"257\">Kompatibilit\u00e4t:<\/strong> Passend f\u00fcr die meisten 10cm Puppen in Stehposition.<br data-start=\"293\" data-end=\"296\" \/><strong data-start=\"296\" data-end=\"307\">H\u00f6he:<\/strong> 10cm<\/p>\n<p data-start=\"368\" data-end=\"709\"><strong data-start=\"368\" data-end=\"386\">Handwerkliches K\u00f6nnen:<\/strong> Hochwertige handwerkliche Verarbeitung<br data-start=\"418\" data-end=\"421\" \/><strong data-start=\"421\" data-end=\"433\">Einzelheiten:<\/strong> Die <strong data-start=\"438\" data-end=\"454\">B\u00e4r-Pyjamas<\/strong> Set bietet einen gem\u00fctlichen und bezaubernden Look f\u00fcr deine Puppe. Die <strong data-start=\"510\" data-end=\"548\">Blauer B\u00e4r Schlafanzug Dreiteiliges Set<\/strong> enth\u00e4lt ein s\u00fc\u00dfes blaues B\u00e4ren-Pyjama-Outfit, perfekt f\u00fcr einen kuscheligen Look zur Schlafenszeit.<\/p>\n<p data-start=\"711\" data-end=\"755\"><strong data-start=\"711\" data-end=\"720\">Anmerkung:<\/strong> Nur Outfit. Puppe ist nicht enthalten.<\/p>","protected":false},"featured_media":30673,"comment_status":"open","ping_status":"closed","template":"","meta":[],"product_brand":[],"product_cat":[117,81],"product_tag":[],"class_list":{"0":"post-30783","1":"product","2":"type-product","3":"status-publish","4":"has-post-thumbnail","6":"product_cat-doll-outfits-accessories","7":"product_cat-10cm-doll-outfit","9":"first","10":"instock","11":"shipping-taxable","12":"purchasable","13":"product-type-variable"},"jetpack_sharing_enabled":true,"_links":{"self":[{"href":"https:\/\/cottonland.shop\/de\/wp-json\/wp\/v2\/product\/30783","targetHints":{"allow":["GET"]}}],"collection":[{"href":"https:\/\/cottonland.shop\/de\/wp-json\/wp\/v2\/product"}],"about":[{"href":"https:\/\/cottonland.shop\/de\/wp-json\/wp\/v2\/types\/product"}],"replies":[{"embeddable":true,"href":"https:\/\/cottonland.shop\/de\/wp-json\/wp\/v2\/comments?post=30783"}],"version-history":[{"count":0,"href":"https:\/\/cottonland.shop\/de\/wp-json\/wp\/v2\/product\/30783\/revisions"}],"wp:featuredmedia":[{"embeddable":true,"href":"https:\/\/cottonland.shop\/de\/wp-json\/wp\/v2\/media\/30673"}],"wp:attachment":[{"href":"https:\/\/cottonland.shop\/de\/wp-json\/wp\/v2\/media?parent=30783"}],"wp:term":[{"taxonomy":"product_brand","embeddable":true,"href":"https:\/\/cottonland.shop\/de\/wp-json\/wp\/v2\/product_brand?post=30783"},{"taxonomy":"product_cat","embeddable":true,"href":"https:\/\/cottonland.shop\/de\/wp-json\/wp\/v2\/product_cat?post=30783"},{"taxonomy":"product_tag","embeddable":true,"href":"https:\/\/cottonland.shop\/de\/wp-json\/wp\/v2\/product_tag?post=30783"}],"curies":[{"name":"wp","href":"https:\/\/api.w.org\/{rel}","templated":true}]}}