{"id":30792,"date":"2025-11-17T03:25:29","date_gmt":"2025-11-17T03:25:29","guid":{"rendered":"https:\/\/cottonland.shop\/?post_type=product&#038;p=30792"},"modified":"2025-11-17T03:25:29","modified_gmt":"2025-11-17T03:25:29","slug":"cute-monster-strike-four-pieces-set-for-40cm-cotton-doll","status":"publish","type":"product","link":"https:\/\/cottonland.shop\/de\/produkt\/cute-monster-strike-four-pieces-set-for-40cm-cotton-doll\/","title":{"rendered":"Niedliches Monster Strike Vierteiliges Set f\u00fcr 40cm Baumwollpuppe"},"content":{"rendered":"","protected":false},"excerpt":{"rendered":"<p data-start=\"201\" data-end=\"364\"><strong data-start=\"201\" data-end=\"221\">Bearbeitungszeit:<\/strong> <strong data-start=\"222\" data-end=\"234\">5-7 Tage<\/strong><br data-start=\"234\" data-end=\"237\" \/><strong data-start=\"237\" data-end=\"255\">Kompatibilit\u00e4t:<\/strong> Passt f\u00fcr die meisten Puppen in 40 cm Sitzposition.<br data-start=\"291\" data-end=\"294\" \/><strong data-start=\"294\" data-end=\"305\">H\u00f6he:<\/strong> 40cm<\/p>\n<p data-start=\"366\" data-end=\"670\"><strong data-start=\"366\" data-end=\"384\">Handwerkliches K\u00f6nnen:<\/strong> Hochwertige handwerkliche Verarbeitung<br data-start=\"416\" data-end=\"419\" \/><strong data-start=\"419\" data-end=\"431\">Einzelheiten:<\/strong> Die <strong data-start=\"436\" data-end=\"459\">Niedlicher Monster-Streik<\/strong> Set verleiht deiner Puppe eine verspielte, schelmische Ausstrahlung. Die <strong data-start=\"517\" data-end=\"545\">Vierteiliges Set (ohne Hut)<\/strong> enth\u00e4lt ein lustiges Monster-Outfit ohne Hut, w\u00e4hrend das <strong data-start=\"601\" data-end=\"631\">F\u00fcnfteiliges Set (mit Hut)<\/strong> f\u00fcgt einen s\u00fc\u00dfen Hut hinzu, um den Look zu vervollst\u00e4ndigen.<\/p>\n<p data-start=\"672\" data-end=\"941\"><strong data-start=\"672\" data-end=\"681\">Anmerkung:<\/strong> Bitte pr\u00fcfen Sie die Beschreibung sorgf\u00e4ltig. Die <strong data-start=\"737\" data-end=\"756\">Vierteiliges Set<\/strong> enth\u00e4lt keinen Hut, w\u00e4hrend der <strong data-start=\"791\" data-end=\"810\">F\u00fcnfteiliges Set<\/strong> enth\u00e4lt einen Hut. Die Bilder stimmen m\u00f6glicherweise nicht genau mit dem Endprodukt \u00fcberein. Bitte lesen Sie die schriftliche Beschreibung f\u00fcr genaue Details.<\/p>","protected":false},"featured_media":30666,"comment_status":"open","ping_status":"closed","template":"","meta":[],"product_brand":[],"product_cat":[117,84],"product_tag":[],"class_list":{"0":"post-30792","1":"product","2":"type-product","3":"status-publish","4":"has-post-thumbnail","6":"product_cat-doll-outfits-accessories","7":"product_cat-40cm-doll-outfit","9":"first","10":"instock","11":"shipping-taxable","12":"purchasable","13":"product-type-variable"},"jetpack_sharing_enabled":true,"_links":{"self":[{"href":"https:\/\/cottonland.shop\/de\/wp-json\/wp\/v2\/product\/30792","targetHints":{"allow":["GET"]}}],"collection":[{"href":"https:\/\/cottonland.shop\/de\/wp-json\/wp\/v2\/product"}],"about":[{"href":"https:\/\/cottonland.shop\/de\/wp-json\/wp\/v2\/types\/product"}],"replies":[{"embeddable":true,"href":"https:\/\/cottonland.shop\/de\/wp-json\/wp\/v2\/comments?post=30792"}],"version-history":[{"count":0,"href":"https:\/\/cottonland.shop\/de\/wp-json\/wp\/v2\/product\/30792\/revisions"}],"wp:featuredmedia":[{"embeddable":true,"href":"https:\/\/cottonland.shop\/de\/wp-json\/wp\/v2\/media\/30666"}],"wp:attachment":[{"href":"https:\/\/cottonland.shop\/de\/wp-json\/wp\/v2\/media?parent=30792"}],"wp:term":[{"taxonomy":"product_brand","embeddable":true,"href":"https:\/\/cottonland.shop\/de\/wp-json\/wp\/v2\/product_brand?post=30792"},{"taxonomy":"product_cat","embeddable":true,"href":"https:\/\/cottonland.shop\/de\/wp-json\/wp\/v2\/product_cat?post=30792"},{"taxonomy":"product_tag","embeddable":true,"href":"https:\/\/cottonland.shop\/de\/wp-json\/wp\/v2\/product_tag?post=30792"}],"curies":[{"name":"wp","href":"https:\/\/api.w.org\/{rel}","templated":true}]}}