{"id":30945,"date":"2025-11-20T13:53:05","date_gmt":"2025-11-20T13:53:05","guid":{"rendered":"https:\/\/cottonland.shop\/?post_type=product&#038;p=30945"},"modified":"2025-11-21T02:39:55","modified_gmt":"2025-11-21T02:39:55","slug":"vegetable-dungarees-series-set-for-20cm-cotton-doll","status":"publish","type":"product","link":"https:\/\/cottonland.shop\/de\/produkt\/vegetable-dungarees-series-set-for-20cm-cotton-doll\/","title":{"rendered":"Gem\u00fcselatzhose Serie Set f\u00fcr 20cm Baumwollpuppe"},"content":{"rendered":"","protected":false},"excerpt":{"rendered":"<p class=\"ds-markdown-paragraph\"><strong>Bearbeitungszeit:<\/strong>\u00a05-7 Tage<br \/>\n<strong>Kompatibilit\u00e4t:<\/strong>\u00a0Passend f\u00fcr die meisten 20cm Puppen in Stehposition.<br \/>\n<strong>H\u00f6he:<\/strong>\u00a020cm<\/p>\n<p class=\"ds-markdown-paragraph\"><strong>Handwerkliches K\u00f6nnen:<\/strong>\u00a0Hochwertige handwerkliche Verarbeitung<br \/>\n<strong>Einzelheiten:<\/strong>\u00a0Die Gem\u00fcse-Latzhose bringt gesunde Farbe in die Garderobe deiner Puppe. Jedes Outfit verwandelt deine Puppe in einen s\u00fc\u00dfen Gartenliebling. Die verspielten Designs sind in leuchtenden Farben gehalten, die an frisches Gem\u00fcse erinnern. So entsteht ein frischer und energiegeladener Look, der perfekt f\u00fcr Fotoshootings im Fr\u00fchling und Sommer ist.<\/p>\n<p class=\"ds-markdown-paragraph\"><strong>Anmerkung:<\/strong>\u00a0Nur Outfit. Puppe ist nicht enthalten.<\/p>","protected":false},"featured_media":30965,"comment_status":"open","ping_status":"closed","template":"","meta":[],"product_brand":[],"product_cat":[117,83],"product_tag":[],"class_list":{"0":"post-30945","1":"product","2":"type-product","3":"status-publish","4":"has-post-thumbnail","6":"product_cat-doll-outfits-accessories","7":"product_cat-20cm-doll-outfit","9":"first","10":"instock","11":"shipping-taxable","12":"purchasable","13":"product-type-variable"},"jetpack_sharing_enabled":true,"_links":{"self":[{"href":"https:\/\/cottonland.shop\/de\/wp-json\/wp\/v2\/product\/30945","targetHints":{"allow":["GET"]}}],"collection":[{"href":"https:\/\/cottonland.shop\/de\/wp-json\/wp\/v2\/product"}],"about":[{"href":"https:\/\/cottonland.shop\/de\/wp-json\/wp\/v2\/types\/product"}],"replies":[{"embeddable":true,"href":"https:\/\/cottonland.shop\/de\/wp-json\/wp\/v2\/comments?post=30945"}],"version-history":[{"count":0,"href":"https:\/\/cottonland.shop\/de\/wp-json\/wp\/v2\/product\/30945\/revisions"}],"wp:featuredmedia":[{"embeddable":true,"href":"https:\/\/cottonland.shop\/de\/wp-json\/wp\/v2\/media\/30965"}],"wp:attachment":[{"href":"https:\/\/cottonland.shop\/de\/wp-json\/wp\/v2\/media?parent=30945"}],"wp:term":[{"taxonomy":"product_brand","embeddable":true,"href":"https:\/\/cottonland.shop\/de\/wp-json\/wp\/v2\/product_brand?post=30945"},{"taxonomy":"product_cat","embeddable":true,"href":"https:\/\/cottonland.shop\/de\/wp-json\/wp\/v2\/product_cat?post=30945"},{"taxonomy":"product_tag","embeddable":true,"href":"https:\/\/cottonland.shop\/de\/wp-json\/wp\/v2\/product_tag?post=30945"}],"curies":[{"name":"wp","href":"https:\/\/api.w.org\/{rel}","templated":true}]}}