{"id":30846,"date":"2025-11-17T06:22:31","date_gmt":"2025-11-17T06:22:31","guid":{"rendered":"https:\/\/cottonland.shop\/?page_id=30846"},"modified":"2026-03-24T15:25:38","modified_gmt":"2026-03-24T15:25:38","slug":"pre-purchase-guide","status":"publish","type":"page","link":"https:\/\/cottonland.shop\/es\/pre-purchase-guide\/","title":{"rendered":"Gu\u00eda previa a la compra"},"content":{"rendered":"<div data-elementor-type=\"wp-page\" data-elementor-id=\"30846\" class=\"elementor elementor-30846\" data-elementor-post-type=\"page\">\n\t\t\t\t<div class=\"elementor-element elementor-element-00cd32f e-con-full e-flex e-con e-parent\" data-id=\"00cd32f\" data-element_type=\"container\" data-e-type=\"container\">\n\t\t\t\t<div class=\"elementor-element elementor-element-f2086ac elementor-widget elementor-widget-wd_text_block\" data-id=\"f2086ac\" data-element_type=\"widget\" data-e-type=\"widget\" data-widget_type=\"wd_text_block.default\">\n\t\t\t\t<div class=\"elementor-widget-container\">\n\t\t\t\t\t\t\t<div class=\"wd-text-block reset-last-child text-left\">\n\t\t\t\n\t\t\t<div style=\"font-family: 'Poppins', sans-serif, Arial, sans-serif; color: #333; max-width: 1100px; margin: 0 auto; padding: 20px; background-color: #ffffff;\">\n<div style=\"background-color: #f8e8ec; padding: 40px 20px; border-radius: 15px; text-align: center; margin-bottom: 40px; box-shadow: 0 4px 15px rgba(229, 156, 160, 0.2);\">\n<h1 style=\"color: #d67f85; font-size: 38px; font-weight: bold; margin-bottom: 10px;\">\ud83d\udccb Before You Buy \u2014 What Every Collector Should Know Guide<\/h1>\n<p style=\"color: #666; font-size: 18px;\">Sizing, care tips, and what to expect when your doll arrives.\ud83c\udf37<\/p>\n<\/div>\n<div style=\"margin-bottom: 40px; padding: 20px; border-radius: 10px;\">\n<h2 style=\"color: #e59ca0; font-size: 26px; font-weight: 600; border-bottom: 2px solid #f8e8ec; padding-bottom: 10px; margin-bottom: 20px;\">\u2728 <span style=\"font-weight: bold;\">Handcrafted Product Policy<\/span><\/h2>\n<div style=\"background-color: #ffe0e0; border: 2px dashed #e59ca0; padding: 20px; margin-bottom: 30px; border-radius: 10px;\">\n<h3 style=\"color: #d67f85; font-size: 20px; margin-top: 0; margin-bottom: 15px;\">\u26a0\ufe0f <span style=\"font-weight: bold;\">Importante pol\u00edtica de lectura obligatoria:<\/span><\/h3>\n<ol style=\"padding-left: 20px;\">\n<li><span style=\"font-weight: bold;\">Encanto hecho a mano:<\/span> Todas las prendas y accesorios para mu\u00f1ecas se confeccionan a mano. Esto significa que las peque\u00f1as imperfecciones manuales y las sutiles diferencias son inevitables. Permitimos una variaci\u00f3n razonable de <span style=\"font-weight: bold;\">1-3 mm<\/span> en todos nuestros art\u00edculos.<\/li>\n<li><span style=\"font-weight: bold;\">Consistencia del color:<\/span> Debido a las diferencias en la iluminaci\u00f3n de las fotograf\u00edas y la visualizaci\u00f3n en pantalla, puede producirse una ligera aberraci\u00f3n crom\u00e1tica (diferencia de color).<\/li>\n<li><span style=\"font-weight: bold;\">Reclamaciones de calidad:<\/span> Al recibir su paquete, por favor <span style=\"font-weight: bold;\">grabar un v\u00eddeo completo y sin editar de la caja<\/span>. Los problemas de calidad (como da\u00f1os materiales) deben notificarse <span style=\"font-weight: bold;\">en un plazo de 7 d\u00edas<\/span> de la firma\/entrega. Las reclamaciones realizadas despu\u00e9s de este plazo de 7 d\u00edas no podr\u00e1n tramitarse.<\/li>\n<li><span style=\"font-weight: bold;\">Naturaleza personalizada:<\/span> Dado que todos nuestros art\u00edculos se fabrican exclusivamente a medida, no podemos aceptar devoluciones ni cambios por <span style=\"font-weight: bold;\">motivos no relacionados con la calidad<\/span> (por ejemplo, cambio de opini\u00f3n, diferencia de tama\u00f1o\/color percibida).<\/li>\n<\/ol>\n<\/div>\n<\/div>\n<div style=\"margin-bottom: 40px; padding: 20px; border-radius: 10px;\">\n<h2 style=\"color: #e59ca0; font-size: 26px; font-weight: 600; border-bottom: 2px solid #f8e8ec; padding-bottom: 10px; margin-bottom: 20px;\">\u2728 <span style=\"font-weight: bold;\">When Your Doll Arrives<\/span><\/h2>\n<p>Cuando recibas tu mu\u00f1eca, un poco de cuidado y atenci\u00f3n le dar\u00e1n su mejor forma y personalidad.<\/p>\n<div style=\"background-color: #fff7f9; border-left: 5px solid #e59ca0; padding: 15px; margin: 15px 0; border-radius: 5px;\"><span style=\"font-weight: bold; color: #d67f85;\">P: La cara de mi mu\u00f1eca parece aplastada o diferente a la de las fotos. \u00bfQu\u00e9 puedo hacer?<\/span><br \/>\n<span style=\"font-weight: bold; color: #d67f85;\">A:<\/span> No se preocupe. Los largos viajes por correo pueden provocar aplastamientos temporales. S\u00f3lo tienes que darle un suave masaje. Amasa el algod\u00f3n dentro del cuerpo para redistribuir uniformemente el relleno. As\u00ed recuperar\u00e1s la forma perfecta de la cara.<\/div>\n<div style=\"background-color: #fff7f9; border-left: 5px solid #e59ca0; padding: 15px; margin: 15px 0; border-radius: 5px;\"><span style=\"font-weight: bold; color: #d67f85;\">P: Las articulaciones est\u00e1n r\u00edgidas, lo que dificulta la postura de la mu\u00f1eca.<\/span><br \/>\n<span style=\"font-weight: bold; color: #d67f85;\">A:<\/span> Las mu\u00f1ecas reci\u00e9n salidas de f\u00e1brica y transportadas pueden tener la estructura r\u00edgida. Haga primero un poco de \"calistenia\" con su mu\u00f1eca. Mueva suavemente las extremidades hacia arriba, abajo, izquierda y derecha para activar las articulaciones. De este modo, se volver\u00e1n mucho m\u00e1s flexibles. (El armaz\u00f3n es muy resistente y no se romper\u00e1 con movimientos no violentos).<\/div>\n<div style=\"background-color: #fff7f9; border-left: 5px solid #e59ca0; padding: 15px; margin: 15px 0; border-radius: 5px;\"><span style=\"font-weight: bold; color: #d67f85;\">Una nota sobre estilismo:<\/span>Tu mu\u00f1eca llega con \"ajustes de f\u00e1brica\". \u00a1Los preciosos modelos que ves online han sido peinados, cepillados y ruborizados personalmente por Cottonland! Te animamos a que personalices tu mu\u00f1eca. Tambi\u00e9n puede consultar los v\u00eddeos de estilismo de mu\u00f1ecas de algod\u00f3n en YouTube para inspirarse.<\/p>\n<\/div>\n<\/div>\n<div style=\"margin-bottom: 40px; padding: 20px; border-radius: 10px;\">\n<h2 style=\"color: #e59ca0; font-size: 26px; font-weight: 600; border-bottom: 2px solid #f8e8ec; padding-bottom: 10px; margin-bottom: 20px;\">\u2600\ufe0f <span style=\"font-weight: bold;\">Daily Care Guide<\/span><\/h2>\n<p>Mantenga a su amigo de algod\u00f3n en \u00f3ptimas condiciones con estas sencillas reglas:<\/p>\n<h3>\u26a0\ufe0f <span style=\"font-weight: bold;\">(La seguridad ante todo)<\/span><\/h3>\n<ul style=\"padding-left: 20px;\">\n<li>\u274c <span style=\"font-weight: bold;\">NO Herramientas calientes:<\/span> No utilice nunca un secador de pelo caliente en la mu\u00f1eca, ya que podr\u00eda quemar o derretir el tejido facial.<\/li>\n<li>\u274c <span style=\"font-weight: bold;\">NO tomar el sol durante mucho tiempo:<\/span> No deje la mu\u00f1eca expuesta a la luz solar directa durante periodos prolongados (puede deste\u00f1ir). La exposici\u00f3n ocasional al sol, especialmente en zonas h\u00famedas, es buena para ayudar a prevenir los \u00e1caros del polvo y el moho.<\/li>\n<li>\u274c <span style=\"font-weight: bold;\">NO A LA ROPA OSCURA DURANTE MUCHO TIEMPO:<\/span> Evite vestir a su mu\u00f1eca con ropa oscura o de colores intensos durante periodos prolongados, ya que esto puede provocar una transferencia irreversible del color (manchas). \u00a1Lave siempre la ropa nueva y oscura una vez antes de usarla!<\/li>\n<li>\u274c <span style=\"font-weight: bold;\">NO Compresi\u00f3n el\u00e1stica:<\/span> Evite llevar puestas prendas ajustadas (como las de cintura el\u00e1stica) durante mucho tiempo, ya que pueden dejar marcas de presi\u00f3n permanentes.<\/li>\n<li>\u274c <span style=\"font-weight: bold;\">SIN productos qu\u00edmicos agresivos:<\/span> No utilices productos que contengan alcohol o productos qu\u00edmicos agresivos en la cara de la mu\u00f1eca, ya que pueden hacer que el tejido facial se vuelva \u00e1spero.<\/li>\n<li>\u274c <span style=\"font-weight: bold;\">NO al mito de la crema de manos:<\/span> No aplique crema de manos o lociones en la cara de la mu\u00f1eca para \"alisarla\", ya que esto probablemente har\u00e1 que la tela se vuelva amarilla con el tiempo.<\/li>\n<li>\u274c <span style=\"font-weight: bold;\">Clips de pelo NO permanentes:<\/span> Evita sujetar accesorios para el pelo pesados o apretados durante demasiado tiempo, ya que pueden dejar mellas.<\/li>\n<li>\u274c <span style=\"font-weight: bold;\">NO Orange Blush:<\/span> Al aplicar el colorete, evita los tonos anaranjados, ya que tienden a dejar una mancha amarilla permanente despu\u00e9s de desvanecerse.<\/li>\n<\/ul>\n<h3>P: \u00bfSe ver\u00e1 el pelo de mi mu\u00f1eca en la redecilla?<\/h3>\n<p><span style=\"font-weight: bold;\">A:<\/span> En el caso de ciertos materiales capilares, especialmente los decolorados o 'encrespados', es normal que la malla del pelo se vea ligeramente. Siempre estamos buscando mejores alternativas, pero esto es t\u00edpico de algunos tejidos de pelo claro y no afecta al peinado. Las mu\u00f1ecas con el pelo m\u00e1s oscuro suelen tener m\u00e1s volumen.<\/p>\n<\/div>\n<div style=\"margin-bottom: 40px; padding: 20px; border-radius: 10px;\">\n<h2 style=\"color: #e59ca0; font-size: 26px; font-weight: 600; border-bottom: 2px solid #f8e8ec; padding-bottom: 10px; margin-bottom: 20px;\">\ud83d\udee0\ufe0f <span style=\"font-weight: bold;\">Maintenance & Supplies<\/span><\/h2>\n<h3><span style=\"font-weight: bold;\">Art\u00edculos de cuidado rutinario:<\/span><\/h3>\n<div style=\"background-color: #fff7f9; border-left: 5px solid #e59ca0; padding: 15px; margin: 15px 0; border-radius: 5px;\">\n<ol style=\"margin-top: 10px; padding-left: 20px;\">\n<li><span style=\"font-weight: bold;\">Rodillo para pelusas (muy recomendable):<\/span> \u00a1El art\u00edculo m\u00e1s \u00fatil! Pase suavemente sobre el cuerpo (siga una direcci\u00f3n) para recoger el polvo y las pelusas. <span style=\"font-style: italic;\">(Atenci\u00f3n: Pase el rodillo suavemente para no levantar la pelusa de la superficie de la mu\u00f1eca).<\/span><\/li>\n<li><span style=\"font-weight: bold;\">Cepillo de cerdas finas (por ejemplo, cepillo para beb\u00e9s o mascotas):<\/span> Utilice un cepillo suave de cerdas m\u00faltiples (como un cepillo de cerdas de diez mil) para alisar suavemente el tejido facial. Cepille suavemente para evitar dejar marcas.<\/li>\n<li><span style=\"font-weight: bold;\">Rubor:<\/span> Imprescindible para decorar y dar vida a la cara de tu mu\u00f1eca.<\/li>\n<li><span style=\"font-weight: bold;\">Detergente para limpieza de mu\u00f1ecas:<\/span> Utilizar con moderaci\u00f3n, ya que un uso excesivo puede volver \u00e1spera la tela de la cara.<\/li>\n<\/ol>\n<\/div>\n<h3>\ud83e\uddfc <span style=\"font-weight: bold;\">How to Wash Your Doll<\/span><\/h3>\n<p>Antes de lavar la mu\u00f1eca, comprueba que no haya costuras sueltas ni mechones de pelo sueltos. Graba siempre un v\u00eddeo si hay problemas.<\/p>\n<ol style=\"padding-left: 20px;\">\n<li>Utilice un peque\u00f1o recipiente de <span style=\"font-weight: bold;\">agua tibia o fr\u00eda<\/span> con una peque\u00f1a cantidad de suavizante.<\/li>\n<li>Sumerja una toalla facial limpia y desechable en la soluci\u00f3n y esc\u00farrala hasta que quede s\u00f3lo <span style=\"font-weight: bold;\">h\u00famedo<\/span> (sin gotear).<\/li>\n<li>Limpia suavemente el cuerpo de la mu\u00f1eca. Tenga especial cuidado con las zonas bordadas, ya que <span style=\"font-weight: bold;\">fregar puede hacer que los colores desti\u00f1an<\/span>.<\/li>\n<li>Seque la superficie dando golpecitos con una toalla limpia y seca para absorber el exceso de humedad.<\/li>\n<li>Coloque su mu\u00f1eca en un <span style=\"font-weight: bold;\">zona fresca y ventilada<\/span> secar completamente al aire. No secar en secadora ni utilizar calor.<\/li>\n<\/ol>\n<h3>\u2702\ufe0f <span style=\"font-weight: bold;\">Consejos de peluquer\u00eda<\/span><\/h3>\n<p>No utilice peines grandes de madera. Utilice un cepillo suave, un cepillo de dientes o un peine peque\u00f1o para mascotas para organizar el pelo. Puede utilizar un poco de acondicionador o agua para hidratar, pero <span style=\"font-weight: bold;\">no tires del pelo<\/span>.<\/p>\n<\/div>\n<div style=\"margin-bottom: 40px; padding: 20px; border-radius: 10px;\">\n<h2 style=\"color: #e59ca0; font-size: 26px; font-weight: 600; border-bottom: 2px solid #f8e8ec; padding-bottom: 10px; margin-bottom: 20px;\">\ud83d\udccb <span style=\"font-weight: bold;\">Cotton Doll Basics \u2014 A Quick Size & Type Guide<\/span><\/h2>\n<p>Comprender los conceptos b\u00e1sicos le ayudar\u00e1 a elegir al amigo perfecto:<\/p>\n<ul style=\"padding-left: 20px;\">\n<li><span style=\"font-weight: bold;\">Mu\u00f1eca de algod\u00f3n:<\/span> Un peluche fabricado \u00edntegramente con relleno de algod\u00f3n.<\/li>\n<li><span style=\"font-weight: bold;\">Tallas:<\/span> Com\u00fanmente 5cm, 10cm, 15cm, 20cm, 40cm. (Recomendamos 10 cm o 20 cm para los principiantes).<\/li>\n<li><span style=\"font-weight: bold;\">Tipos de cuerpo:<\/span> Los tipos m\u00e1s comunes son Normal, Chubby, Split-Leg, Starfish, etc.<\/li>\n<li><span style=\"font-weight: bold;\">Atributos:<\/span> Las mu\u00f1ecas pueden ser <span style=\"font-style: italic;\">Atribuido<\/span> (basado en una celebridad, \u00eddolo o personaje de la propiedad intelectual) o <span style=\"font-style: italic;\">No atribuido<\/span> (dise\u00f1ado exclusivamente por la creatividad del autor).<\/li>\n<li><span style=\"font-weight: bold;\">Tipos de cabello:<\/span> Las variedades incluyen pelaje largo, pelaje corto, pelaje normal, pelaje crespo, seda de leche y seda de alta temperatura. (Regular y Liso Crespo suelen ser las m\u00e1s f\u00e1ciles de mantener).<\/li>\n<\/ul>\n<\/div>\n<\/div>\n\n\t\t\t\t\t<\/div>\n\t\t\t\t\t\t<\/div>\n\t\t\t\t<\/div>\n\t\t\t\t<\/div>\n\t\t<div class=\"wd-negative-gap elementor-element elementor-element-4a3008c e-flex e-con-boxed e-con e-parent\" data-id=\"4a3008c\" data-element_type=\"container\" data-e-type=\"container\">\n\t\t\t\t\t<div class=\"e-con-inner\">\n\t\t\t\t\t<\/div>\n\t\t\t\t<\/div>\n\t\t\t\t<\/div>","protected":false},"excerpt":{"rendered":"<p>\ud83d\udccb Before You Buy \u2014 What Every Collector Should Know Guide Sizing, care tips, and what to expect when your<\/p>","protected":false},"author":1,"featured_media":0,"parent":0,"menu_order":0,"comment_status":"closed","ping_status":"closed","template":"","meta":{"footnotes":""},"class_list":["post-30846","page","type-page","status-publish","hentry"],"jetpack_sharing_enabled":true,"_links":{"self":[{"href":"https:\/\/cottonland.shop\/es\/wp-json\/wp\/v2\/pages\/30846","targetHints":{"allow":["GET"]}}],"collection":[{"href":"https:\/\/cottonland.shop\/es\/wp-json\/wp\/v2\/pages"}],"about":[{"href":"https:\/\/cottonland.shop\/es\/wp-json\/wp\/v2\/types\/page"}],"author":[{"embeddable":true,"href":"https:\/\/cottonland.shop\/es\/wp-json\/wp\/v2\/users\/1"}],"replies":[{"embeddable":true,"href":"https:\/\/cottonland.shop\/es\/wp-json\/wp\/v2\/comments?post=30846"}],"version-history":[{"count":0,"href":"https:\/\/cottonland.shop\/es\/wp-json\/wp\/v2\/pages\/30846\/revisions"}],"wp:attachment":[{"href":"https:\/\/cottonland.shop\/es\/wp-json\/wp\/v2\/media?parent=30846"}],"curies":[{"name":"wp","href":"https:\/\/api.w.org\/{rel}","templated":true}]}}