{"id":207,"date":"2025-06-15T12:52:28","date_gmt":"2025-06-15T12:52:28","guid":{"rendered":"https:\/\/dummy.xtemos.com\/woodmart2\/kids-elementor\/?post_type=product&#038;p=207"},"modified":"2025-11-17T04:23:29","modified_gmt":"2025-11-17T04:23:29","slug":"clueless-puppy-20cm-doll-outfit","status":"publish","type":"product","link":"https:\/\/cottonland.shop\/es\/producto\/clueless-puppy-20cm-doll-outfit\/","title":{"rendered":"Clueless Puppy Juego de cinco piezas para mu\u00f1eca de algod\u00f3n de 20 cm"},"content":{"rendered":"","protected":false},"excerpt":{"rendered":"<p class=\"ds-markdown-paragraph\"><strong>Tiempo de tramitaci\u00f3n:<\/strong>\u00a03-5 d\u00edas<br \/>\n<strong>Nombre del producto:<\/strong>\u00a0Traje de mu\u00f1eca Clueless Puppy 20cm<br \/>\n<strong>Marca:<\/strong> BuYouBuYou<br \/>\n<strong>Compatibilidad:<\/strong>\u00a0Se adapta a la mayor\u00eda de mu\u00f1ecas de 20 cm con pose de pie.<\/p>\n<p class=\"ds-markdown-paragraph\"><strong>Material:<\/strong>\u00a0Tela de alta calidad<br \/>\n<strong>Tema:<\/strong>\u00a0Diaria y causal<br \/>\n<strong>Detalles:<\/strong>\u00a0Capta una expresi\u00f3n de inocente confusi\u00f3n con este traje encantadoramente sencillo y dulce.<\/p>\n<p class=\"ds-markdown-paragraph\"><strong>Nota:<\/strong>\u00a0S\u00f3lo el conjunto. La mu\u00f1eca no est\u00e1 incluida.<\/p>","protected":false},"featured_media":30824,"comment_status":"open","ping_status":"closed","template":"","meta":[],"product_brand":[],"product_cat":[117,83],"product_tag":[],"class_list":{"0":"post-207","1":"product","2":"type-product","3":"status-publish","4":"has-post-thumbnail","6":"product_cat-doll-outfits-accessories","7":"product_cat-20cm-doll-outfit","9":"first","10":"instock","11":"shipping-taxable","12":"purchasable","13":"product-type-simple"},"jetpack_sharing_enabled":true,"_links":{"self":[{"href":"https:\/\/cottonland.shop\/es\/wp-json\/wp\/v2\/product\/207","targetHints":{"allow":["GET"]}}],"collection":[{"href":"https:\/\/cottonland.shop\/es\/wp-json\/wp\/v2\/product"}],"about":[{"href":"https:\/\/cottonland.shop\/es\/wp-json\/wp\/v2\/types\/product"}],"replies":[{"embeddable":true,"href":"https:\/\/cottonland.shop\/es\/wp-json\/wp\/v2\/comments?post=207"}],"version-history":[{"count":0,"href":"https:\/\/cottonland.shop\/es\/wp-json\/wp\/v2\/product\/207\/revisions"}],"wp:featuredmedia":[{"embeddable":true,"href":"https:\/\/cottonland.shop\/es\/wp-json\/wp\/v2\/media\/30824"}],"wp:attachment":[{"href":"https:\/\/cottonland.shop\/es\/wp-json\/wp\/v2\/media?parent=207"}],"wp:term":[{"taxonomy":"product_brand","embeddable":true,"href":"https:\/\/cottonland.shop\/es\/wp-json\/wp\/v2\/product_brand?post=207"},{"taxonomy":"product_cat","embeddable":true,"href":"https:\/\/cottonland.shop\/es\/wp-json\/wp\/v2\/product_cat?post=207"},{"taxonomy":"product_tag","embeddable":true,"href":"https:\/\/cottonland.shop\/es\/wp-json\/wp\/v2\/product_tag?post=207"}],"curies":[{"name":"wp","href":"https:\/\/api.w.org\/{rel}","templated":true}]}}