{"id":279,"date":"2025-06-15T12:52:41","date_gmt":"2025-06-15T12:52:41","guid":{"rendered":"https:\/\/dummy.xtemos.com\/woodmart2\/kids-elementor\/?post_type=product&#038;p=279"},"modified":"2025-11-17T04:13:34","modified_gmt":"2025-11-17T04:13:34","slug":"love-and-deepspace-little-rafayel-20cm-cotton-doll","status":"publish","type":"product","link":"https:\/\/cottonland.shop\/es\/producto\/love-and-deepspace-little-rafayel-20cm-cotton-doll\/","title":{"rendered":"Love and Deepspace - Peque\u00f1o Rafayel 20cm Mu\u00f1eca de Algod\u00f3n"},"content":{"rendered":"","protected":false},"excerpt":{"rendered":"<p class=\"ds-markdown-paragraph\"><strong>Tiempo de tramitaci\u00f3n:<\/strong> 4-7 d\u00edas<br \/>\n<strong>Nombre del producto:<\/strong>\u00a0Amor y espacio profundo Mu\u00f1equita Rafayel 20cm<br \/>\n<strong>Este precio es s\u00f3lo para una mu\u00f1eca desnuda de 20 cm. Los conjuntos se venden por separado.<\/strong><\/p>\n<p class=\"ds-markdown-paragraph\"><strong>Material:<\/strong>\u00a0Terciopelo cristal, algod\u00f3n relleno<br \/>\n<strong>Altura:<\/strong>\u00a020 cm<br \/>\n<strong>Poseabilidad:<\/strong>\u00a0S\u00ed, con esqueleto de alambre flexible<br \/>\n<strong>Caracter\u00edsticas:<\/strong>\u00a0Cara de dibujo animado, cuerpo posable<br \/>\n<strong>Color de pelo:<\/strong>\u00a0Morado<\/p>","protected":false},"featured_media":30815,"comment_status":"open","ping_status":"closed","template":"","meta":[],"product_brand":[112],"product_cat":[116,85],"product_tag":[],"class_list":{"0":"post-279","1":"product","2":"type-product","3":"status-publish","4":"has-post-thumbnail","6":"product_brand-love-and-deepspace","7":"product_cat-cotton-dolls","8":"product_cat-20cm-dolls","9":"product_shipping_class-standard-products","11":"first","12":"instock","13":"shipping-taxable","14":"purchasable","15":"product-type-simple"},"jetpack_sharing_enabled":true,"_links":{"self":[{"href":"https:\/\/cottonland.shop\/es\/wp-json\/wp\/v2\/product\/279","targetHints":{"allow":["GET"]}}],"collection":[{"href":"https:\/\/cottonland.shop\/es\/wp-json\/wp\/v2\/product"}],"about":[{"href":"https:\/\/cottonland.shop\/es\/wp-json\/wp\/v2\/types\/product"}],"replies":[{"embeddable":true,"href":"https:\/\/cottonland.shop\/es\/wp-json\/wp\/v2\/comments?post=279"}],"version-history":[{"count":0,"href":"https:\/\/cottonland.shop\/es\/wp-json\/wp\/v2\/product\/279\/revisions"}],"wp:featuredmedia":[{"embeddable":true,"href":"https:\/\/cottonland.shop\/es\/wp-json\/wp\/v2\/media\/30815"}],"wp:attachment":[{"href":"https:\/\/cottonland.shop\/es\/wp-json\/wp\/v2\/media?parent=279"}],"wp:term":[{"taxonomy":"product_brand","embeddable":true,"href":"https:\/\/cottonland.shop\/es\/wp-json\/wp\/v2\/product_brand?post=279"},{"taxonomy":"product_cat","embeddable":true,"href":"https:\/\/cottonland.shop\/es\/wp-json\/wp\/v2\/product_cat?post=279"},{"taxonomy":"product_tag","embeddable":true,"href":"https:\/\/cottonland.shop\/es\/wp-json\/wp\/v2\/product_tag?post=279"}],"curies":[{"name":"wp","href":"https:\/\/api.w.org\/{rel}","templated":true}]}}