{"id":30396,"date":"2025-11-14T19:19:26","date_gmt":"2025-11-14T19:19:26","guid":{"rendered":"https:\/\/cottonland.shop\/?post_type=product&#038;p=30396"},"modified":"2025-11-20T20:44:57","modified_gmt":"2025-11-20T20:44:57","slug":"denim-cool-kid-20cm-doll-outfit","status":"publish","type":"product","link":"https:\/\/cottonland.shop\/es\/producto\/denim-cool-kid-20cm-doll-outfit\/","title":{"rendered":"Set de cinco piezas Street Cool azul y negro para mu\u00f1eca de algod\u00f3n de 20 cm"},"content":{"rendered":"","protected":false},"excerpt":{"rendered":"<p data-start=\"134\" data-end=\"226\"><strong data-start=\"134\" data-end=\"154\">Tiempo de tramitaci\u00f3n:<\/strong> <strong data-start=\"155\" data-end=\"167\">5-7 d\u00edas<\/strong><br data-start=\"167\" data-end=\"170\" \/><strong data-start=\"170\" data-end=\"188\">Compatibilidad:<\/strong> Se adapta a la mayor\u00eda de mu\u00f1ecas de 20 cm con pose de pie.<\/p>\n<p data-start=\"228\" data-end=\"538\"><strong data-start=\"228\" data-end=\"246\">Artesan\u00eda:<\/strong> Artesan\u00eda de alta gama hecha a mano<br data-start=\"278\" data-end=\"281\" \/><strong data-start=\"281\" data-end=\"293\">Detalles:<\/strong> Este atrevido conjunto de estilo callejero es perfecto para las mu\u00f1ecas que buscan destacar con una mezcla de tonos negros y azules. El conjunto de cinco piezas incluye todo lo necesario para un look fresco y a la \u00faltima, mientras que el conjunto de cuatro piezas elimina la gorra para un estilo m\u00e1s sencillo.<\/p>\n<p data-start=\"540\" data-end=\"584\"><strong data-start=\"540\" data-end=\"549\">Nota:<\/strong> S\u00f3lo el conjunto. La mu\u00f1eca no est\u00e1 incluida.<\/p>","protected":false},"featured_media":30042,"comment_status":"open","ping_status":"closed","template":"","meta":[],"product_brand":[],"product_cat":[117,83],"product_tag":[],"class_list":{"0":"post-30396","1":"product","2":"type-product","3":"status-publish","4":"has-post-thumbnail","6":"product_cat-doll-outfits-accessories","7":"product_cat-20cm-doll-outfit","9":"first","10":"instock","11":"shipping-taxable","12":"purchasable","13":"product-type-variable"},"jetpack_sharing_enabled":true,"_links":{"self":[{"href":"https:\/\/cottonland.shop\/es\/wp-json\/wp\/v2\/product\/30396","targetHints":{"allow":["GET"]}}],"collection":[{"href":"https:\/\/cottonland.shop\/es\/wp-json\/wp\/v2\/product"}],"about":[{"href":"https:\/\/cottonland.shop\/es\/wp-json\/wp\/v2\/types\/product"}],"replies":[{"embeddable":true,"href":"https:\/\/cottonland.shop\/es\/wp-json\/wp\/v2\/comments?post=30396"}],"version-history":[{"count":0,"href":"https:\/\/cottonland.shop\/es\/wp-json\/wp\/v2\/product\/30396\/revisions"}],"wp:featuredmedia":[{"embeddable":true,"href":"https:\/\/cottonland.shop\/es\/wp-json\/wp\/v2\/media\/30042"}],"wp:attachment":[{"href":"https:\/\/cottonland.shop\/es\/wp-json\/wp\/v2\/media?parent=30396"}],"wp:term":[{"taxonomy":"product_brand","embeddable":true,"href":"https:\/\/cottonland.shop\/es\/wp-json\/wp\/v2\/product_brand?post=30396"},{"taxonomy":"product_cat","embeddable":true,"href":"https:\/\/cottonland.shop\/es\/wp-json\/wp\/v2\/product_cat?post=30396"},{"taxonomy":"product_tag","embeddable":true,"href":"https:\/\/cottonland.shop\/es\/wp-json\/wp\/v2\/product_tag?post=30396"}],"curies":[{"name":"wp","href":"https:\/\/api.w.org\/{rel}","templated":true}]}}