{"id":30397,"date":"2025-11-14T20:14:30","date_gmt":"2025-11-14T20:14:30","guid":{"rendered":"https:\/\/cottonland.shop\/?post_type=product&#038;p=30397"},"modified":"2025-11-20T21:25:25","modified_gmt":"2025-11-20T21:25:25","slug":"midnight-detective-five-pieces-set-for-20cm-cotton-doll","status":"publish","type":"product","link":"https:\/\/cottonland.shop\/es\/producto\/midnight-detective-five-pieces-set-for-20cm-cotton-doll\/","title":{"rendered":"Midnight Detective Juego de cinco piezas para mu\u00f1eca de algod\u00f3n de 20 cm"},"content":{"rendered":"","protected":false},"excerpt":{"rendered":"<p data-start=\"182\" data-end=\"377\"><strong data-start=\"182\" data-end=\"202\">Tiempo de tramitaci\u00f3n:<\/strong> <strong data-start=\"203\" data-end=\"215\">5-7 d\u00edas<\/strong><br data-start=\"318\" data-end=\"321\" \/><strong data-start=\"321\" data-end=\"339\" data-is-only-node=\"\">Compatibilidad:<\/strong> Se adapta a la mayor\u00eda de mu\u00f1ecas de 20 cm con pose de pie.<\/p>\n<p data-start=\"379\" data-end=\"766\"><strong data-start=\"379\" data-end=\"397\">Artesan\u00eda:<\/strong> Artesan\u00eda de alta gama hecha a mano<br data-start=\"462\" data-end=\"465\" \/><strong data-start=\"465\" data-end=\"477\">Detalles:<\/strong> El traje de detective de medianoche est\u00e1 dise\u00f1ado para mu\u00f1ecas a las que les encanta resolver misterios con estilo. El set de cinco piezas incluye todo lo necesario para un look de detective cl\u00e1sico. El set completo de lujo de siete piezas a\u00f1ade accesorios adicionales, como zapatos de cuero marr\u00f3n y gafas met\u00e1licas de oro rosa, \u00a1para completar el look!<\/p>\n<p data-start=\"768\" data-end=\"812\"><strong data-start=\"768\" data-end=\"777\">Nota:<\/strong> S\u00f3lo el conjunto. La mu\u00f1eca no est\u00e1 incluida.<\/p>","protected":false},"featured_media":30046,"comment_status":"open","ping_status":"closed","template":"","meta":[],"product_brand":[],"product_cat":[117,83],"product_tag":[],"class_list":{"0":"post-30397","1":"product","2":"type-product","3":"status-publish","4":"has-post-thumbnail","6":"product_cat-doll-outfits-accessories","7":"product_cat-20cm-doll-outfit","9":"first","10":"instock","11":"shipping-taxable","12":"purchasable","13":"product-type-variable"},"jetpack_sharing_enabled":true,"_links":{"self":[{"href":"https:\/\/cottonland.shop\/es\/wp-json\/wp\/v2\/product\/30397","targetHints":{"allow":["GET"]}}],"collection":[{"href":"https:\/\/cottonland.shop\/es\/wp-json\/wp\/v2\/product"}],"about":[{"href":"https:\/\/cottonland.shop\/es\/wp-json\/wp\/v2\/types\/product"}],"replies":[{"embeddable":true,"href":"https:\/\/cottonland.shop\/es\/wp-json\/wp\/v2\/comments?post=30397"}],"version-history":[{"count":0,"href":"https:\/\/cottonland.shop\/es\/wp-json\/wp\/v2\/product\/30397\/revisions"}],"wp:featuredmedia":[{"embeddable":true,"href":"https:\/\/cottonland.shop\/es\/wp-json\/wp\/v2\/media\/30046"}],"wp:attachment":[{"href":"https:\/\/cottonland.shop\/es\/wp-json\/wp\/v2\/media?parent=30397"}],"wp:term":[{"taxonomy":"product_brand","embeddable":true,"href":"https:\/\/cottonland.shop\/es\/wp-json\/wp\/v2\/product_brand?post=30397"},{"taxonomy":"product_cat","embeddable":true,"href":"https:\/\/cottonland.shop\/es\/wp-json\/wp\/v2\/product_cat?post=30397"},{"taxonomy":"product_tag","embeddable":true,"href":"https:\/\/cottonland.shop\/es\/wp-json\/wp\/v2\/product_tag?post=30397"}],"curies":[{"name":"wp","href":"https:\/\/api.w.org\/{rel}","templated":true}]}}