{"id":30438,"date":"2025-11-15T23:06:09","date_gmt":"2025-11-15T23:06:09","guid":{"rendered":"https:\/\/cottonland.shop\/?post_type=product&#038;p=30438"},"modified":"2025-11-20T20:43:57","modified_gmt":"2025-11-20T20:43:57","slug":"western-republic-five-pieces-set-for-20cm-cotton-doll","status":"publish","type":"product","link":"https:\/\/cottonland.shop\/es\/producto\/western-republic-five-pieces-set-for-20cm-cotton-doll\/","title":{"rendered":"Set de cinco piezas de caballero del Oeste para mu\u00f1eca de algod\u00f3n de 20 cm"},"content":{"rendered":"","protected":false},"excerpt":{"rendered":"<p data-start=\"190\" data-end=\"282\"><strong data-start=\"190\" data-end=\"210\">Tiempo de tramitaci\u00f3n:<\/strong> <strong data-start=\"211\" data-end=\"223\">5-7 d\u00edas<\/strong><br data-start=\"223\" data-end=\"226\" \/><strong data-start=\"226\" data-end=\"244\">Compatibilidad:<\/strong> Se adapta a la mayor\u00eda de mu\u00f1ecas de 20 cm con pose de pie.<\/p>\n<p data-start=\"284\" data-end=\"597\"><strong data-start=\"284\" data-end=\"302\">Artesan\u00eda:<\/strong> Artesan\u00eda de alta gama hecha a mano<br data-start=\"334\" data-end=\"337\" \/><strong data-start=\"337\" data-end=\"349\">Detalles:<\/strong> El conjunto Caballero del Oeste es perfecto para mu\u00f1ecas con un estilo cl\u00e1sico y sofisticado. El conjunto de cinco piezas da a tu mu\u00f1eca un aspecto refinado y caballeroso, mientras que el conjunto de lujo de seis piezas a\u00f1ade accesorios adicionales para un conjunto de caballero m\u00e1s completo.<\/p>\n<p data-start=\"599\" data-end=\"643\"><strong data-start=\"599\" data-end=\"608\">Nota:<\/strong> S\u00f3lo el conjunto. La mu\u00f1eca no est\u00e1 incluida.<\/p>","protected":false},"featured_media":30048,"comment_status":"open","ping_status":"closed","template":"","meta":[],"product_brand":[],"product_cat":[117,83],"product_tag":[],"class_list":{"0":"post-30438","1":"product","2":"type-product","3":"status-publish","4":"has-post-thumbnail","6":"product_cat-doll-outfits-accessories","7":"product_cat-20cm-doll-outfit","9":"first","10":"instock","11":"shipping-taxable","12":"purchasable","13":"product-type-variable"},"jetpack_sharing_enabled":true,"_links":{"self":[{"href":"https:\/\/cottonland.shop\/es\/wp-json\/wp\/v2\/product\/30438","targetHints":{"allow":["GET"]}}],"collection":[{"href":"https:\/\/cottonland.shop\/es\/wp-json\/wp\/v2\/product"}],"about":[{"href":"https:\/\/cottonland.shop\/es\/wp-json\/wp\/v2\/types\/product"}],"replies":[{"embeddable":true,"href":"https:\/\/cottonland.shop\/es\/wp-json\/wp\/v2\/comments?post=30438"}],"version-history":[{"count":0,"href":"https:\/\/cottonland.shop\/es\/wp-json\/wp\/v2\/product\/30438\/revisions"}],"wp:featuredmedia":[{"embeddable":true,"href":"https:\/\/cottonland.shop\/es\/wp-json\/wp\/v2\/media\/30048"}],"wp:attachment":[{"href":"https:\/\/cottonland.shop\/es\/wp-json\/wp\/v2\/media?parent=30438"}],"wp:term":[{"taxonomy":"product_brand","embeddable":true,"href":"https:\/\/cottonland.shop\/es\/wp-json\/wp\/v2\/product_brand?post=30438"},{"taxonomy":"product_cat","embeddable":true,"href":"https:\/\/cottonland.shop\/es\/wp-json\/wp\/v2\/product_cat?post=30438"},{"taxonomy":"product_tag","embeddable":true,"href":"https:\/\/cottonland.shop\/es\/wp-json\/wp\/v2\/product_tag?post=30438"}],"curies":[{"name":"wp","href":"https:\/\/api.w.org\/{rel}","templated":true}]}}