{"id":30439,"date":"2025-11-15T23:15:43","date_gmt":"2025-11-15T23:15:43","guid":{"rendered":"https:\/\/cottonland.shop\/?post_type=product&#038;p=30439"},"modified":"2025-11-20T21:40:22","modified_gmt":"2025-11-20T21:40:22","slug":"autumn-sweater-messenger-seven-pieces-set-for-20cm-cotton-doll","status":"publish","type":"product","link":"https:\/\/cottonland.shop\/es\/producto\/autumn-sweater-messenger-seven-pieces-set-for-20cm-cotton-doll\/","title":{"rendered":"Sudadera de oto\u00f1o Messenger Set de siete piezas para mu\u00f1eca de algod\u00f3n de 20cm"},"content":{"rendered":"","protected":false},"excerpt":{"rendered":"<p data-start=\"270\" data-end=\"362\"><strong data-start=\"270\" data-end=\"290\">Tiempo de tramitaci\u00f3n:<\/strong> <strong data-start=\"291\" data-end=\"303\">5-7 d\u00edas<\/strong><br data-start=\"303\" data-end=\"306\" \/><strong data-start=\"306\" data-end=\"324\">Compatibilidad:<\/strong> Se adapta a la mayor\u00eda de mu\u00f1ecas de 20 cm con pose de pie.<\/p>\n<p data-start=\"364\" data-end=\"762\"><strong data-start=\"364\" data-end=\"382\">Artesan\u00eda:<\/strong> Artesan\u00eda de alta gama hecha a mano<br data-start=\"414\" data-end=\"417\" \/><strong data-start=\"417\" data-end=\"429\">Detalles:<\/strong> El set Autumn Sweater Messenger aporta un aire acogedor y elegante perfecto para el oto\u00f1o. El set de siete piezas incluye todo lo necesario para un look messenger chic. En <strong data-start=\"588\" data-end=\"615\">Gafas met\u00e1licas de oro rosa<\/strong> a\u00f1ade un toque elegante, mientras que la versi\u00f3n <strong data-start=\"657\" data-end=\"687\">Gafas met\u00e1licas con montura negra<\/strong> ofrece un estilo m\u00e1s moderno, completando el conjunto de inspiraci\u00f3n oto\u00f1al.<\/p>\n<p data-start=\"764\" data-end=\"808\"><strong data-start=\"764\" data-end=\"773\">Nota:<\/strong> S\u00f3lo el conjunto. La mu\u00f1eca no est\u00e1 incluida.<\/p>","protected":false},"featured_media":30055,"comment_status":"open","ping_status":"closed","template":"","meta":[],"product_brand":[],"product_cat":[117,83],"product_tag":[],"class_list":{"0":"post-30439","1":"product","2":"type-product","3":"status-publish","4":"has-post-thumbnail","6":"product_cat-doll-outfits-accessories","7":"product_cat-20cm-doll-outfit","9":"first","10":"instock","11":"shipping-taxable","12":"purchasable","13":"product-type-variable"},"jetpack_sharing_enabled":true,"_links":{"self":[{"href":"https:\/\/cottonland.shop\/es\/wp-json\/wp\/v2\/product\/30439","targetHints":{"allow":["GET"]}}],"collection":[{"href":"https:\/\/cottonland.shop\/es\/wp-json\/wp\/v2\/product"}],"about":[{"href":"https:\/\/cottonland.shop\/es\/wp-json\/wp\/v2\/types\/product"}],"replies":[{"embeddable":true,"href":"https:\/\/cottonland.shop\/es\/wp-json\/wp\/v2\/comments?post=30439"}],"version-history":[{"count":0,"href":"https:\/\/cottonland.shop\/es\/wp-json\/wp\/v2\/product\/30439\/revisions"}],"wp:featuredmedia":[{"embeddable":true,"href":"https:\/\/cottonland.shop\/es\/wp-json\/wp\/v2\/media\/30055"}],"wp:attachment":[{"href":"https:\/\/cottonland.shop\/es\/wp-json\/wp\/v2\/media?parent=30439"}],"wp:term":[{"taxonomy":"product_brand","embeddable":true,"href":"https:\/\/cottonland.shop\/es\/wp-json\/wp\/v2\/product_brand?post=30439"},{"taxonomy":"product_cat","embeddable":true,"href":"https:\/\/cottonland.shop\/es\/wp-json\/wp\/v2\/product_cat?post=30439"},{"taxonomy":"product_tag","embeddable":true,"href":"https:\/\/cottonland.shop\/es\/wp-json\/wp\/v2\/product_tag?post=30439"}],"curies":[{"name":"wp","href":"https:\/\/api.w.org\/{rel}","templated":true}]}}