{"id":30440,"date":"2025-11-15T23:32:11","date_gmt":"2025-11-15T23:32:11","guid":{"rendered":"https:\/\/cottonland.shop\/?post_type=product&#038;p=30440"},"modified":"2025-11-20T17:40:18","modified_gmt":"2025-11-20T17:40:18","slug":"christmas-carol-series-three-pieces-set-for-20cm-cotton-doll","status":"publish","type":"product","link":"https:\/\/cottonland.shop\/es\/producto\/christmas-carol-series-three-pieces-set-for-20cm-cotton-doll\/","title":{"rendered":"Juego de tres piezas de la serie Cuento de Navidad para mu\u00f1eca de algod\u00f3n de 20 cm"},"content":{"rendered":"","protected":false},"excerpt":{"rendered":"<p data-start=\"276\" data-end=\"368\"><strong data-start=\"276\" data-end=\"296\">Tiempo de tramitaci\u00f3n:<\/strong> <strong data-start=\"297\" data-end=\"309\">5-7 d\u00edas<\/strong><br data-start=\"309\" data-end=\"312\" \/><strong data-start=\"312\" data-end=\"330\">Compatibilidad:<\/strong> Se adapta a la mayor\u00eda de mu\u00f1ecas de 20 cm con pose de pie.<\/p>\n<p data-start=\"370\" data-end=\"796\"><strong data-start=\"370\" data-end=\"388\">Artesan\u00eda:<\/strong> Artesan\u00eda de alta gama hecha a mano<br data-start=\"420\" data-end=\"423\" \/><strong data-start=\"423\" data-end=\"435\">Detalles:<\/strong> \u00a1La serie Cuento de Navidad trae alegr\u00eda festiva a tus mu\u00f1ecas! Cada set de tres piezas est\u00e1 inspirado en un personaje navide\u00f1o diferente. En <strong data-start=\"571\" data-end=\"586\">Juego Rudolph<\/strong> incluye un atuendo inspirado en los renos, mientras que el <strong data-start=\"634\" data-end=\"657\">Set del hombre de jengibre<\/strong> capta el dulce esp\u00edritu de la Navidad. En <strong data-start=\"702\" data-end=\"720\">Snow Child Set<\/strong> aporta un encanto helado, y el <strong data-start=\"750\" data-end=\"766\">\u00c1rbol Elfo Set<\/strong> a\u00f1ade la magia caprichosa de las fiestas.<\/p>\n<p data-start=\"798\" data-end=\"842\"><strong data-start=\"798\" data-end=\"807\">Nota:<\/strong> S\u00f3lo el conjunto. La mu\u00f1eca no est\u00e1 incluida.<\/p>","protected":false},"featured_media":30063,"comment_status":"open","ping_status":"closed","template":"","meta":[],"product_brand":[],"product_cat":[117,83],"product_tag":[],"class_list":{"0":"post-30440","1":"product","2":"type-product","3":"status-publish","4":"has-post-thumbnail","6":"product_cat-doll-outfits-accessories","7":"product_cat-20cm-doll-outfit","9":"first","10":"instock","11":"shipping-taxable","12":"purchasable","13":"product-type-variable"},"jetpack_sharing_enabled":true,"_links":{"self":[{"href":"https:\/\/cottonland.shop\/es\/wp-json\/wp\/v2\/product\/30440","targetHints":{"allow":["GET"]}}],"collection":[{"href":"https:\/\/cottonland.shop\/es\/wp-json\/wp\/v2\/product"}],"about":[{"href":"https:\/\/cottonland.shop\/es\/wp-json\/wp\/v2\/types\/product"}],"replies":[{"embeddable":true,"href":"https:\/\/cottonland.shop\/es\/wp-json\/wp\/v2\/comments?post=30440"}],"version-history":[{"count":0,"href":"https:\/\/cottonland.shop\/es\/wp-json\/wp\/v2\/product\/30440\/revisions"}],"wp:featuredmedia":[{"embeddable":true,"href":"https:\/\/cottonland.shop\/es\/wp-json\/wp\/v2\/media\/30063"}],"wp:attachment":[{"href":"https:\/\/cottonland.shop\/es\/wp-json\/wp\/v2\/media?parent=30440"}],"wp:term":[{"taxonomy":"product_brand","embeddable":true,"href":"https:\/\/cottonland.shop\/es\/wp-json\/wp\/v2\/product_brand?post=30440"},{"taxonomy":"product_cat","embeddable":true,"href":"https:\/\/cottonland.shop\/es\/wp-json\/wp\/v2\/product_cat?post=30440"},{"taxonomy":"product_tag","embeddable":true,"href":"https:\/\/cottonland.shop\/es\/wp-json\/wp\/v2\/product_tag?post=30440"}],"curies":[{"name":"wp","href":"https:\/\/api.w.org\/{rel}","templated":true}]}}