{"id":30441,"date":"2025-11-15T23:39:55","date_gmt":"2025-11-15T23:39:55","guid":{"rendered":"https:\/\/cottonland.shop\/?post_type=product&#038;p=30441"},"modified":"2025-11-20T21:30:19","modified_gmt":"2025-11-20T21:30:19","slug":"circus-series-five-pieces-set-for-10cm-cotton-doll","status":"publish","type":"product","link":"https:\/\/cottonland.shop\/es\/producto\/circus-series-five-pieces-set-for-10cm-cotton-doll\/","title":{"rendered":"Juego de cinco piezas de la serie Circus para mu\u00f1eca de algod\u00f3n de 10 cm"},"content":{"rendered":"","protected":false},"excerpt":{"rendered":"<p data-start=\"198\" data-end=\"290\"><strong data-start=\"198\" data-end=\"218\">Tiempo de tramitaci\u00f3n:<\/strong> <strong data-start=\"219\" data-end=\"231\">5-7 d\u00edas<\/strong><br data-start=\"231\" data-end=\"234\" \/><strong data-start=\"234\" data-end=\"252\">Compatibilidad:<\/strong> Se adapta a la mayor\u00eda de mu\u00f1ecas de 10 cm con pose de pie.<\/p>\n<p data-start=\"292\" data-end=\"644\"><strong data-start=\"292\" data-end=\"310\">Artesan\u00eda:<\/strong> Artesan\u00eda de alta gama hecha a mano<br data-start=\"342\" data-end=\"345\" \/><strong data-start=\"345\" data-end=\"357\">Detalles:<\/strong> La serie Circus aporta un encanto l\u00fadico a tus minimu\u00f1ecas. En <strong data-start=\"421\" data-end=\"443\">Juego de elefantes de peluche<\/strong> presenta un divertido y adorable traje con tem\u00e1tica de elefante, mientras que el <strong data-start=\"504\" data-end=\"522\">Set Mafu Oveja<\/strong> ofrece un aspecto suave y adorable inspirado en las ovejas. Ambos conjuntos est\u00e1n dise\u00f1ados para deleitar y a\u00f1adir capricho a su colecci\u00f3n de mu\u00f1ecas.<\/p>\n<p data-start=\"646\" data-end=\"690\"><strong data-start=\"646\" data-end=\"655\">Nota:<\/strong> S\u00f3lo el conjunto. La mu\u00f1eca no est\u00e1 incluida.<\/p>","protected":false},"featured_media":30068,"comment_status":"open","ping_status":"closed","template":"","meta":[],"product_brand":[],"product_cat":[117,81],"product_tag":[],"class_list":{"0":"post-30441","1":"product","2":"type-product","3":"status-publish","4":"has-post-thumbnail","6":"product_cat-doll-outfits-accessories","7":"product_cat-10cm-doll-outfit","9":"first","10":"instock","11":"shipping-taxable","12":"purchasable","13":"product-type-variable"},"jetpack_sharing_enabled":true,"_links":{"self":[{"href":"https:\/\/cottonland.shop\/es\/wp-json\/wp\/v2\/product\/30441","targetHints":{"allow":["GET"]}}],"collection":[{"href":"https:\/\/cottonland.shop\/es\/wp-json\/wp\/v2\/product"}],"about":[{"href":"https:\/\/cottonland.shop\/es\/wp-json\/wp\/v2\/types\/product"}],"replies":[{"embeddable":true,"href":"https:\/\/cottonland.shop\/es\/wp-json\/wp\/v2\/comments?post=30441"}],"version-history":[{"count":0,"href":"https:\/\/cottonland.shop\/es\/wp-json\/wp\/v2\/product\/30441\/revisions"}],"wp:featuredmedia":[{"embeddable":true,"href":"https:\/\/cottonland.shop\/es\/wp-json\/wp\/v2\/media\/30068"}],"wp:attachment":[{"href":"https:\/\/cottonland.shop\/es\/wp-json\/wp\/v2\/media?parent=30441"}],"wp:term":[{"taxonomy":"product_brand","embeddable":true,"href":"https:\/\/cottonland.shop\/es\/wp-json\/wp\/v2\/product_brand?post=30441"},{"taxonomy":"product_cat","embeddable":true,"href":"https:\/\/cottonland.shop\/es\/wp-json\/wp\/v2\/product_cat?post=30441"},{"taxonomy":"product_tag","embeddable":true,"href":"https:\/\/cottonland.shop\/es\/wp-json\/wp\/v2\/product_tag?post=30441"}],"curies":[{"name":"wp","href":"https:\/\/api.w.org\/{rel}","templated":true}]}}