{"id":30442,"date":"2025-11-15T23:45:21","date_gmt":"2025-11-15T23:45:21","guid":{"rendered":"https:\/\/cottonland.shop\/?post_type=product&#038;p=30442"},"modified":"2025-11-16T01:08:40","modified_gmt":"2025-11-16T01:08:40","slug":"witch-black-cat-two-pieces-set-for-20cm-cotton-doll","status":"publish","type":"product","link":"https:\/\/cottonland.shop\/es\/producto\/witch-black-cat-two-pieces-set-for-20cm-cotton-doll\/","title":{"rendered":"Juego de dos piezas de bruja y gato negro para mu\u00f1eca de algod\u00f3n de 20 cm"},"content":{"rendered":"","protected":false},"excerpt":{"rendered":"<p data-start=\"189\" data-end=\"281\"><strong data-start=\"189\" data-end=\"209\">Tiempo de tramitaci\u00f3n:<\/strong> <strong data-start=\"210\" data-end=\"222\">5-7 d\u00edas<\/strong><br data-start=\"222\" data-end=\"225\" \/><strong data-start=\"225\" data-end=\"243\">Compatibilidad:<\/strong> Se adapta a la mayor\u00eda de mu\u00f1ecas de 20 cm con pose de pie.<\/p>\n<p data-start=\"283\" data-end=\"608\"><strong data-start=\"283\" data-end=\"301\">Artesan\u00eda:<\/strong> Artesan\u00eda de alta gama hecha a mano<br data-start=\"333\" data-end=\"336\" \/><strong data-start=\"336\" data-end=\"348\">Detalles:<\/strong> El conjunto de bruja y gato negro aporta un toque de encanto espeluznante. En <strong data-start=\"411\" data-end=\"428\">Set Gato Negro<\/strong> presenta un elegante y misterioso atuendo de inspiraci\u00f3n felina, mientras que el <strong data-start=\"495\" data-end=\"508\">Juego de brujas<\/strong> ofrece un aspecto m\u00e1gico y encantador para tu mu\u00f1eca. Ambos conjuntos est\u00e1n dise\u00f1ados para ser bonitos a la par que m\u00edsticos.<\/p>\n<p data-start=\"610\" data-end=\"654\"><strong data-start=\"610\" data-end=\"619\">Nota:<\/strong> S\u00f3lo el conjunto. La mu\u00f1eca no est\u00e1 incluida.<\/p>","protected":false},"featured_media":30074,"comment_status":"open","ping_status":"closed","template":"","meta":[],"product_brand":[],"product_cat":[117,83],"product_tag":[],"class_list":{"0":"post-30442","1":"product","2":"type-product","3":"status-publish","4":"has-post-thumbnail","6":"product_cat-doll-outfits-accessories","7":"product_cat-20cm-doll-outfit","9":"first","10":"instock","11":"shipping-taxable","12":"purchasable","13":"product-type-variable"},"jetpack_sharing_enabled":true,"_links":{"self":[{"href":"https:\/\/cottonland.shop\/es\/wp-json\/wp\/v2\/product\/30442","targetHints":{"allow":["GET"]}}],"collection":[{"href":"https:\/\/cottonland.shop\/es\/wp-json\/wp\/v2\/product"}],"about":[{"href":"https:\/\/cottonland.shop\/es\/wp-json\/wp\/v2\/types\/product"}],"replies":[{"embeddable":true,"href":"https:\/\/cottonland.shop\/es\/wp-json\/wp\/v2\/comments?post=30442"}],"version-history":[{"count":0,"href":"https:\/\/cottonland.shop\/es\/wp-json\/wp\/v2\/product\/30442\/revisions"}],"wp:featuredmedia":[{"embeddable":true,"href":"https:\/\/cottonland.shop\/es\/wp-json\/wp\/v2\/media\/30074"}],"wp:attachment":[{"href":"https:\/\/cottonland.shop\/es\/wp-json\/wp\/v2\/media?parent=30442"}],"wp:term":[{"taxonomy":"product_brand","embeddable":true,"href":"https:\/\/cottonland.shop\/es\/wp-json\/wp\/v2\/product_brand?post=30442"},{"taxonomy":"product_cat","embeddable":true,"href":"https:\/\/cottonland.shop\/es\/wp-json\/wp\/v2\/product_cat?post=30442"},{"taxonomy":"product_tag","embeddable":true,"href":"https:\/\/cottonland.shop\/es\/wp-json\/wp\/v2\/product_tag?post=30442"}],"curies":[{"name":"wp","href":"https:\/\/api.w.org\/{rel}","templated":true}]}}