{"id":30443,"date":"2025-11-15T23:49:35","date_gmt":"2025-11-15T23:49:35","guid":{"rendered":"https:\/\/cottonland.shop\/?post_type=product&#038;p=30443"},"modified":"2025-11-20T21:40:53","modified_gmt":"2025-11-20T21:40:53","slug":"glamorous-gold-trimmed-bunny-four-pieces-set-for-20cm-cotton-doll","status":"publish","type":"product","link":"https:\/\/cottonland.shop\/es\/producto\/glamorous-gold-trimmed-bunny-four-pieces-set-for-20cm-cotton-doll\/","title":{"rendered":"Glamuroso Set de Cuatro Piezas de Conejito Dorado para Mu\u00f1eca de Algod\u00f3n de 20cm"},"content":{"rendered":"","protected":false},"excerpt":{"rendered":"<p data-start=\"241\" data-end=\"333\"><strong data-start=\"241\" data-end=\"261\">Tiempo de tramitaci\u00f3n:<\/strong> <strong data-start=\"262\" data-end=\"274\">5-7 d\u00edas<\/strong><br data-start=\"274\" data-end=\"277\" \/><strong data-start=\"277\" data-end=\"295\">Compatibilidad:<\/strong> Se adapta a la mayor\u00eda de mu\u00f1ecas de 20 cm con pose de pie.<\/p>\n<p data-start=\"335\" data-end=\"749\"><strong data-start=\"335\" data-end=\"353\">Artesan\u00eda:<\/strong> Artesan\u00eda de alta gama hecha a mano<br data-start=\"385\" data-end=\"388\" \/><strong data-start=\"388\" data-end=\"400\">Detalles:<\/strong> El conjunto Glamorous Gold-Trimmed Bunny es perfecto para un look chic y juguet\u00f3n. El <strong data-start=\"482\" data-end=\"501\">Juego de cuatro piezas<\/strong> incluye todo lo esencial para un conjunto elegante inspirado en un conejito, mientras que el <strong data-start=\"577\" data-end=\"596\">Juego de cinco piezas<\/strong> a\u00f1ade un par de elegantes gafas para mayor sofisticaci\u00f3n. El sitio <strong data-start=\"658\" data-end=\"694\">Gafas con montura de oro y doble cadena<\/strong> ofrecen un accesorio de lujo para completar el look de tu mu\u00f1eca.<\/p>\n<p data-start=\"751\" data-end=\"795\"><strong data-start=\"751\" data-end=\"760\">Nota:<\/strong> S\u00f3lo el conjunto. La mu\u00f1eca no est\u00e1 incluida.<\/p>","protected":false},"featured_media":30081,"comment_status":"open","ping_status":"closed","template":"","meta":[],"product_brand":[],"product_cat":[117,83],"product_tag":[],"class_list":{"0":"post-30443","1":"product","2":"type-product","3":"status-publish","4":"has-post-thumbnail","6":"product_cat-doll-outfits-accessories","7":"product_cat-20cm-doll-outfit","9":"first","10":"instock","11":"shipping-taxable","12":"purchasable","13":"product-type-variable"},"jetpack_sharing_enabled":true,"_links":{"self":[{"href":"https:\/\/cottonland.shop\/es\/wp-json\/wp\/v2\/product\/30443","targetHints":{"allow":["GET"]}}],"collection":[{"href":"https:\/\/cottonland.shop\/es\/wp-json\/wp\/v2\/product"}],"about":[{"href":"https:\/\/cottonland.shop\/es\/wp-json\/wp\/v2\/types\/product"}],"replies":[{"embeddable":true,"href":"https:\/\/cottonland.shop\/es\/wp-json\/wp\/v2\/comments?post=30443"}],"version-history":[{"count":0,"href":"https:\/\/cottonland.shop\/es\/wp-json\/wp\/v2\/product\/30443\/revisions"}],"wp:featuredmedia":[{"embeddable":true,"href":"https:\/\/cottonland.shop\/es\/wp-json\/wp\/v2\/media\/30081"}],"wp:attachment":[{"href":"https:\/\/cottonland.shop\/es\/wp-json\/wp\/v2\/media?parent=30443"}],"wp:term":[{"taxonomy":"product_brand","embeddable":true,"href":"https:\/\/cottonland.shop\/es\/wp-json\/wp\/v2\/product_brand?post=30443"},{"taxonomy":"product_cat","embeddable":true,"href":"https:\/\/cottonland.shop\/es\/wp-json\/wp\/v2\/product_cat?post=30443"},{"taxonomy":"product_tag","embeddable":true,"href":"https:\/\/cottonland.shop\/es\/wp-json\/wp\/v2\/product_tag?post=30443"}],"curies":[{"name":"wp","href":"https:\/\/api.w.org\/{rel}","templated":true}]}}