{"id":30468,"date":"2025-11-15T23:55:40","date_gmt":"2025-11-15T23:55:40","guid":{"rendered":"https:\/\/cottonland.shop\/?post_type=product&#038;p=30468"},"modified":"2025-11-20T21:26:23","modified_gmt":"2025-11-20T21:26:23","slug":"aqua-healing-subculture-five-pieces-set-for-15cm-cotton-doll","status":"publish","type":"product","link":"https:\/\/cottonland.shop\/es\/producto\/aqua-healing-subculture-five-pieces-set-for-15cm-cotton-doll\/","title":{"rendered":"Aqua Healing Subculture Juego de cinco piezas para mu\u00f1eca de algod\u00f3n de 15 cm"},"content":{"rendered":"","protected":false},"excerpt":{"rendered":"<p data-start=\"156\" data-end=\"248\"><strong data-start=\"156\" data-end=\"176\">Tiempo de tramitaci\u00f3n:<\/strong> <strong data-start=\"177\" data-end=\"189\">5-7 d\u00edas<\/strong><br data-start=\"189\" data-end=\"192\" \/><strong data-start=\"192\" data-end=\"210\">Compatibilidad:<\/strong> Se adapta a la mayor\u00eda de mu\u00f1ecas de 15 cm con pose de pie.<\/p>\n<p data-start=\"250\" data-end=\"572\"><strong data-start=\"250\" data-end=\"268\">Artesan\u00eda:<\/strong> Artesan\u00eda de alta gama hecha a mano<br data-start=\"300\" data-end=\"303\" \/><strong data-start=\"303\" data-end=\"315\">Detalles:<\/strong> El set Aqua Healing Subculture transmite a tu mu\u00f1eca un ambiente sereno y relajante. En <strong data-start=\"399\" data-end=\"418\">Juego de cinco piezas<\/strong> incluye todo lo necesario para un atuendo refrescante y elegante inspirado en la subcultura. Perfecto para a\u00f1adir un toque de energ\u00eda curativa a tu colecci\u00f3n de mu\u00f1ecas.<\/p>\n<p data-start=\"574\" data-end=\"618\"><strong data-start=\"574\" data-end=\"583\">Nota:<\/strong> S\u00f3lo el conjunto. La mu\u00f1eca no est\u00e1 incluida.<\/p>","protected":false},"featured_media":30095,"comment_status":"open","ping_status":"closed","template":"","meta":[],"product_brand":[],"product_cat":[117,239],"product_tag":[],"class_list":{"0":"post-30468","1":"product","2":"type-product","3":"status-publish","4":"has-post-thumbnail","6":"product_cat-doll-outfits-accessories","7":"product_cat-15cm-doll-outfit","9":"first","10":"instock","11":"shipping-taxable","12":"purchasable","13":"product-type-variable"},"jetpack_sharing_enabled":true,"_links":{"self":[{"href":"https:\/\/cottonland.shop\/es\/wp-json\/wp\/v2\/product\/30468","targetHints":{"allow":["GET"]}}],"collection":[{"href":"https:\/\/cottonland.shop\/es\/wp-json\/wp\/v2\/product"}],"about":[{"href":"https:\/\/cottonland.shop\/es\/wp-json\/wp\/v2\/types\/product"}],"replies":[{"embeddable":true,"href":"https:\/\/cottonland.shop\/es\/wp-json\/wp\/v2\/comments?post=30468"}],"version-history":[{"count":0,"href":"https:\/\/cottonland.shop\/es\/wp-json\/wp\/v2\/product\/30468\/revisions"}],"wp:featuredmedia":[{"embeddable":true,"href":"https:\/\/cottonland.shop\/es\/wp-json\/wp\/v2\/media\/30095"}],"wp:attachment":[{"href":"https:\/\/cottonland.shop\/es\/wp-json\/wp\/v2\/media?parent=30468"}],"wp:term":[{"taxonomy":"product_brand","embeddable":true,"href":"https:\/\/cottonland.shop\/es\/wp-json\/wp\/v2\/product_brand?post=30468"},{"taxonomy":"product_cat","embeddable":true,"href":"https:\/\/cottonland.shop\/es\/wp-json\/wp\/v2\/product_cat?post=30468"},{"taxonomy":"product_tag","embeddable":true,"href":"https:\/\/cottonland.shop\/es\/wp-json\/wp\/v2\/product_tag?post=30468"}],"curies":[{"name":"wp","href":"https:\/\/api.w.org\/{rel}","templated":true}]}}