{"id":30469,"date":"2025-11-15T23:59:26","date_gmt":"2025-11-15T23:59:26","guid":{"rendered":"https:\/\/cottonland.shop\/?post_type=product&#038;p=30469"},"modified":"2025-11-20T20:57:58","modified_gmt":"2025-11-20T20:57:58","slug":"panda-academy-seven-pieces-set-for-20cm-cotton-doll","status":"publish","type":"product","link":"https:\/\/cottonland.shop\/es\/producto\/panda-academy-seven-pieces-set-for-20cm-cotton-doll\/","title":{"rendered":"Academia Panda Juego de siete piezas para mu\u00f1eca de algod\u00f3n de 20 cm"},"content":{"rendered":"","protected":false},"excerpt":{"rendered":"<p data-start=\"223\" data-end=\"315\"><strong data-start=\"223\" data-end=\"243\">Tiempo de tramitaci\u00f3n:<\/strong> <strong data-start=\"244\" data-end=\"256\">5-7 d\u00edas<\/strong><br data-start=\"256\" data-end=\"259\" \/><strong data-start=\"259\" data-end=\"277\">Compatibilidad:<\/strong> Se adapta a la mayor\u00eda de mu\u00f1ecas de 20 cm con pose de pie.<\/p>\n<p data-start=\"317\" data-end=\"693\"><strong data-start=\"317\" data-end=\"335\">Artesan\u00eda:<\/strong> Artesan\u00eda de alta gama hecha a mano<br data-start=\"367\" data-end=\"370\" \/><strong data-start=\"370\" data-end=\"382\">Detalles:<\/strong> El conjunto Panda Academy es perfecto para un look simp\u00e1tico a la par que acad\u00e9mico. En <strong data-start=\"450\" data-end=\"470\">Juego de siete piezas<\/strong> ofrece un traje completo inspirado en el panda, mientras que el <strong data-start=\"519\" data-end=\"539\">Juego de ocho piezas<\/strong> a\u00f1ade unas elegantes gafas para completar su aspecto erudito. El sitio <strong data-start=\"603\" data-end=\"633\">Gafas met\u00e1licas con montura negra<\/strong> a\u00f1ade un toque sofisticado al conjunto de tu mu\u00f1eca.<\/p>\n<p data-start=\"695\" data-end=\"739\"><strong data-start=\"695\" data-end=\"704\">Nota:<\/strong> S\u00f3lo el conjunto. La mu\u00f1eca no est\u00e1 incluida.<\/p>","protected":false},"featured_media":30104,"comment_status":"open","ping_status":"closed","template":"","meta":[],"product_brand":[],"product_cat":[117,83],"product_tag":[],"class_list":{"0":"post-30469","1":"product","2":"type-product","3":"status-publish","4":"has-post-thumbnail","6":"product_cat-doll-outfits-accessories","7":"product_cat-20cm-doll-outfit","9":"first","10":"instock","11":"shipping-taxable","12":"purchasable","13":"product-type-variable"},"jetpack_sharing_enabled":true,"_links":{"self":[{"href":"https:\/\/cottonland.shop\/es\/wp-json\/wp\/v2\/product\/30469","targetHints":{"allow":["GET"]}}],"collection":[{"href":"https:\/\/cottonland.shop\/es\/wp-json\/wp\/v2\/product"}],"about":[{"href":"https:\/\/cottonland.shop\/es\/wp-json\/wp\/v2\/types\/product"}],"replies":[{"embeddable":true,"href":"https:\/\/cottonland.shop\/es\/wp-json\/wp\/v2\/comments?post=30469"}],"version-history":[{"count":0,"href":"https:\/\/cottonland.shop\/es\/wp-json\/wp\/v2\/product\/30469\/revisions"}],"wp:featuredmedia":[{"embeddable":true,"href":"https:\/\/cottonland.shop\/es\/wp-json\/wp\/v2\/media\/30104"}],"wp:attachment":[{"href":"https:\/\/cottonland.shop\/es\/wp-json\/wp\/v2\/media?parent=30469"}],"wp:term":[{"taxonomy":"product_brand","embeddable":true,"href":"https:\/\/cottonland.shop\/es\/wp-json\/wp\/v2\/product_brand?post=30469"},{"taxonomy":"product_cat","embeddable":true,"href":"https:\/\/cottonland.shop\/es\/wp-json\/wp\/v2\/product_cat?post=30469"},{"taxonomy":"product_tag","embeddable":true,"href":"https:\/\/cottonland.shop\/es\/wp-json\/wp\/v2\/product_tag?post=30469"}],"curies":[{"name":"wp","href":"https:\/\/api.w.org\/{rel}","templated":true}]}}