{"id":30471,"date":"2025-11-16T00:12:35","date_gmt":"2025-11-16T00:12:35","guid":{"rendered":"https:\/\/cottonland.shop\/?post_type=product&#038;p=30471"},"modified":"2025-11-16T01:08:39","modified_gmt":"2025-11-16T01:08:39","slug":"research-lab-uniform-five-pieces-set-for-20cm-cotton-doll","status":"publish","type":"product","link":"https:\/\/cottonland.shop\/es\/producto\/research-lab-uniform-five-pieces-set-for-20cm-cotton-doll\/","title":{"rendered":"Uniforme de laboratorio de investigaci\u00f3n Juego de cinco piezas para mu\u00f1eca de algod\u00f3n de 20 cm"},"content":{"rendered":"","protected":false},"excerpt":{"rendered":"<p data-start=\"222\" data-end=\"314\"><strong data-start=\"222\" data-end=\"242\">Tiempo de tramitaci\u00f3n:<\/strong> <strong data-start=\"243\" data-end=\"255\">5-7 d\u00edas<\/strong><br data-start=\"255\" data-end=\"258\" \/><strong data-start=\"258\" data-end=\"276\">Compatibilidad:<\/strong> Se adapta a la mayor\u00eda de mu\u00f1ecas de 20 cm con pose de pie.<\/p>\n<p data-start=\"316\" data-end=\"705\"><strong data-start=\"316\" data-end=\"334\">Artesan\u00eda:<\/strong> Artesan\u00eda de alta gama hecha a mano<br data-start=\"366\" data-end=\"369\" \/><strong data-start=\"369\" data-end=\"381\">Detalles:<\/strong> El conjunto de uniforme de laboratorio de investigaci\u00f3n da a tu mu\u00f1eca un aspecto elegante y cient\u00edfico. En <strong data-start=\"460\" data-end=\"479\">Juego de cinco piezas<\/strong> incluye todo lo esencial para un conjunto inspirado en el laboratorio, mientras que el <strong data-start=\"545\" data-end=\"563\">Juego de seis piezas<\/strong> a\u00f1ade un par de elegantes gafas para realzar el aire erudito. El sitio <strong data-start=\"630\" data-end=\"655\">Gafas con montura de plata<\/strong> ofrecen un acabado elegante y profesional al conjunto.<\/p>\n<p data-start=\"707\" data-end=\"751\"><strong data-start=\"707\" data-end=\"716\">Nota:<\/strong> S\u00f3lo el conjunto. La mu\u00f1eca no est\u00e1 incluida.<\/p>","protected":false},"featured_media":30117,"comment_status":"open","ping_status":"closed","template":"","meta":[],"product_brand":[],"product_cat":[117,83],"product_tag":[],"class_list":{"0":"post-30471","1":"product","2":"type-product","3":"status-publish","4":"has-post-thumbnail","6":"product_cat-doll-outfits-accessories","7":"product_cat-20cm-doll-outfit","9":"first","10":"instock","11":"shipping-taxable","12":"purchasable","13":"product-type-variable"},"jetpack_sharing_enabled":true,"_links":{"self":[{"href":"https:\/\/cottonland.shop\/es\/wp-json\/wp\/v2\/product\/30471","targetHints":{"allow":["GET"]}}],"collection":[{"href":"https:\/\/cottonland.shop\/es\/wp-json\/wp\/v2\/product"}],"about":[{"href":"https:\/\/cottonland.shop\/es\/wp-json\/wp\/v2\/types\/product"}],"replies":[{"embeddable":true,"href":"https:\/\/cottonland.shop\/es\/wp-json\/wp\/v2\/comments?post=30471"}],"version-history":[{"count":0,"href":"https:\/\/cottonland.shop\/es\/wp-json\/wp\/v2\/product\/30471\/revisions"}],"wp:featuredmedia":[{"embeddable":true,"href":"https:\/\/cottonland.shop\/es\/wp-json\/wp\/v2\/media\/30117"}],"wp:attachment":[{"href":"https:\/\/cottonland.shop\/es\/wp-json\/wp\/v2\/media?parent=30471"}],"wp:term":[{"taxonomy":"product_brand","embeddable":true,"href":"https:\/\/cottonland.shop\/es\/wp-json\/wp\/v2\/product_brand?post=30471"},{"taxonomy":"product_cat","embeddable":true,"href":"https:\/\/cottonland.shop\/es\/wp-json\/wp\/v2\/product_cat?post=30471"},{"taxonomy":"product_tag","embeddable":true,"href":"https:\/\/cottonland.shop\/es\/wp-json\/wp\/v2\/product_tag?post=30471"}],"curies":[{"name":"wp","href":"https:\/\/api.w.org\/{rel}","templated":true}]}}