{"id":30473,"date":"2025-11-16T00:22:50","date_gmt":"2025-11-16T00:22:50","guid":{"rendered":"https:\/\/cottonland.shop\/?post_type=product&#038;p=30473"},"modified":"2025-11-16T01:08:38","modified_gmt":"2025-11-16T01:08:38","slug":"kid-conan-20cm-doll-outfit","status":"publish","type":"product","link":"https:\/\/cottonland.shop\/es\/producto\/kid-conan-20cm-doll-outfit\/","title":{"rendered":"Kid Conan 20cm Mu\u00f1eca Outfit"},"content":{"rendered":"","protected":false},"excerpt":{"rendered":"<p data-start=\"158\" data-end=\"250\"><strong data-start=\"158\" data-end=\"178\">Tiempo de tramitaci\u00f3n:<\/strong> <strong data-start=\"179\" data-end=\"191\">5-7 d\u00edas<\/strong><br data-start=\"191\" data-end=\"194\" \/><strong data-start=\"194\" data-end=\"212\">Compatibilidad:<\/strong> Se adapta a la mayor\u00eda de mu\u00f1ecas de 20 cm con pose de pie.<\/p>\n<p data-start=\"252\" data-end=\"693\"><strong data-start=\"252\" data-end=\"270\">Artesan\u00eda:<\/strong> Artesan\u00eda de alta gama hecha a mano<br data-start=\"302\" data-end=\"305\" \/><strong data-start=\"305\" data-end=\"317\">Detalles:<\/strong> En <strong data-start=\"322\" data-end=\"335\">Kid Conan<\/strong> es perfecto para mu\u00f1ecas aventureras. En <strong data-start=\"381\" data-end=\"404\">Juego de seis piezas azul<\/strong> incluye un elegante look de inspiraci\u00f3n detectivesca, con accesorios adicionales como gafas met\u00e1licas de montura negra y zapatillas de lona rojas. El sitio <strong data-start=\"535\" data-end=\"561\">Juego de siete piezas blanco<\/strong> ofrece un look fresco y limpio, completado con zapatos de cuero blanco y gafas de montura plateada de un solo lado para una apariencia elegante y afilada.<\/p>\n<p data-start=\"695\" data-end=\"739\"><strong data-start=\"695\" data-end=\"704\">Nota:<\/strong> S\u00f3lo el conjunto. La mu\u00f1eca no est\u00e1 incluida.<\/p>","protected":false},"featured_media":30130,"comment_status":"open","ping_status":"closed","template":"","meta":[],"product_brand":[],"product_cat":[117,83],"product_tag":[],"class_list":{"0":"post-30473","1":"product","2":"type-product","3":"status-publish","4":"has-post-thumbnail","6":"product_cat-doll-outfits-accessories","7":"product_cat-20cm-doll-outfit","9":"first","10":"instock","11":"shipping-taxable","12":"purchasable","13":"product-type-variable"},"jetpack_sharing_enabled":true,"_links":{"self":[{"href":"https:\/\/cottonland.shop\/es\/wp-json\/wp\/v2\/product\/30473","targetHints":{"allow":["GET"]}}],"collection":[{"href":"https:\/\/cottonland.shop\/es\/wp-json\/wp\/v2\/product"}],"about":[{"href":"https:\/\/cottonland.shop\/es\/wp-json\/wp\/v2\/types\/product"}],"replies":[{"embeddable":true,"href":"https:\/\/cottonland.shop\/es\/wp-json\/wp\/v2\/comments?post=30473"}],"version-history":[{"count":0,"href":"https:\/\/cottonland.shop\/es\/wp-json\/wp\/v2\/product\/30473\/revisions"}],"wp:featuredmedia":[{"embeddable":true,"href":"https:\/\/cottonland.shop\/es\/wp-json\/wp\/v2\/media\/30130"}],"wp:attachment":[{"href":"https:\/\/cottonland.shop\/es\/wp-json\/wp\/v2\/media?parent=30473"}],"wp:term":[{"taxonomy":"product_brand","embeddable":true,"href":"https:\/\/cottonland.shop\/es\/wp-json\/wp\/v2\/product_brand?post=30473"},{"taxonomy":"product_cat","embeddable":true,"href":"https:\/\/cottonland.shop\/es\/wp-json\/wp\/v2\/product_cat?post=30473"},{"taxonomy":"product_tag","embeddable":true,"href":"https:\/\/cottonland.shop\/es\/wp-json\/wp\/v2\/product_tag?post=30473"}],"curies":[{"name":"wp","href":"https:\/\/api.w.org\/{rel}","templated":true}]}}