{"id":30490,"date":"2025-11-16T00:27:37","date_gmt":"2025-11-16T00:27:37","guid":{"rendered":"https:\/\/cottonland.shop\/?post_type=product&#038;p=30490"},"modified":"2025-11-20T20:55:31","modified_gmt":"2025-11-20T20:55:31","slug":"korean-style-puppy-school-uniform-six-pieces-set-for-20cm-cotton-doll","status":"publish","type":"product","link":"https:\/\/cottonland.shop\/es\/producto\/korean-style-puppy-school-uniform-six-pieces-set-for-20cm-cotton-doll\/","title":{"rendered":"Conjunto de seis piezas de uniforme escolar de cachorro de estilo coreano para mu\u00f1eca de algod\u00f3n de 20 cm"},"content":{"rendered":"","protected":false},"excerpt":{"rendered":"<p data-start=\"165\" data-end=\"257\"><strong data-start=\"165\" data-end=\"185\">Tiempo de tramitaci\u00f3n:<\/strong> <strong data-start=\"186\" data-end=\"198\">5-7 d\u00edas<\/strong><br data-start=\"198\" data-end=\"201\" \/><strong data-start=\"201\" data-end=\"219\">Compatibilidad:<\/strong> Se adapta a la mayor\u00eda de mu\u00f1ecas de 20 cm con pose de pie.<\/p>\n<p data-start=\"259\" data-end=\"536\"><strong data-start=\"259\" data-end=\"277\">Artesan\u00eda:<\/strong> Artesan\u00eda de alta gama hecha a mano<br data-start=\"309\" data-end=\"312\" \/><strong data-start=\"312\" data-end=\"324\">Detalles:<\/strong> El conjunto de uniforme escolar Korean Style Puppy le da un toque simp\u00e1tico y elegante a tu mu\u00f1eca. En <strong data-start=\"412\" data-end=\"430\">Juego de seis piezas<\/strong> incluye un elegante uniforme escolar con adorables detalles de cachorros, perfecto para un look juvenil y juguet\u00f3n.<\/p>\n<p data-start=\"538\" data-end=\"582\"><strong data-start=\"538\" data-end=\"547\">Nota:<\/strong> S\u00f3lo el conjunto. La mu\u00f1eca no est\u00e1 incluida.<\/p>","protected":false},"featured_media":30133,"comment_status":"open","ping_status":"closed","template":"","meta":[],"product_brand":[],"product_cat":[117,83],"product_tag":[],"class_list":{"0":"post-30490","1":"product","2":"type-product","3":"status-publish","4":"has-post-thumbnail","6":"product_cat-doll-outfits-accessories","7":"product_cat-20cm-doll-outfit","9":"first","10":"instock","11":"shipping-taxable","12":"purchasable","13":"product-type-variable"},"jetpack_sharing_enabled":true,"_links":{"self":[{"href":"https:\/\/cottonland.shop\/es\/wp-json\/wp\/v2\/product\/30490","targetHints":{"allow":["GET"]}}],"collection":[{"href":"https:\/\/cottonland.shop\/es\/wp-json\/wp\/v2\/product"}],"about":[{"href":"https:\/\/cottonland.shop\/es\/wp-json\/wp\/v2\/types\/product"}],"replies":[{"embeddable":true,"href":"https:\/\/cottonland.shop\/es\/wp-json\/wp\/v2\/comments?post=30490"}],"version-history":[{"count":0,"href":"https:\/\/cottonland.shop\/es\/wp-json\/wp\/v2\/product\/30490\/revisions"}],"wp:featuredmedia":[{"embeddable":true,"href":"https:\/\/cottonland.shop\/es\/wp-json\/wp\/v2\/media\/30133"}],"wp:attachment":[{"href":"https:\/\/cottonland.shop\/es\/wp-json\/wp\/v2\/media?parent=30490"}],"wp:term":[{"taxonomy":"product_brand","embeddable":true,"href":"https:\/\/cottonland.shop\/es\/wp-json\/wp\/v2\/product_brand?post=30490"},{"taxonomy":"product_cat","embeddable":true,"href":"https:\/\/cottonland.shop\/es\/wp-json\/wp\/v2\/product_cat?post=30490"},{"taxonomy":"product_tag","embeddable":true,"href":"https:\/\/cottonland.shop\/es\/wp-json\/wp\/v2\/product_tag?post=30490"}],"curies":[{"name":"wp","href":"https:\/\/api.w.org\/{rel}","templated":true}]}}