{"id":30492,"date":"2025-11-16T00:35:51","date_gmt":"2025-11-16T00:35:51","guid":{"rendered":"https:\/\/cottonland.shop\/?post_type=product&#038;p=30492"},"modified":"2025-11-16T02:18:40","modified_gmt":"2025-11-16T02:18:40","slug":"prince-fox-six-pieces-set-for-20cm-cotton-doll","status":"publish","type":"product","link":"https:\/\/cottonland.shop\/es\/producto\/prince-fox-six-pieces-set-for-20cm-cotton-doll\/","title":{"rendered":"Juego de seis piezas Prince &amp; Fox para mu\u00f1eca de algod\u00f3n de 20 cm"},"content":{"rendered":"","protected":false},"excerpt":{"rendered":"<p data-start=\"253\" data-end=\"345\"><strong data-start=\"253\" data-end=\"273\">Tiempo de tramitaci\u00f3n:<\/strong> <strong data-start=\"274\" data-end=\"286\">5-7 d\u00edas<\/strong><br data-start=\"286\" data-end=\"289\" \/><strong data-start=\"289\" data-end=\"307\">Compatibilidad:<\/strong> Se adapta a la mayor\u00eda de mu\u00f1ecas de 20 cm con pose de pie.<\/p>\n<p data-start=\"347\" data-end=\"656\"><strong data-start=\"347\" data-end=\"365\">Artesan\u00eda:<\/strong> Artesan\u00eda de alta gama hecha a mano<br data-start=\"397\" data-end=\"400\" \/><strong data-start=\"400\" data-end=\"412\">Detalles:<\/strong> En <strong data-start=\"417\" data-end=\"442\">Juego de seis piezas Prince<\/strong> presenta un aspecto real y regio, perfecto para un pr\u00edncipe encantador. El <strong data-start=\"511\" data-end=\"540\">Conjunto de dos piezas Little Fox<\/strong> incluye un simp\u00e1tico conjunto inspirado en los animales para un juguet\u00f3n look de zorro. Ambos conjuntos a\u00f1aden un encanto \u00fanico a tu colecci\u00f3n de mu\u00f1ecas.<\/p>\n<p data-start=\"658\" data-end=\"702\"><strong data-start=\"658\" data-end=\"667\">Nota:<\/strong> S\u00f3lo el conjunto. La mu\u00f1eca no est\u00e1 incluida.<\/p>","protected":false},"featured_media":30152,"comment_status":"open","ping_status":"closed","template":"","meta":[],"product_brand":[],"product_cat":[117,83],"product_tag":[],"class_list":{"0":"post-30492","1":"product","2":"type-product","3":"status-publish","4":"has-post-thumbnail","6":"product_cat-doll-outfits-accessories","7":"product_cat-20cm-doll-outfit","9":"first","10":"instock","11":"shipping-taxable","12":"purchasable","13":"product-type-variable"},"jetpack_sharing_enabled":true,"_links":{"self":[{"href":"https:\/\/cottonland.shop\/es\/wp-json\/wp\/v2\/product\/30492","targetHints":{"allow":["GET"]}}],"collection":[{"href":"https:\/\/cottonland.shop\/es\/wp-json\/wp\/v2\/product"}],"about":[{"href":"https:\/\/cottonland.shop\/es\/wp-json\/wp\/v2\/types\/product"}],"replies":[{"embeddable":true,"href":"https:\/\/cottonland.shop\/es\/wp-json\/wp\/v2\/comments?post=30492"}],"version-history":[{"count":0,"href":"https:\/\/cottonland.shop\/es\/wp-json\/wp\/v2\/product\/30492\/revisions"}],"wp:featuredmedia":[{"embeddable":true,"href":"https:\/\/cottonland.shop\/es\/wp-json\/wp\/v2\/media\/30152"}],"wp:attachment":[{"href":"https:\/\/cottonland.shop\/es\/wp-json\/wp\/v2\/media?parent=30492"}],"wp:term":[{"taxonomy":"product_brand","embeddable":true,"href":"https:\/\/cottonland.shop\/es\/wp-json\/wp\/v2\/product_brand?post=30492"},{"taxonomy":"product_cat","embeddable":true,"href":"https:\/\/cottonland.shop\/es\/wp-json\/wp\/v2\/product_cat?post=30492"},{"taxonomy":"product_tag","embeddable":true,"href":"https:\/\/cottonland.shop\/es\/wp-json\/wp\/v2\/product_tag?post=30492"}],"curies":[{"name":"wp","href":"https:\/\/api.w.org\/{rel}","templated":true}]}}