{"id":30493,"date":"2025-11-16T00:39:48","date_gmt":"2025-11-16T00:39:48","guid":{"rendered":"https:\/\/cottonland.shop\/?post_type=product&#038;p=30493"},"modified":"2025-11-16T01:08:38","modified_gmt":"2025-11-16T01:08:38","slug":"cat-maid-five-pieces-set-for-20cm-cotton-doll","status":"publish","type":"product","link":"https:\/\/cottonland.shop\/es\/producto\/cat-maid-five-pieces-set-for-20cm-cotton-doll\/","title":{"rendered":"Juego de cinco piezas Cat Maid para mu\u00f1eca de algod\u00f3n de 20 cm"},"content":{"rendered":"","protected":false},"excerpt":{"rendered":"<p data-start=\"188\" data-end=\"280\"><strong data-start=\"188\" data-end=\"208\">Tiempo de tramitaci\u00f3n:<\/strong> <strong data-start=\"209\" data-end=\"221\">5-7 d\u00edas<\/strong><br data-start=\"221\" data-end=\"224\" \/><strong data-start=\"224\" data-end=\"242\">Compatibilidad:<\/strong> Se adapta a la mayor\u00eda de mu\u00f1ecas de 20 cm con pose de pie.<\/p>\n<p data-start=\"282\" data-end=\"649\"><strong data-start=\"282\" data-end=\"300\">Artesan\u00eda:<\/strong> Artesan\u00eda de alta gama hecha a mano<br data-start=\"332\" data-end=\"335\" \/><strong data-start=\"335\" data-end=\"347\">Detalles:<\/strong> En <strong data-start=\"352\" data-end=\"364\">Criada de gatos<\/strong> aporta un encantador aspecto de sirvienta a tu mu\u00f1eca con un adorable toque felino. El <strong data-start=\"445\" data-end=\"475\">Conjunto de cinco piezas Black Maid<\/strong> ofrece un traje de sirvienta negro cl\u00e1sico y elegante, mientras que el <strong data-start=\"531\" data-end=\"561\">Juego de cinco piezas Brown Maid<\/strong> presenta un aspecto de doncella m\u00e1s c\u00e1lido y suave, ambos dise\u00f1ados con atenci\u00f3n a los detalles bonitos.<\/p>\n<p data-start=\"651\" data-end=\"695\"><strong data-start=\"651\" data-end=\"660\">Nota:<\/strong> S\u00f3lo el conjunto. La mu\u00f1eca no est\u00e1 incluida.<\/p>","protected":false},"featured_media":30153,"comment_status":"open","ping_status":"closed","template":"","meta":[],"product_brand":[],"product_cat":[117,83],"product_tag":[],"class_list":{"0":"post-30493","1":"product","2":"type-product","3":"status-publish","4":"has-post-thumbnail","6":"product_cat-doll-outfits-accessories","7":"product_cat-20cm-doll-outfit","9":"first","10":"instock","11":"shipping-taxable","12":"purchasable","13":"product-type-variable"},"jetpack_sharing_enabled":true,"_links":{"self":[{"href":"https:\/\/cottonland.shop\/es\/wp-json\/wp\/v2\/product\/30493","targetHints":{"allow":["GET"]}}],"collection":[{"href":"https:\/\/cottonland.shop\/es\/wp-json\/wp\/v2\/product"}],"about":[{"href":"https:\/\/cottonland.shop\/es\/wp-json\/wp\/v2\/types\/product"}],"replies":[{"embeddable":true,"href":"https:\/\/cottonland.shop\/es\/wp-json\/wp\/v2\/comments?post=30493"}],"version-history":[{"count":0,"href":"https:\/\/cottonland.shop\/es\/wp-json\/wp\/v2\/product\/30493\/revisions"}],"wp:featuredmedia":[{"embeddable":true,"href":"https:\/\/cottonland.shop\/es\/wp-json\/wp\/v2\/media\/30153"}],"wp:attachment":[{"href":"https:\/\/cottonland.shop\/es\/wp-json\/wp\/v2\/media?parent=30493"}],"wp:term":[{"taxonomy":"product_brand","embeddable":true,"href":"https:\/\/cottonland.shop\/es\/wp-json\/wp\/v2\/product_brand?post=30493"},{"taxonomy":"product_cat","embeddable":true,"href":"https:\/\/cottonland.shop\/es\/wp-json\/wp\/v2\/product_cat?post=30493"},{"taxonomy":"product_tag","embeddable":true,"href":"https:\/\/cottonland.shop\/es\/wp-json\/wp\/v2\/product_tag?post=30493"}],"curies":[{"name":"wp","href":"https:\/\/api.w.org\/{rel}","templated":true}]}}