{"id":30495,"date":"2025-11-16T00:48:16","date_gmt":"2025-11-16T00:48:16","guid":{"rendered":"https:\/\/cottonland.shop\/?post_type=product&#038;p=30495"},"modified":"2025-11-20T20:42:46","modified_gmt":"2025-11-20T20:42:46","slug":"cool-and-stylish-dude-six-pieces-set-for-20cm-cotton-doll","status":"publish","type":"product","link":"https:\/\/cottonland.shop\/es\/producto\/cool-and-stylish-dude-six-pieces-set-for-20cm-cotton-doll\/","title":{"rendered":"Juego de seis piezas para mu\u00f1eco de algod\u00f3n de 20 cm."},"content":{"rendered":"","protected":false},"excerpt":{"rendered":"<p data-start=\"241\" data-end=\"333\"><strong data-start=\"241\" data-end=\"261\">Tiempo de tramitaci\u00f3n:<\/strong> <strong data-start=\"262\" data-end=\"274\">5-7 d\u00edas<\/strong><br data-start=\"274\" data-end=\"277\" \/><strong data-start=\"277\" data-end=\"295\">Compatibilidad:<\/strong> Se adapta a la mayor\u00eda de mu\u00f1ecas de 20 cm con pose de pie.<\/p>\n<p data-start=\"335\" data-end=\"695\"><strong data-start=\"335\" data-end=\"353\">Artesan\u00eda:<\/strong> Artesan\u00eda de alta gama hecha a mano<br data-start=\"385\" data-end=\"388\" \/><strong data-start=\"388\" data-end=\"400\">Detalles:<\/strong> En <strong data-start=\"405\" data-end=\"425\">Cool &amp; Bossy Bro<\/strong> aporta un aspecto atrevido y seguro a tu mu\u00f1eca. En <strong data-start=\"479\" data-end=\"505\">Juego de siete piezas negro<\/strong> incluye un elegante conjunto negro y zapatos de cuero negro para un look atrevido y cool. En <strong data-start=\"589\" data-end=\"615\">Juego de siete piezas blanco<\/strong> ofrece un aspecto fresco y limpio con zapatos de cuero blanco para completar el look.<\/p>\n<p data-start=\"697\" data-end=\"741\"><strong data-start=\"697\" data-end=\"706\">Nota:<\/strong> S\u00f3lo el conjunto. La mu\u00f1eca no est\u00e1 incluida.<\/p>","protected":false},"featured_media":30164,"comment_status":"open","ping_status":"closed","template":"","meta":[],"product_brand":[],"product_cat":[117,83],"product_tag":[],"class_list":{"0":"post-30495","1":"product","2":"type-product","3":"status-publish","4":"has-post-thumbnail","6":"product_cat-doll-outfits-accessories","7":"product_cat-20cm-doll-outfit","9":"first","10":"instock","11":"shipping-taxable","12":"purchasable","13":"product-type-variable"},"jetpack_sharing_enabled":true,"_links":{"self":[{"href":"https:\/\/cottonland.shop\/es\/wp-json\/wp\/v2\/product\/30495","targetHints":{"allow":["GET"]}}],"collection":[{"href":"https:\/\/cottonland.shop\/es\/wp-json\/wp\/v2\/product"}],"about":[{"href":"https:\/\/cottonland.shop\/es\/wp-json\/wp\/v2\/types\/product"}],"replies":[{"embeddable":true,"href":"https:\/\/cottonland.shop\/es\/wp-json\/wp\/v2\/comments?post=30495"}],"version-history":[{"count":0,"href":"https:\/\/cottonland.shop\/es\/wp-json\/wp\/v2\/product\/30495\/revisions"}],"wp:featuredmedia":[{"embeddable":true,"href":"https:\/\/cottonland.shop\/es\/wp-json\/wp\/v2\/media\/30164"}],"wp:attachment":[{"href":"https:\/\/cottonland.shop\/es\/wp-json\/wp\/v2\/media?parent=30495"}],"wp:term":[{"taxonomy":"product_brand","embeddable":true,"href":"https:\/\/cottonland.shop\/es\/wp-json\/wp\/v2\/product_brand?post=30495"},{"taxonomy":"product_cat","embeddable":true,"href":"https:\/\/cottonland.shop\/es\/wp-json\/wp\/v2\/product_cat?post=30495"},{"taxonomy":"product_tag","embeddable":true,"href":"https:\/\/cottonland.shop\/es\/wp-json\/wp\/v2\/product_tag?post=30495"}],"curies":[{"name":"wp","href":"https:\/\/api.w.org\/{rel}","templated":true}]}}