{"id":30514,"date":"2025-11-16T00:51:54","date_gmt":"2025-11-16T00:51:54","guid":{"rendered":"https:\/\/cottonland.shop\/?post_type=product&#038;p=30514"},"modified":"2025-11-20T21:38:48","modified_gmt":"2025-11-20T21:38:48","slug":"fox-bunny-detective-agency-four-pieces-set-for-10cm-cotton-doll","status":"publish","type":"product","link":"https:\/\/cottonland.shop\/es\/producto\/fox-bunny-detective-agency-four-pieces-set-for-10cm-cotton-doll\/","title":{"rendered":"Juego de cuatro piezas Fox &amp; Bunny Detective Agency para mu\u00f1eca de algod\u00f3n de 10 cm"},"content":{"rendered":"","protected":false},"excerpt":{"rendered":"<p data-start=\"196\" data-end=\"288\"><strong data-start=\"196\" data-end=\"216\">Tiempo de tramitaci\u00f3n:<\/strong> <strong data-start=\"217\" data-end=\"229\">5-7 d\u00edas<\/strong><br data-start=\"229\" data-end=\"232\" \/><strong data-start=\"232\" data-end=\"250\">Compatibilidad:<\/strong> Se adapta a la mayor\u00eda de mu\u00f1ecas de 10 cm con pose de pie.<\/p>\n<p data-start=\"290\" data-end=\"656\"><strong data-start=\"290\" data-end=\"308\">Artesan\u00eda:<\/strong> Artesan\u00eda de alta gama hecha a mano<br data-start=\"340\" data-end=\"343\" \/><strong data-start=\"343\" data-end=\"355\">Detalles:<\/strong> En <strong data-start=\"360\" data-end=\"392\">Agencia de detectives Fox &amp; Bunny<\/strong> aporta un caprichoso aspecto de detective a tu mu\u00f1eca. El <strong data-start=\"449\" data-end=\"472\">Juego de cinco piezas Fox<\/strong> incluye todo lo esencial para un astuto detective zorro, mientras que el <strong data-start=\"539\" data-end=\"564\">Juego de cuatro piezas Bunny<\/strong> ofrece un look de conejito detective simp\u00e1tico e inquisitivo, perfecto para resolver misterios con estilo.<\/p>\n<p data-start=\"658\" data-end=\"702\"><strong data-start=\"658\" data-end=\"667\">Nota:<\/strong> S\u00f3lo el conjunto. La mu\u00f1eca no est\u00e1 incluida.<\/p>","protected":false},"featured_media":30173,"comment_status":"open","ping_status":"closed","template":"","meta":[],"product_brand":[],"product_cat":[117,81],"product_tag":[],"class_list":{"0":"post-30514","1":"product","2":"type-product","3":"status-publish","4":"has-post-thumbnail","6":"product_cat-doll-outfits-accessories","7":"product_cat-10cm-doll-outfit","9":"first","10":"instock","11":"shipping-taxable","12":"purchasable","13":"product-type-variable"},"jetpack_sharing_enabled":true,"_links":{"self":[{"href":"https:\/\/cottonland.shop\/es\/wp-json\/wp\/v2\/product\/30514","targetHints":{"allow":["GET"]}}],"collection":[{"href":"https:\/\/cottonland.shop\/es\/wp-json\/wp\/v2\/product"}],"about":[{"href":"https:\/\/cottonland.shop\/es\/wp-json\/wp\/v2\/types\/product"}],"replies":[{"embeddable":true,"href":"https:\/\/cottonland.shop\/es\/wp-json\/wp\/v2\/comments?post=30514"}],"version-history":[{"count":0,"href":"https:\/\/cottonland.shop\/es\/wp-json\/wp\/v2\/product\/30514\/revisions"}],"wp:featuredmedia":[{"embeddable":true,"href":"https:\/\/cottonland.shop\/es\/wp-json\/wp\/v2\/media\/30173"}],"wp:attachment":[{"href":"https:\/\/cottonland.shop\/es\/wp-json\/wp\/v2\/media?parent=30514"}],"wp:term":[{"taxonomy":"product_brand","embeddable":true,"href":"https:\/\/cottonland.shop\/es\/wp-json\/wp\/v2\/product_brand?post=30514"},{"taxonomy":"product_cat","embeddable":true,"href":"https:\/\/cottonland.shop\/es\/wp-json\/wp\/v2\/product_cat?post=30514"},{"taxonomy":"product_tag","embeddable":true,"href":"https:\/\/cottonland.shop\/es\/wp-json\/wp\/v2\/product_tag?post=30514"}],"curies":[{"name":"wp","href":"https:\/\/api.w.org\/{rel}","templated":true}]}}