{"id":30515,"date":"2025-11-16T00:57:16","date_gmt":"2025-11-16T00:57:16","guid":{"rendered":"https:\/\/cottonland.shop\/?post_type=product&#038;p=30515"},"modified":"2025-11-20T21:35:44","modified_gmt":"2025-11-20T21:35:44","slug":"fox-bunny-detective-agency-five-pieces-set-for-20cm-cotton-doll","status":"publish","type":"product","link":"https:\/\/cottonland.shop\/es\/producto\/fox-bunny-detective-agency-five-pieces-set-for-20cm-cotton-doll\/","title":{"rendered":"Fox &amp; Bunny Detective Agency Juego de cinco piezas para mu\u00f1eca de algod\u00f3n de 20 cm"},"content":{"rendered":"","protected":false},"excerpt":{"rendered":"<p data-start=\"196\" data-end=\"288\"><strong data-start=\"196\" data-end=\"216\">Tiempo de tramitaci\u00f3n:<\/strong> <strong data-start=\"217\" data-end=\"229\">5-7 d\u00edas<\/strong><br data-start=\"229\" data-end=\"232\" \/><strong data-start=\"232\" data-end=\"250\">Compatibilidad:<\/strong> Se adapta a la mayor\u00eda de mu\u00f1ecas de 20 cm con pose de pie.<\/p>\n<p data-start=\"290\" data-end=\"675\"><strong data-start=\"290\" data-end=\"308\">Artesan\u00eda:<\/strong> Artesan\u00eda de alta gama hecha a mano<br data-start=\"340\" data-end=\"343\" \/><strong data-start=\"343\" data-end=\"355\">Detalles:<\/strong> En <strong data-start=\"360\" data-end=\"392\">Agencia de detectives Fox &amp; Bunny<\/strong> es perfecto para las aventuras detectivescas de tu mu\u00f1eca. El <strong data-start=\"450\" data-end=\"473\">Juego de cinco piezas Fox<\/strong> incluye un ingenioso traje inspirado en el zorro, que se completa con accesorios a juego con el tema. El sitio <strong data-start=\"563\" data-end=\"588\">Juego de cinco piezas Bunny<\/strong> aporta un aspecto de conejito detective simp\u00e1tico y curioso, listo para cualquier misi\u00f3n de resoluci\u00f3n de misterios.<\/p>\n<p data-start=\"677\" data-end=\"721\"><strong data-start=\"677\" data-end=\"686\">Nota:<\/strong> S\u00f3lo el conjunto. La mu\u00f1eca no est\u00e1 incluida.<\/p>","protected":false},"featured_media":30174,"comment_status":"open","ping_status":"closed","template":"","meta":[],"product_brand":[],"product_cat":[117,83],"product_tag":[],"class_list":{"0":"post-30515","1":"product","2":"type-product","3":"status-publish","4":"has-post-thumbnail","6":"product_cat-doll-outfits-accessories","7":"product_cat-20cm-doll-outfit","9":"first","10":"instock","11":"shipping-taxable","12":"purchasable","13":"product-type-variable"},"jetpack_sharing_enabled":true,"_links":{"self":[{"href":"https:\/\/cottonland.shop\/es\/wp-json\/wp\/v2\/product\/30515","targetHints":{"allow":["GET"]}}],"collection":[{"href":"https:\/\/cottonland.shop\/es\/wp-json\/wp\/v2\/product"}],"about":[{"href":"https:\/\/cottonland.shop\/es\/wp-json\/wp\/v2\/types\/product"}],"replies":[{"embeddable":true,"href":"https:\/\/cottonland.shop\/es\/wp-json\/wp\/v2\/comments?post=30515"}],"version-history":[{"count":0,"href":"https:\/\/cottonland.shop\/es\/wp-json\/wp\/v2\/product\/30515\/revisions"}],"wp:featuredmedia":[{"embeddable":true,"href":"https:\/\/cottonland.shop\/es\/wp-json\/wp\/v2\/media\/30174"}],"wp:attachment":[{"href":"https:\/\/cottonland.shop\/es\/wp-json\/wp\/v2\/media?parent=30515"}],"wp:term":[{"taxonomy":"product_brand","embeddable":true,"href":"https:\/\/cottonland.shop\/es\/wp-json\/wp\/v2\/product_brand?post=30515"},{"taxonomy":"product_cat","embeddable":true,"href":"https:\/\/cottonland.shop\/es\/wp-json\/wp\/v2\/product_cat?post=30515"},{"taxonomy":"product_tag","embeddable":true,"href":"https:\/\/cottonland.shop\/es\/wp-json\/wp\/v2\/product_tag?post=30515"}],"curies":[{"name":"wp","href":"https:\/\/api.w.org\/{rel}","templated":true}]}}