{"id":30517,"date":"2025-11-16T01:04:32","date_gmt":"2025-11-16T01:04:32","guid":{"rendered":"https:\/\/cottonland.shop\/?post_type=product&#038;p=30517"},"modified":"2025-11-16T02:17:50","modified_gmt":"2025-11-16T02:17:50","slug":"christmas-carol-series-two-pieces-set-for-10cm-cotton-doll","status":"publish","type":"product","link":"https:\/\/cottonland.shop\/es\/producto\/christmas-carol-series-two-pieces-set-for-10cm-cotton-doll\/","title":{"rendered":"Juego de dos piezas de la serie Cuento de Navidad para mu\u00f1eca de algod\u00f3n de 10 cm"},"content":{"rendered":"","protected":false},"excerpt":{"rendered":"<p data-start=\"267\" data-end=\"359\"><strong data-start=\"267\" data-end=\"287\">Tiempo de tramitaci\u00f3n:<\/strong> <strong data-start=\"288\" data-end=\"300\">5-7 d\u00edas<\/strong><br data-start=\"300\" data-end=\"303\" \/><strong data-start=\"303\" data-end=\"321\">Compatibilidad:<\/strong> Se adapta a la mayor\u00eda de mu\u00f1ecas de 10 cm con pose de pie.<\/p>\n<p data-start=\"361\" data-end=\"756\"><strong data-start=\"361\" data-end=\"379\">Artesan\u00eda:<\/strong> Artesan\u00eda de alta gama hecha a mano<br data-start=\"411\" data-end=\"414\" \/><strong data-start=\"414\" data-end=\"426\">Detalles:<\/strong> En <strong data-start=\"431\" data-end=\"457\">Serie Cuentos de Navidad<\/strong> \u00a1aporta un encanto festivo a tus mu\u00f1ecas! En <strong data-start=\"498\" data-end=\"524\">Juego de dos piezas Rudolph<\/strong> presenta un atuendo inspirado en los renos, mientras que el <strong data-start=\"572\" data-end=\"606\">Set de dos piezas Gingerbread Man<\/strong> a\u00f1ade un dulce ambiente navide\u00f1o. En <strong data-start=\"638\" data-end=\"667\">Juego de dos piezas Snow Child<\/strong> trae magia helada, y el <strong data-start=\"697\" data-end=\"724\">Set de dos piezas Elfo del \u00c1rbol<\/strong> ofrece una caprichosa alegr\u00eda navide\u00f1a.<\/p>\n<p data-start=\"758\" data-end=\"802\"><strong data-start=\"758\" data-end=\"767\">Nota:<\/strong> S\u00f3lo el conjunto. La mu\u00f1eca no est\u00e1 incluida.<\/p>","protected":false},"featured_media":30197,"comment_status":"open","ping_status":"closed","template":"","meta":[],"product_brand":[],"product_cat":[117,81],"product_tag":[],"class_list":{"0":"post-30517","1":"product","2":"type-product","3":"status-publish","4":"has-post-thumbnail","6":"product_cat-doll-outfits-accessories","7":"product_cat-10cm-doll-outfit","9":"first","10":"instock","11":"shipping-taxable","12":"purchasable","13":"product-type-variable"},"jetpack_sharing_enabled":true,"_links":{"self":[{"href":"https:\/\/cottonland.shop\/es\/wp-json\/wp\/v2\/product\/30517","targetHints":{"allow":["GET"]}}],"collection":[{"href":"https:\/\/cottonland.shop\/es\/wp-json\/wp\/v2\/product"}],"about":[{"href":"https:\/\/cottonland.shop\/es\/wp-json\/wp\/v2\/types\/product"}],"replies":[{"embeddable":true,"href":"https:\/\/cottonland.shop\/es\/wp-json\/wp\/v2\/comments?post=30517"}],"version-history":[{"count":0,"href":"https:\/\/cottonland.shop\/es\/wp-json\/wp\/v2\/product\/30517\/revisions"}],"wp:featuredmedia":[{"embeddable":true,"href":"https:\/\/cottonland.shop\/es\/wp-json\/wp\/v2\/media\/30197"}],"wp:attachment":[{"href":"https:\/\/cottonland.shop\/es\/wp-json\/wp\/v2\/media?parent=30517"}],"wp:term":[{"taxonomy":"product_brand","embeddable":true,"href":"https:\/\/cottonland.shop\/es\/wp-json\/wp\/v2\/product_brand?post=30517"},{"taxonomy":"product_cat","embeddable":true,"href":"https:\/\/cottonland.shop\/es\/wp-json\/wp\/v2\/product_cat?post=30517"},{"taxonomy":"product_tag","embeddable":true,"href":"https:\/\/cottonland.shop\/es\/wp-json\/wp\/v2\/product_tag?post=30517"}],"curies":[{"name":"wp","href":"https:\/\/api.w.org\/{rel}","templated":true}]}}