{"id":30518,"date":"2025-11-16T01:06:47","date_gmt":"2025-11-16T01:06:47","guid":{"rendered":"https:\/\/cottonland.shop\/?post_type=product&#038;p=30518"},"modified":"2025-11-16T01:08:36","modified_gmt":"2025-11-16T01:08:36","slug":"dark-gothic-seven-pieces-set-for-20cm-cotton-doll","status":"publish","type":"product","link":"https:\/\/cottonland.shop\/es\/producto\/dark-gothic-seven-pieces-set-for-20cm-cotton-doll\/","title":{"rendered":"Set de siete piezas Dark Gothic para mu\u00f1eca de algod\u00f3n de 20 cm"},"content":{"rendered":"","protected":false},"excerpt":{"rendered":"<p data-start=\"187\" data-end=\"279\"><strong data-start=\"187\" data-end=\"207\">Tiempo de tramitaci\u00f3n:<\/strong> <strong data-start=\"208\" data-end=\"220\">5-7 d\u00edas<\/strong><br data-start=\"220\" data-end=\"223\" \/><strong data-start=\"223\" data-end=\"241\">Compatibilidad:<\/strong> Se adapta a la mayor\u00eda de mu\u00f1ecas de 20 cm con pose de pie.<\/p>\n<p data-start=\"281\" data-end=\"696\"><strong data-start=\"281\" data-end=\"299\">Artesan\u00eda:<\/strong> Artesan\u00eda de alta gama hecha a mano<br data-start=\"331\" data-end=\"334\" \/><strong data-start=\"334\" data-end=\"346\">Detalles:<\/strong> En <strong data-start=\"351\" data-end=\"366\">G\u00f3tico oscuro<\/strong> a\u00f1ade un aspecto atrevido y misterioso a tu mu\u00f1eca. En <strong data-start=\"419\" data-end=\"439\">Juego de siete piezas<\/strong> incluye un atuendo completo de inspiraci\u00f3n g\u00f3tica, mientras que el <strong data-start=\"490\" data-end=\"510\">Juego de ocho piezas<\/strong> viene con accesorios adicionales, como unas elegantes gafas. El sitio <strong data-start=\"581\" data-end=\"601\">Juego de ocho piezas<\/strong> incluye <strong data-start=\"611\" data-end=\"640\">Gafas de cadena de media montura<\/strong>, a\u00f1adiendo un toque m\u00e1s sofisticado al estilo g\u00f3tico.<\/p>\n<p data-start=\"698\" data-end=\"742\"><strong data-start=\"698\" data-end=\"707\">Nota:<\/strong> S\u00f3lo el conjunto. La mu\u00f1eca no est\u00e1 incluida.<\/p>","protected":false},"featured_media":30201,"comment_status":"open","ping_status":"closed","template":"","meta":[],"product_brand":[],"product_cat":[117,83],"product_tag":[],"class_list":{"0":"post-30518","1":"product","2":"type-product","3":"status-publish","4":"has-post-thumbnail","6":"product_cat-doll-outfits-accessories","7":"product_cat-20cm-doll-outfit","9":"first","10":"instock","11":"shipping-taxable","12":"purchasable","13":"product-type-variable"},"jetpack_sharing_enabled":true,"_links":{"self":[{"href":"https:\/\/cottonland.shop\/es\/wp-json\/wp\/v2\/product\/30518","targetHints":{"allow":["GET"]}}],"collection":[{"href":"https:\/\/cottonland.shop\/es\/wp-json\/wp\/v2\/product"}],"about":[{"href":"https:\/\/cottonland.shop\/es\/wp-json\/wp\/v2\/types\/product"}],"replies":[{"embeddable":true,"href":"https:\/\/cottonland.shop\/es\/wp-json\/wp\/v2\/comments?post=30518"}],"version-history":[{"count":0,"href":"https:\/\/cottonland.shop\/es\/wp-json\/wp\/v2\/product\/30518\/revisions"}],"wp:featuredmedia":[{"embeddable":true,"href":"https:\/\/cottonland.shop\/es\/wp-json\/wp\/v2\/media\/30201"}],"wp:attachment":[{"href":"https:\/\/cottonland.shop\/es\/wp-json\/wp\/v2\/media?parent=30518"}],"wp:term":[{"taxonomy":"product_brand","embeddable":true,"href":"https:\/\/cottonland.shop\/es\/wp-json\/wp\/v2\/product_brand?post=30518"},{"taxonomy":"product_cat","embeddable":true,"href":"https:\/\/cottonland.shop\/es\/wp-json\/wp\/v2\/product_cat?post=30518"},{"taxonomy":"product_tag","embeddable":true,"href":"https:\/\/cottonland.shop\/es\/wp-json\/wp\/v2\/product_tag?post=30518"}],"curies":[{"name":"wp","href":"https:\/\/api.w.org\/{rel}","templated":true}]}}