{"id":30538,"date":"2025-11-16T01:15:48","date_gmt":"2025-11-16T01:15:48","guid":{"rendered":"https:\/\/cottonland.shop\/?post_type=product&#038;p=30538"},"modified":"2025-11-20T20:56:46","modified_gmt":"2025-11-20T20:56:46","slug":"denim-jacket-teddy-bear-four-pieces-set-for-10cm-cotton-doll","status":"publish","type":"product","link":"https:\/\/cottonland.shop\/es\/producto\/denim-jacket-teddy-bear-four-pieces-set-for-10cm-cotton-doll\/","title":{"rendered":"Chaqueta vaquera Osito de peluche Juego de cuatro piezas para mu\u00f1eca de algod\u00f3n de 10cm"},"content":{"rendered":"","protected":false},"excerpt":{"rendered":"<p data-start=\"157\" data-end=\"249\"><strong data-start=\"157\" data-end=\"177\">Tiempo de tramitaci\u00f3n:<\/strong> <strong data-start=\"178\" data-end=\"190\">5-7 d\u00edas<\/strong><br data-start=\"190\" data-end=\"193\" \/><strong data-start=\"193\" data-end=\"211\">Compatibilidad:<\/strong> Se adapta a la mayor\u00eda de mu\u00f1ecas de 10 cm con pose de pie.<\/p>\n<p data-start=\"251\" data-end=\"535\"><strong data-start=\"251\" data-end=\"269\">Artesan\u00eda:<\/strong> Artesan\u00eda de alta gama hecha a mano<br data-start=\"301\" data-end=\"304\" \/><strong data-start=\"304\" data-end=\"316\">Detalles:<\/strong> En <strong data-start=\"321\" data-end=\"348\">Chaqueta vaquera Osito<\/strong> ofrece un look fresco y desenfadado para tu mu\u00f1eca. El <strong data-start=\"402\" data-end=\"421\">Juego de cuatro piezas<\/strong> incluye una elegante cazadora vaquera, perfecta para lucir un aspecto relajado y a la moda con un adorable toque de osito.<\/p>\n<p data-start=\"537\" data-end=\"581\"><strong data-start=\"537\" data-end=\"546\">Nota:<\/strong> S\u00f3lo el conjunto. La mu\u00f1eca no est\u00e1 incluida.<\/p>","protected":false},"featured_media":30244,"comment_status":"open","ping_status":"closed","template":"","meta":[],"product_brand":[],"product_cat":[117,81],"product_tag":[],"class_list":{"0":"post-30538","1":"product","2":"type-product","3":"status-publish","4":"has-post-thumbnail","6":"product_cat-doll-outfits-accessories","7":"product_cat-10cm-doll-outfit","9":"first","10":"instock","11":"shipping-taxable","12":"purchasable","13":"product-type-variable"},"jetpack_sharing_enabled":true,"_links":{"self":[{"href":"https:\/\/cottonland.shop\/es\/wp-json\/wp\/v2\/product\/30538","targetHints":{"allow":["GET"]}}],"collection":[{"href":"https:\/\/cottonland.shop\/es\/wp-json\/wp\/v2\/product"}],"about":[{"href":"https:\/\/cottonland.shop\/es\/wp-json\/wp\/v2\/types\/product"}],"replies":[{"embeddable":true,"href":"https:\/\/cottonland.shop\/es\/wp-json\/wp\/v2\/comments?post=30538"}],"version-history":[{"count":0,"href":"https:\/\/cottonland.shop\/es\/wp-json\/wp\/v2\/product\/30538\/revisions"}],"wp:featuredmedia":[{"embeddable":true,"href":"https:\/\/cottonland.shop\/es\/wp-json\/wp\/v2\/media\/30244"}],"wp:attachment":[{"href":"https:\/\/cottonland.shop\/es\/wp-json\/wp\/v2\/media?parent=30538"}],"wp:term":[{"taxonomy":"product_brand","embeddable":true,"href":"https:\/\/cottonland.shop\/es\/wp-json\/wp\/v2\/product_brand?post=30538"},{"taxonomy":"product_cat","embeddable":true,"href":"https:\/\/cottonland.shop\/es\/wp-json\/wp\/v2\/product_cat?post=30538"},{"taxonomy":"product_tag","embeddable":true,"href":"https:\/\/cottonland.shop\/es\/wp-json\/wp\/v2\/product_tag?post=30538"}],"curies":[{"name":"wp","href":"https:\/\/api.w.org\/{rel}","templated":true}]}}