{"id":30539,"date":"2025-11-16T01:17:29","date_gmt":"2025-11-16T01:17:29","guid":{"rendered":"https:\/\/cottonland.shop\/?post_type=product&#038;p=30539"},"modified":"2025-11-20T17:07:34","modified_gmt":"2025-11-20T17:07:34","slug":"rock-music-festival-seven-pieces-set-for-20cm-cotton-doll","status":"publish","type":"product","link":"https:\/\/cottonland.shop\/es\/producto\/rock-music-festival-seven-pieces-set-for-20cm-cotton-doll\/","title":{"rendered":"Festival de M\u00fasica Rock Set de Siete Piezas para Mu\u00f1eca de Algod\u00f3n de 20cm"},"content":{"rendered":"","protected":false},"excerpt":{"rendered":"<p data-start=\"155\" data-end=\"247\"><strong data-start=\"155\" data-end=\"175\">Tiempo de tramitaci\u00f3n:<\/strong> <strong data-start=\"176\" data-end=\"188\">5-7 d\u00edas<\/strong><br data-start=\"188\" data-end=\"191\" \/><strong data-start=\"191\" data-end=\"209\">Compatibilidad:<\/strong> Se adapta a la mayor\u00eda de mu\u00f1ecas de 20 cm con pose de pie.<\/p>\n<p data-start=\"249\" data-end=\"556\"><strong data-start=\"249\" data-end=\"267\">Artesan\u00eda:<\/strong> Artesan\u00eda de alta gama hecha a mano<br data-start=\"299\" data-end=\"302\" \/><strong data-start=\"302\" data-end=\"314\">Detalles:<\/strong> En <strong data-start=\"319\" data-end=\"342\">Festival de m\u00fasica rock<\/strong> aporta un aire atrevido y en\u00e9rgico a tu mu\u00f1eca. En <strong data-start=\"395\" data-end=\"415\">Juego de siete piezas<\/strong> incluye todos los elementos esenciales para un look de festival inspirado en el rock, con detalles y accesorios atrevidos que capturan el esp\u00edritu de la m\u00fasica y el estilo.<\/p>\n<p data-start=\"558\" data-end=\"602\"><strong data-start=\"558\" data-end=\"567\">Nota:<\/strong> S\u00f3lo el conjunto. La mu\u00f1eca no est\u00e1 incluida.<\/p>","protected":false},"featured_media":30252,"comment_status":"open","ping_status":"closed","template":"","meta":[],"product_brand":[],"product_cat":[117,83],"product_tag":[],"class_list":{"0":"post-30539","1":"product","2":"type-product","3":"status-publish","4":"has-post-thumbnail","6":"product_cat-doll-outfits-accessories","7":"product_cat-20cm-doll-outfit","9":"first","10":"instock","11":"shipping-taxable","12":"purchasable","13":"product-type-variable"},"jetpack_sharing_enabled":true,"_links":{"self":[{"href":"https:\/\/cottonland.shop\/es\/wp-json\/wp\/v2\/product\/30539","targetHints":{"allow":["GET"]}}],"collection":[{"href":"https:\/\/cottonland.shop\/es\/wp-json\/wp\/v2\/product"}],"about":[{"href":"https:\/\/cottonland.shop\/es\/wp-json\/wp\/v2\/types\/product"}],"replies":[{"embeddable":true,"href":"https:\/\/cottonland.shop\/es\/wp-json\/wp\/v2\/comments?post=30539"}],"version-history":[{"count":0,"href":"https:\/\/cottonland.shop\/es\/wp-json\/wp\/v2\/product\/30539\/revisions"}],"wp:featuredmedia":[{"embeddable":true,"href":"https:\/\/cottonland.shop\/es\/wp-json\/wp\/v2\/media\/30252"}],"wp:attachment":[{"href":"https:\/\/cottonland.shop\/es\/wp-json\/wp\/v2\/media?parent=30539"}],"wp:term":[{"taxonomy":"product_brand","embeddable":true,"href":"https:\/\/cottonland.shop\/es\/wp-json\/wp\/v2\/product_brand?post=30539"},{"taxonomy":"product_cat","embeddable":true,"href":"https:\/\/cottonland.shop\/es\/wp-json\/wp\/v2\/product_cat?post=30539"},{"taxonomy":"product_tag","embeddable":true,"href":"https:\/\/cottonland.shop\/es\/wp-json\/wp\/v2\/product_tag?post=30539"}],"curies":[{"name":"wp","href":"https:\/\/api.w.org\/{rel}","templated":true}]}}