{"id":30540,"date":"2025-11-16T01:20:55","date_gmt":"2025-11-16T01:20:55","guid":{"rendered":"https:\/\/cottonland.shop\/?post_type=product&#038;p=30540"},"modified":"2025-11-20T20:38:05","modified_gmt":"2025-11-20T20:38:05","slug":"midnight-detective-five-pieces-set-for-15cm-cotton-doll","status":"publish","type":"product","link":"https:\/\/cottonland.shop\/es\/producto\/midnight-detective-five-pieces-set-for-15cm-cotton-doll\/","title":{"rendered":"Midnight Detective Juego de cinco piezas para mu\u00f1eca de algod\u00f3n de 15 cm"},"content":{"rendered":"","protected":false},"excerpt":{"rendered":"<p data-start=\"152\" data-end=\"244\"><strong data-start=\"152\" data-end=\"172\">Tiempo de tramitaci\u00f3n:<\/strong> <strong data-start=\"173\" data-end=\"185\">5-7 d\u00edas<\/strong><br data-start=\"185\" data-end=\"188\" \/><strong data-start=\"188\" data-end=\"206\">Compatibilidad:<\/strong> Se adapta a la mayor\u00eda de mu\u00f1ecas de 15 cm con pose de pie.<\/p>\n<p data-start=\"246\" data-end=\"534\"><strong data-start=\"246\" data-end=\"264\">Artesan\u00eda:<\/strong> Artesan\u00eda de alta gama hecha a mano<br data-start=\"296\" data-end=\"299\" \/><strong data-start=\"299\" data-end=\"311\">Detalles:<\/strong> En <strong data-start=\"316\" data-end=\"338\">Detective de medianoche<\/strong> est\u00e1 dise\u00f1ado para mu\u00f1ecas a las que les encanta resolver misterios con estilo. El <strong data-start=\"407\" data-end=\"426\">Juego de cinco piezas<\/strong> incluye todas las piezas esenciales para un look detectivesco cl\u00e1sico, con un toque de sofisticaci\u00f3n y misterio.<\/p>\n<p data-start=\"536\" data-end=\"580\"><strong data-start=\"536\" data-end=\"545\">Nota:<\/strong> S\u00f3lo el conjunto. La mu\u00f1eca no est\u00e1 incluida.<\/p>","protected":false},"featured_media":30255,"comment_status":"open","ping_status":"closed","template":"","meta":[],"product_brand":[],"product_cat":[117,239],"product_tag":[],"class_list":{"0":"post-30540","1":"product","2":"type-product","3":"status-publish","4":"has-post-thumbnail","6":"product_cat-doll-outfits-accessories","7":"product_cat-15cm-doll-outfit","9":"first","10":"instock","11":"shipping-taxable","12":"purchasable","13":"product-type-variable"},"jetpack_sharing_enabled":true,"_links":{"self":[{"href":"https:\/\/cottonland.shop\/es\/wp-json\/wp\/v2\/product\/30540","targetHints":{"allow":["GET"]}}],"collection":[{"href":"https:\/\/cottonland.shop\/es\/wp-json\/wp\/v2\/product"}],"about":[{"href":"https:\/\/cottonland.shop\/es\/wp-json\/wp\/v2\/types\/product"}],"replies":[{"embeddable":true,"href":"https:\/\/cottonland.shop\/es\/wp-json\/wp\/v2\/comments?post=30540"}],"version-history":[{"count":0,"href":"https:\/\/cottonland.shop\/es\/wp-json\/wp\/v2\/product\/30540\/revisions"}],"wp:featuredmedia":[{"embeddable":true,"href":"https:\/\/cottonland.shop\/es\/wp-json\/wp\/v2\/media\/30255"}],"wp:attachment":[{"href":"https:\/\/cottonland.shop\/es\/wp-json\/wp\/v2\/media?parent=30540"}],"wp:term":[{"taxonomy":"product_brand","embeddable":true,"href":"https:\/\/cottonland.shop\/es\/wp-json\/wp\/v2\/product_brand?post=30540"},{"taxonomy":"product_cat","embeddable":true,"href":"https:\/\/cottonland.shop\/es\/wp-json\/wp\/v2\/product_cat?post=30540"},{"taxonomy":"product_tag","embeddable":true,"href":"https:\/\/cottonland.shop\/es\/wp-json\/wp\/v2\/product_tag?post=30540"}],"curies":[{"name":"wp","href":"https:\/\/api.w.org\/{rel}","templated":true}]}}