{"id":30556,"date":"2025-11-16T01:49:04","date_gmt":"2025-11-16T01:49:04","guid":{"rendered":"https:\/\/cottonland.shop\/?post_type=product&#038;p=30556"},"modified":"2025-11-20T17:07:33","modified_gmt":"2025-11-20T17:07:33","slug":"japanese-school-uniform-four-pieces-set-for-20cm-cotton-doll","status":"publish","type":"product","link":"https:\/\/cottonland.shop\/es\/producto\/japanese-school-uniform-four-pieces-set-for-20cm-cotton-doll\/","title":{"rendered":"Conjunto de cuatro piezas de uniforme escolar japon\u00e9s para mu\u00f1eca de algod\u00f3n de 20 cm"},"content":{"rendered":"","protected":false},"excerpt":{"rendered":"<p data-start=\"271\" data-end=\"363\"><strong data-start=\"271\" data-end=\"291\">Tiempo de tramitaci\u00f3n:<\/strong> <strong data-start=\"292\" data-end=\"304\">5-7 d\u00edas<\/strong><br data-start=\"304\" data-end=\"307\" \/><strong data-start=\"307\" data-end=\"325\">Compatibilidad:<\/strong> Se adapta a la mayor\u00eda de mu\u00f1ecas de 20 cm con pose de pie.<\/p>\n<p data-start=\"365\" data-end=\"700\"><strong data-start=\"365\" data-end=\"383\">Artesan\u00eda:<\/strong> Artesan\u00eda de alta gama hecha a mano<br data-start=\"415\" data-end=\"418\" \/><strong data-start=\"418\" data-end=\"430\">Detalles:<\/strong> En <strong data-start=\"435\" data-end=\"462\">Uniforme escolar japon\u00e9s<\/strong> aporta un aire simp\u00e1tico y acad\u00e9mico a tu mu\u00f1eca. El <strong data-start=\"517\" data-end=\"540\">Juego masculino de seis piezas<\/strong> y <strong data-start=\"545\" data-end=\"570\">Juego femenino de seis piezas<\/strong> Ambos incluyen un uniforme escolar cl\u00e1sico, que se completa con una gorra escolar y zapatos de cuero blanco, perfectos para un look pulido y juvenil.<\/p>\n<p data-start=\"702\" data-end=\"746\"><strong data-start=\"702\" data-end=\"711\">Nota:<\/strong> S\u00f3lo el conjunto. La mu\u00f1eca no est\u00e1 incluida.<\/p>","protected":false},"featured_media":30273,"comment_status":"open","ping_status":"closed","template":"","meta":[],"product_brand":[],"product_cat":[117,83],"product_tag":[],"class_list":{"0":"post-30556","1":"product","2":"type-product","3":"status-publish","4":"has-post-thumbnail","6":"product_cat-doll-outfits-accessories","7":"product_cat-20cm-doll-outfit","9":"first","10":"instock","11":"shipping-taxable","12":"purchasable","13":"product-type-variable"},"jetpack_sharing_enabled":true,"_links":{"self":[{"href":"https:\/\/cottonland.shop\/es\/wp-json\/wp\/v2\/product\/30556","targetHints":{"allow":["GET"]}}],"collection":[{"href":"https:\/\/cottonland.shop\/es\/wp-json\/wp\/v2\/product"}],"about":[{"href":"https:\/\/cottonland.shop\/es\/wp-json\/wp\/v2\/types\/product"}],"replies":[{"embeddable":true,"href":"https:\/\/cottonland.shop\/es\/wp-json\/wp\/v2\/comments?post=30556"}],"version-history":[{"count":0,"href":"https:\/\/cottonland.shop\/es\/wp-json\/wp\/v2\/product\/30556\/revisions"}],"wp:featuredmedia":[{"embeddable":true,"href":"https:\/\/cottonland.shop\/es\/wp-json\/wp\/v2\/media\/30273"}],"wp:attachment":[{"href":"https:\/\/cottonland.shop\/es\/wp-json\/wp\/v2\/media?parent=30556"}],"wp:term":[{"taxonomy":"product_brand","embeddable":true,"href":"https:\/\/cottonland.shop\/es\/wp-json\/wp\/v2\/product_brand?post=30556"},{"taxonomy":"product_cat","embeddable":true,"href":"https:\/\/cottonland.shop\/es\/wp-json\/wp\/v2\/product_cat?post=30556"},{"taxonomy":"product_tag","embeddable":true,"href":"https:\/\/cottonland.shop\/es\/wp-json\/wp\/v2\/product_tag?post=30556"}],"curies":[{"name":"wp","href":"https:\/\/api.w.org\/{rel}","templated":true}]}}