{"id":30557,"date":"2025-11-16T01:51:22","date_gmt":"2025-11-16T01:51:22","guid":{"rendered":"https:\/\/cottonland.shop\/?post_type=product&#038;p=30557"},"modified":"2025-11-20T17:07:32","modified_gmt":"2025-11-20T17:07:32","slug":"international-transfer-student-four-pieces-set-for-20cm-cotton-doll","status":"publish","type":"product","link":"https:\/\/cottonland.shop\/es\/producto\/international-transfer-student-four-pieces-set-for-20cm-cotton-doll\/","title":{"rendered":"Juego de cuatro piezas para mu\u00f1eca de algod\u00f3n de 20 cm."},"content":{"rendered":"","protected":false},"excerpt":{"rendered":"<p data-start=\"200\" data-end=\"292\"><strong data-start=\"200\" data-end=\"220\">Tiempo de tramitaci\u00f3n:<\/strong> <strong data-start=\"221\" data-end=\"233\">5-7 d\u00edas<\/strong><br data-start=\"233\" data-end=\"236\" \/><strong data-start=\"236\" data-end=\"254\">Compatibilidad:<\/strong> Se adapta a la mayor\u00eda de mu\u00f1ecas de 20 cm con pose de pie.<\/p>\n<p data-start=\"294\" data-end=\"630\"><strong data-start=\"294\" data-end=\"312\">Artesan\u00eda:<\/strong> Artesan\u00eda de alta gama hecha a mano<br data-start=\"344\" data-end=\"347\" \/><strong data-start=\"347\" data-end=\"359\">Detalles:<\/strong> En <strong data-start=\"364\" data-end=\"398\">Estudiante internacional transferido<\/strong> a\u00f1ade un toque acad\u00e9mico a tu mu\u00f1eca. En <strong data-start=\"444\" data-end=\"469\">Juego negro de cuatro piezas<\/strong> ofrece un aspecto elegante y formal, mientras que el <strong data-start=\"515\" data-end=\"540\">Juego de cuatro piezas blanco<\/strong> proporciona un aspecto n\u00edtido y limpio. Ambos conjuntos son perfectos para un ambiente refinado de inspiraci\u00f3n estudiantil.<\/p>\n<p data-start=\"632\" data-end=\"676\"><strong data-start=\"632\" data-end=\"641\">Nota:<\/strong> S\u00f3lo el conjunto. La mu\u00f1eca no est\u00e1 incluida.<\/p>","protected":false},"featured_media":30279,"comment_status":"open","ping_status":"closed","template":"","meta":[],"product_brand":[],"product_cat":[117,83],"product_tag":[],"class_list":{"0":"post-30557","1":"product","2":"type-product","3":"status-publish","4":"has-post-thumbnail","6":"product_cat-doll-outfits-accessories","7":"product_cat-20cm-doll-outfit","9":"first","10":"instock","11":"shipping-taxable","12":"purchasable","13":"product-type-variable"},"jetpack_sharing_enabled":true,"_links":{"self":[{"href":"https:\/\/cottonland.shop\/es\/wp-json\/wp\/v2\/product\/30557","targetHints":{"allow":["GET"]}}],"collection":[{"href":"https:\/\/cottonland.shop\/es\/wp-json\/wp\/v2\/product"}],"about":[{"href":"https:\/\/cottonland.shop\/es\/wp-json\/wp\/v2\/types\/product"}],"replies":[{"embeddable":true,"href":"https:\/\/cottonland.shop\/es\/wp-json\/wp\/v2\/comments?post=30557"}],"version-history":[{"count":0,"href":"https:\/\/cottonland.shop\/es\/wp-json\/wp\/v2\/product\/30557\/revisions"}],"wp:featuredmedia":[{"embeddable":true,"href":"https:\/\/cottonland.shop\/es\/wp-json\/wp\/v2\/media\/30279"}],"wp:attachment":[{"href":"https:\/\/cottonland.shop\/es\/wp-json\/wp\/v2\/media?parent=30557"}],"wp:term":[{"taxonomy":"product_brand","embeddable":true,"href":"https:\/\/cottonland.shop\/es\/wp-json\/wp\/v2\/product_brand?post=30557"},{"taxonomy":"product_cat","embeddable":true,"href":"https:\/\/cottonland.shop\/es\/wp-json\/wp\/v2\/product_cat?post=30557"},{"taxonomy":"product_tag","embeddable":true,"href":"https:\/\/cottonland.shop\/es\/wp-json\/wp\/v2\/product_tag?post=30557"}],"curies":[{"name":"wp","href":"https:\/\/api.w.org\/{rel}","templated":true}]}}