{"id":30559,"date":"2025-11-16T01:29:47","date_gmt":"2025-11-16T01:29:47","guid":{"rendered":"https:\/\/cottonland.shop\/?post_type=product&#038;p=30559"},"modified":"2025-11-20T20:56:24","modified_gmt":"2025-11-20T20:56:24","slug":"european-christendom-four-pieces-set-for-15cm-cotton-doll","status":"publish","type":"product","link":"https:\/\/cottonland.shop\/es\/producto\/european-christendom-four-pieces-set-for-15cm-cotton-doll\/","title":{"rendered":"Juego de cuatro piezas de la cristiandad europea para mu\u00f1eca de algod\u00f3n de 15 cm"},"content":{"rendered":"","protected":false},"excerpt":{"rendered":"<p data-start=\"154\" data-end=\"246\"><strong data-start=\"154\" data-end=\"174\">Tiempo de tramitaci\u00f3n:<\/strong> <strong data-start=\"175\" data-end=\"187\">5-7 d\u00edas<\/strong><br data-start=\"187\" data-end=\"190\" \/><strong data-start=\"190\" data-end=\"208\">Compatibilidad:<\/strong> Se adapta a la mayor\u00eda de mu\u00f1ecas de 15 cm con pose de pie.<\/p>\n<p data-start=\"248\" data-end=\"553\"><strong data-start=\"248\" data-end=\"266\">Artesan\u00eda:<\/strong> Artesan\u00eda de alta gama hecha a mano<br data-start=\"298\" data-end=\"301\" \/><strong data-start=\"301\" data-end=\"313\">Detalles:<\/strong> En <strong data-start=\"318\" data-end=\"342\">Cristianismo europeo<\/strong> ofrece un toque de elegancia atemporal a su mu\u00f1eca. El <strong data-start=\"401\" data-end=\"420\">Juego de cuatro piezas<\/strong> incluye un atuendo cl\u00e1sico de inspiraci\u00f3n religiosa que evoca una sensaci\u00f3n de gracia y sofisticaci\u00f3n, perfecto para el aspecto refinado de tu mu\u00f1eca.<\/p>\n<p data-start=\"555\" data-end=\"599\"><strong data-start=\"555\" data-end=\"564\">Nota:<\/strong> S\u00f3lo el conjunto. La mu\u00f1eca no est\u00e1 incluida.<\/p>","protected":false},"featured_media":31287,"comment_status":"open","ping_status":"closed","template":"","meta":[],"product_brand":[],"product_cat":[117,239],"product_tag":[],"class_list":{"0":"post-30559","1":"product","2":"type-product","3":"status-publish","4":"has-post-thumbnail","6":"product_cat-doll-outfits-accessories","7":"product_cat-15cm-doll-outfit","9":"first","10":"instock","11":"shipping-taxable","12":"purchasable","13":"product-type-variable"},"jetpack_sharing_enabled":true,"_links":{"self":[{"href":"https:\/\/cottonland.shop\/es\/wp-json\/wp\/v2\/product\/30559","targetHints":{"allow":["GET"]}}],"collection":[{"href":"https:\/\/cottonland.shop\/es\/wp-json\/wp\/v2\/product"}],"about":[{"href":"https:\/\/cottonland.shop\/es\/wp-json\/wp\/v2\/types\/product"}],"replies":[{"embeddable":true,"href":"https:\/\/cottonland.shop\/es\/wp-json\/wp\/v2\/comments?post=30559"}],"version-history":[{"count":0,"href":"https:\/\/cottonland.shop\/es\/wp-json\/wp\/v2\/product\/30559\/revisions"}],"wp:featuredmedia":[{"embeddable":true,"href":"https:\/\/cottonland.shop\/es\/wp-json\/wp\/v2\/media\/31287"}],"wp:attachment":[{"href":"https:\/\/cottonland.shop\/es\/wp-json\/wp\/v2\/media?parent=30559"}],"wp:term":[{"taxonomy":"product_brand","embeddable":true,"href":"https:\/\/cottonland.shop\/es\/wp-json\/wp\/v2\/product_brand?post=30559"},{"taxonomy":"product_cat","embeddable":true,"href":"https:\/\/cottonland.shop\/es\/wp-json\/wp\/v2\/product_cat?post=30559"},{"taxonomy":"product_tag","embeddable":true,"href":"https:\/\/cottonland.shop\/es\/wp-json\/wp\/v2\/product_tag?post=30559"}],"curies":[{"name":"wp","href":"https:\/\/api.w.org\/{rel}","templated":true}]}}