{"id":30569,"date":"2025-11-16T01:55:20","date_gmt":"2025-11-16T01:55:20","guid":{"rendered":"https:\/\/cottonland.shop\/?post_type=product&#038;p=30569"},"modified":"2025-11-20T17:07:32","modified_gmt":"2025-11-20T17:07:32","slug":"headband-handsome-guy-five-pieces-set-for-20cm-cotton-doll","status":"publish","type":"product","link":"https:\/\/cottonland.shop\/es\/producto\/headband-handsome-guy-five-pieces-set-for-20cm-cotton-doll\/","title":{"rendered":"Cinta para la cabeza Handsome Guy Juego de cinco piezas para mu\u00f1eca de algod\u00f3n de 20 cm"},"content":{"rendered":"","protected":false},"excerpt":{"rendered":"<p data-start=\"155\" data-end=\"247\"><strong data-start=\"155\" data-end=\"175\">Tiempo de tramitaci\u00f3n:<\/strong> <strong data-start=\"176\" data-end=\"188\">5-7 d\u00edas<\/strong><br data-start=\"188\" data-end=\"191\" \/><strong data-start=\"191\" data-end=\"209\">Compatibilidad:<\/strong> Se adapta a la mayor\u00eda de mu\u00f1ecas de 20 cm con pose de pie.<\/p>\n<p data-start=\"249\" data-end=\"543\"><strong data-start=\"249\" data-end=\"267\">Artesan\u00eda:<\/strong> Artesan\u00eda de alta gama hecha a mano<br data-start=\"299\" data-end=\"302\" \/><strong data-start=\"302\" data-end=\"314\">Detalles:<\/strong> En <strong data-start=\"319\" data-end=\"344\">Cinta para la cabeza Handsome Guy<\/strong> aporta un aspecto elegante y juvenil a tu mu\u00f1eca. En <strong data-start=\"399\" data-end=\"418\">Juego de cinco piezas<\/strong> incluye un moderno conjunto, que se completa con una chul\u00edsima diadema, perfecta para a\u00f1adir encanto y personalidad al estilo de tu mu\u00f1eca.<\/p>\n<p data-start=\"545\" data-end=\"589\"><strong data-start=\"545\" data-end=\"554\">Nota:<\/strong> S\u00f3lo el conjunto. La mu\u00f1eca no est\u00e1 incluida.<\/p>","protected":false},"featured_media":30283,"comment_status":"open","ping_status":"closed","template":"","meta":[],"product_brand":[],"product_cat":[117,83],"product_tag":[],"class_list":{"0":"post-30569","1":"product","2":"type-product","3":"status-publish","4":"has-post-thumbnail","6":"product_cat-doll-outfits-accessories","7":"product_cat-20cm-doll-outfit","9":"first","10":"instock","11":"shipping-taxable","12":"purchasable","13":"product-type-variable"},"jetpack_sharing_enabled":true,"_links":{"self":[{"href":"https:\/\/cottonland.shop\/es\/wp-json\/wp\/v2\/product\/30569","targetHints":{"allow":["GET"]}}],"collection":[{"href":"https:\/\/cottonland.shop\/es\/wp-json\/wp\/v2\/product"}],"about":[{"href":"https:\/\/cottonland.shop\/es\/wp-json\/wp\/v2\/types\/product"}],"replies":[{"embeddable":true,"href":"https:\/\/cottonland.shop\/es\/wp-json\/wp\/v2\/comments?post=30569"}],"version-history":[{"count":0,"href":"https:\/\/cottonland.shop\/es\/wp-json\/wp\/v2\/product\/30569\/revisions"}],"wp:featuredmedia":[{"embeddable":true,"href":"https:\/\/cottonland.shop\/es\/wp-json\/wp\/v2\/media\/30283"}],"wp:attachment":[{"href":"https:\/\/cottonland.shop\/es\/wp-json\/wp\/v2\/media?parent=30569"}],"wp:term":[{"taxonomy":"product_brand","embeddable":true,"href":"https:\/\/cottonland.shop\/es\/wp-json\/wp\/v2\/product_brand?post=30569"},{"taxonomy":"product_cat","embeddable":true,"href":"https:\/\/cottonland.shop\/es\/wp-json\/wp\/v2\/product_cat?post=30569"},{"taxonomy":"product_tag","embeddable":true,"href":"https:\/\/cottonland.shop\/es\/wp-json\/wp\/v2\/product_tag?post=30569"}],"curies":[{"name":"wp","href":"https:\/\/api.w.org\/{rel}","templated":true}]}}