{"id":30571,"date":"2025-11-16T02:02:32","date_gmt":"2025-11-16T02:02:32","guid":{"rendered":"https:\/\/cottonland.shop\/?post_type=product&#038;p=30571"},"modified":"2025-11-20T17:07:31","modified_gmt":"2025-11-20T17:07:31","slug":"research-lab-uniform-four-pieces-set-for-10cm-cotton-doll","status":"publish","type":"product","link":"https:\/\/cottonland.shop\/es\/producto\/research-lab-uniform-four-pieces-set-for-10cm-cotton-doll\/","title":{"rendered":"Uniforme de laboratorio de investigaci\u00f3n Juego de cuatro piezas para mu\u00f1eca de algod\u00f3n de 10 cm"},"content":{"rendered":"","protected":false},"excerpt":{"rendered":"<p data-start=\"154\" data-end=\"246\"><strong data-start=\"154\" data-end=\"174\">Tiempo de tramitaci\u00f3n:<\/strong> <strong data-start=\"175\" data-end=\"187\">5-7 d\u00edas<\/strong><br data-start=\"187\" data-end=\"190\" \/><strong data-start=\"190\" data-end=\"208\">Compatibilidad:<\/strong> Se adapta a la mayor\u00eda de mu\u00f1ecas de 10 cm con pose de pie.<\/p>\n<p data-start=\"248\" data-end=\"539\"><strong data-start=\"248\" data-end=\"266\">Artesan\u00eda:<\/strong> Artesan\u00eda de alta gama hecha a mano<br data-start=\"298\" data-end=\"301\" \/><strong data-start=\"301\" data-end=\"313\">Detalles:<\/strong> En <strong data-start=\"318\" data-end=\"342\">Uniforme de laboratorio de investigaci\u00f3n<\/strong> est\u00e1 dise\u00f1ado para ofrecer un aspecto elegante y cient\u00edfico. El sitio <strong data-start=\"393\" data-end=\"412\">Juego de cuatro piezas<\/strong> incluye todo lo necesario para un atuendo inspirado en el laboratorio, perfecto para que tu mu\u00f1eca tenga un aspecto profesional y est\u00e9 lista para cualquier experimento.<\/p>\n<p data-start=\"541\" data-end=\"585\"><strong data-start=\"541\" data-end=\"550\">Nota:<\/strong> S\u00f3lo el conjunto. La mu\u00f1eca no est\u00e1 incluida.<\/p>","protected":false},"featured_media":30294,"comment_status":"open","ping_status":"closed","template":"","meta":[],"product_brand":[],"product_cat":[117,81],"product_tag":[],"class_list":{"0":"post-30571","1":"product","2":"type-product","3":"status-publish","4":"has-post-thumbnail","6":"product_cat-doll-outfits-accessories","7":"product_cat-10cm-doll-outfit","9":"first","10":"instock","11":"shipping-taxable","12":"purchasable","13":"product-type-variable"},"jetpack_sharing_enabled":true,"_links":{"self":[{"href":"https:\/\/cottonland.shop\/es\/wp-json\/wp\/v2\/product\/30571","targetHints":{"allow":["GET"]}}],"collection":[{"href":"https:\/\/cottonland.shop\/es\/wp-json\/wp\/v2\/product"}],"about":[{"href":"https:\/\/cottonland.shop\/es\/wp-json\/wp\/v2\/types\/product"}],"replies":[{"embeddable":true,"href":"https:\/\/cottonland.shop\/es\/wp-json\/wp\/v2\/comments?post=30571"}],"version-history":[{"count":0,"href":"https:\/\/cottonland.shop\/es\/wp-json\/wp\/v2\/product\/30571\/revisions"}],"wp:featuredmedia":[{"embeddable":true,"href":"https:\/\/cottonland.shop\/es\/wp-json\/wp\/v2\/media\/30294"}],"wp:attachment":[{"href":"https:\/\/cottonland.shop\/es\/wp-json\/wp\/v2\/media?parent=30571"}],"wp:term":[{"taxonomy":"product_brand","embeddable":true,"href":"https:\/\/cottonland.shop\/es\/wp-json\/wp\/v2\/product_brand?post=30571"},{"taxonomy":"product_cat","embeddable":true,"href":"https:\/\/cottonland.shop\/es\/wp-json\/wp\/v2\/product_cat?post=30571"},{"taxonomy":"product_tag","embeddable":true,"href":"https:\/\/cottonland.shop\/es\/wp-json\/wp\/v2\/product_tag?post=30571"}],"curies":[{"name":"wp","href":"https:\/\/api.w.org\/{rel}","templated":true}]}}