{"id":30573,"date":"2025-11-16T02:07:49","date_gmt":"2025-11-16T02:07:49","guid":{"rendered":"https:\/\/cottonland.shop\/?post_type=product&#038;p=30573"},"modified":"2025-11-20T17:07:31","modified_gmt":"2025-11-20T17:07:31","slug":"glamorous-gold-trimmed-bunny-four-pieces-set-for-15cm-cotton-doll","status":"publish","type":"product","link":"https:\/\/cottonland.shop\/es\/producto\/glamorous-gold-trimmed-bunny-four-pieces-set-for-15cm-cotton-doll\/","title":{"rendered":"Glamuroso Set de Cuatro Piezas de Conejito Dorado para Mu\u00f1eca de Algod\u00f3n de 15cm"},"content":{"rendered":"","protected":false},"excerpt":{"rendered":"<p data-start=\"162\" data-end=\"254\"><strong data-start=\"162\" data-end=\"182\">Tiempo de tramitaci\u00f3n:<\/strong> <strong data-start=\"183\" data-end=\"195\">5-7 d\u00edas<\/strong><br data-start=\"195\" data-end=\"198\" \/><strong data-start=\"198\" data-end=\"216\">Compatibilidad:<\/strong> Se adapta a la mayor\u00eda de mu\u00f1ecas de 15 cm con pose de pie.<\/p>\n<p data-start=\"256\" data-end=\"567\"><strong data-start=\"256\" data-end=\"274\">Artesan\u00eda:<\/strong> Artesan\u00eda de alta gama hecha a mano<br data-start=\"306\" data-end=\"309\" \/><strong data-start=\"309\" data-end=\"321\">Detalles:<\/strong> En <strong data-start=\"326\" data-end=\"358\">Glamuroso conejito dorado<\/strong> aporta un aire elegante y juguet\u00f3n a tu mu\u00f1eca. El <strong data-start=\"413\" data-end=\"432\">Juego de cuatro piezas<\/strong> incluye un lujoso conjunto inspirado en un conejito, con adornos dorados que le dan un toque de sofisticaci\u00f3n, perfecto para un look chic y caprichoso.<\/p>\n<p data-start=\"569\" data-end=\"613\"><strong data-start=\"569\" data-end=\"578\">Nota:<\/strong> S\u00f3lo el conjunto. La mu\u00f1eca no est\u00e1 incluida.<\/p>","protected":false},"featured_media":30303,"comment_status":"open","ping_status":"closed","template":"","meta":[],"product_brand":[],"product_cat":[117,239],"product_tag":[],"class_list":{"0":"post-30573","1":"product","2":"type-product","3":"status-publish","4":"has-post-thumbnail","6":"product_cat-doll-outfits-accessories","7":"product_cat-15cm-doll-outfit","9":"first","10":"instock","11":"shipping-taxable","12":"purchasable","13":"product-type-variable"},"jetpack_sharing_enabled":true,"_links":{"self":[{"href":"https:\/\/cottonland.shop\/es\/wp-json\/wp\/v2\/product\/30573","targetHints":{"allow":["GET"]}}],"collection":[{"href":"https:\/\/cottonland.shop\/es\/wp-json\/wp\/v2\/product"}],"about":[{"href":"https:\/\/cottonland.shop\/es\/wp-json\/wp\/v2\/types\/product"}],"replies":[{"embeddable":true,"href":"https:\/\/cottonland.shop\/es\/wp-json\/wp\/v2\/comments?post=30573"}],"version-history":[{"count":0,"href":"https:\/\/cottonland.shop\/es\/wp-json\/wp\/v2\/product\/30573\/revisions"}],"wp:featuredmedia":[{"embeddable":true,"href":"https:\/\/cottonland.shop\/es\/wp-json\/wp\/v2\/media\/30303"}],"wp:attachment":[{"href":"https:\/\/cottonland.shop\/es\/wp-json\/wp\/v2\/media?parent=30573"}],"wp:term":[{"taxonomy":"product_brand","embeddable":true,"href":"https:\/\/cottonland.shop\/es\/wp-json\/wp\/v2\/product_brand?post=30573"},{"taxonomy":"product_cat","embeddable":true,"href":"https:\/\/cottonland.shop\/es\/wp-json\/wp\/v2\/product_cat?post=30573"},{"taxonomy":"product_tag","embeddable":true,"href":"https:\/\/cottonland.shop\/es\/wp-json\/wp\/v2\/product_tag?post=30573"}],"curies":[{"name":"wp","href":"https:\/\/api.w.org\/{rel}","templated":true}]}}