{"id":30584,"date":"2025-11-16T02:11:13","date_gmt":"2025-11-16T02:11:13","guid":{"rendered":"https:\/\/cottonland.shop\/?post_type=product&#038;p=30584"},"modified":"2025-11-20T20:35:08","modified_gmt":"2025-11-20T20:35:08","slug":"forest-cloak-three-pieces-set-for-10cm-cotton-doll","status":"publish","type":"product","link":"https:\/\/cottonland.shop\/es\/producto\/forest-cloak-three-pieces-set-for-10cm-cotton-doll\/","title":{"rendered":"Capa del bosque Juego de tres piezas para mu\u00f1eca de algod\u00f3n de 10 cm"},"content":{"rendered":"","protected":false},"excerpt":{"rendered":"<p data-start=\"193\" data-end=\"285\"><strong data-start=\"193\" data-end=\"213\">Tiempo de tramitaci\u00f3n:<\/strong> <strong data-start=\"214\" data-end=\"226\">5-7 d\u00edas<\/strong><br data-start=\"226\" data-end=\"229\" \/><strong data-start=\"229\" data-end=\"247\">Compatibilidad:<\/strong> Se adapta a la mayor\u00eda de mu\u00f1ecas de 10 cm con pose de pie.<\/p>\n<p data-start=\"287\" data-end=\"675\"><strong data-start=\"287\" data-end=\"305\">Artesan\u00eda:<\/strong> Artesan\u00eda de alta gama hecha a mano<br data-start=\"337\" data-end=\"340\" \/><strong data-start=\"340\" data-end=\"352\">Detalles:<\/strong> En <strong data-start=\"357\" data-end=\"373\">Capa del bosque<\/strong> aporta un aire m\u00e1gico y terrenal a tu mu\u00f1eca. El <strong data-start=\"427\" data-end=\"447\">Juego de tres piezas<\/strong> incluye una acogedora capa y un traje a juego, perfectos para las aventuras en el bosque. En <strong data-start=\"528\" data-end=\"550\">Capa de ante del bosque<\/strong> tambi\u00e9n puede adquirirse por separado para quienes deseen la capa sola, a\u00f1adiendo un toque de elegancia inspirada en el bosque a cualquier mu\u00f1eca.<\/p>\n<p data-start=\"677\" data-end=\"721\"><strong data-start=\"677\" data-end=\"686\">Nota:<\/strong> S\u00f3lo el conjunto. La mu\u00f1eca no est\u00e1 incluida.<\/p>","protected":false},"featured_media":30307,"comment_status":"open","ping_status":"closed","template":"","meta":[],"product_brand":[],"product_cat":[117,81],"product_tag":[],"class_list":{"0":"post-30584","1":"product","2":"type-product","3":"status-publish","4":"has-post-thumbnail","6":"product_cat-doll-outfits-accessories","7":"product_cat-10cm-doll-outfit","9":"first","10":"instock","11":"shipping-taxable","12":"purchasable","13":"product-type-variable"},"jetpack_sharing_enabled":true,"_links":{"self":[{"href":"https:\/\/cottonland.shop\/es\/wp-json\/wp\/v2\/product\/30584","targetHints":{"allow":["GET"]}}],"collection":[{"href":"https:\/\/cottonland.shop\/es\/wp-json\/wp\/v2\/product"}],"about":[{"href":"https:\/\/cottonland.shop\/es\/wp-json\/wp\/v2\/types\/product"}],"replies":[{"embeddable":true,"href":"https:\/\/cottonland.shop\/es\/wp-json\/wp\/v2\/comments?post=30584"}],"version-history":[{"count":0,"href":"https:\/\/cottonland.shop\/es\/wp-json\/wp\/v2\/product\/30584\/revisions"}],"wp:featuredmedia":[{"embeddable":true,"href":"https:\/\/cottonland.shop\/es\/wp-json\/wp\/v2\/media\/30307"}],"wp:attachment":[{"href":"https:\/\/cottonland.shop\/es\/wp-json\/wp\/v2\/media?parent=30584"}],"wp:term":[{"taxonomy":"product_brand","embeddable":true,"href":"https:\/\/cottonland.shop\/es\/wp-json\/wp\/v2\/product_brand?post=30584"},{"taxonomy":"product_cat","embeddable":true,"href":"https:\/\/cottonland.shop\/es\/wp-json\/wp\/v2\/product_cat?post=30584"},{"taxonomy":"product_tag","embeddable":true,"href":"https:\/\/cottonland.shop\/es\/wp-json\/wp\/v2\/product_tag?post=30584"}],"curies":[{"name":"wp","href":"https:\/\/api.w.org\/{rel}","templated":true}]}}