{"id":30596,"date":"2025-11-17T01:23:35","date_gmt":"2025-11-17T01:23:35","guid":{"rendered":"https:\/\/cottonland.shop\/?post_type=product&#038;p=30596"},"modified":"2025-12-08T17:49:04","modified_gmt":"2025-12-08T17:49:04","slug":"infinity-nikki-series-20cm-cotton-doll","status":"publish","type":"product","link":"https:\/\/cottonland.shop\/es\/producto\/infinity-nikki-series-20cm-cotton-doll\/","title":{"rendered":"Infinity Nikki Series Mu\u00f1eca de algod\u00f3n de 20 cm"},"content":{"rendered":"","protected":false},"excerpt":{"rendered":"<p data-start=\"204\" data-end=\"369\"><strong data-start=\"204\" data-end=\"224\">Tiempo de tramitaci\u00f3n:<\/strong> <strong data-start=\"225\" data-end=\"237\">5-7 d\u00edas<\/strong><br data-start=\"237\" data-end=\"240\" \/><strong data-start=\"240\" data-end=\"258\">Compatibilidad:<\/strong> Se adapta a la mayor\u00eda de los conjuntos de pose de pie de 20 cm.<br data-start=\"296\" data-end=\"299\" \/><strong data-start=\"299\" data-end=\"310\">Altura:<\/strong> 20 cm<br data-start=\"315\" data-end=\"318\" \/><strong data-start=\"318\" data-end=\"334\">Poseabilidad:<\/strong> S\u00ed, con esqueleto flexible<\/p>\n<p data-start=\"371\" data-end=\"747\"><strong data-start=\"371\" data-end=\"389\">Artesan\u00eda:<\/strong> Artesan\u00eda de alta gama hecha a mano<br data-start=\"421\" data-end=\"424\" \/><strong data-start=\"424\" data-end=\"436\">Detalles:<\/strong> En <strong data-start=\"441\" data-end=\"475\">Serie Infinity Nikki<\/strong> dan vida a los personajes del popular juego. Cada uno de los <strong data-start=\"546\" data-end=\"564\">Ar\u00e1ndano caliente<\/strong>, <strong data-start=\"566\" data-end=\"580\">Melocot\u00f3n C\u00e1lido<\/strong>, <strong data-start=\"582\" data-end=\"595\">Puff Caliente<\/strong>, y <strong data-start=\"601\" data-end=\"620\">Jud\u00eda dulce caliente<\/strong> vienen con orejas de gato y de conejo desmontables, lo que a\u00f1ade un extra de ternura a su ya de por s\u00ed adorable aspecto.<\/p>\n<p data-start=\"749\" data-end=\"824\"><strong data-start=\"749\" data-end=\"758\">Nota:<\/strong> S\u00f3lo mu\u00f1eca. El traje no est\u00e1 incluido. Esto es una mu\u00f1eca, no un traje.<\/p>","protected":false},"featured_media":30614,"comment_status":"open","ping_status":"closed","template":"","meta":[],"product_brand":[],"product_cat":[116,85],"product_tag":[],"class_list":{"0":"post-30596","1":"product","2":"type-product","3":"status-publish","4":"has-post-thumbnail","6":"product_cat-cotton-dolls","7":"product_cat-20cm-dolls","9":"first","10":"instock","11":"shipping-taxable","12":"purchasable","13":"product-type-variable"},"jetpack_sharing_enabled":true,"_links":{"self":[{"href":"https:\/\/cottonland.shop\/es\/wp-json\/wp\/v2\/product\/30596","targetHints":{"allow":["GET"]}}],"collection":[{"href":"https:\/\/cottonland.shop\/es\/wp-json\/wp\/v2\/product"}],"about":[{"href":"https:\/\/cottonland.shop\/es\/wp-json\/wp\/v2\/types\/product"}],"replies":[{"embeddable":true,"href":"https:\/\/cottonland.shop\/es\/wp-json\/wp\/v2\/comments?post=30596"}],"version-history":[{"count":0,"href":"https:\/\/cottonland.shop\/es\/wp-json\/wp\/v2\/product\/30596\/revisions"}],"wp:featuredmedia":[{"embeddable":true,"href":"https:\/\/cottonland.shop\/es\/wp-json\/wp\/v2\/media\/30614"}],"wp:attachment":[{"href":"https:\/\/cottonland.shop\/es\/wp-json\/wp\/v2\/media?parent=30596"}],"wp:term":[{"taxonomy":"product_brand","embeddable":true,"href":"https:\/\/cottonland.shop\/es\/wp-json\/wp\/v2\/product_brand?post=30596"},{"taxonomy":"product_cat","embeddable":true,"href":"https:\/\/cottonland.shop\/es\/wp-json\/wp\/v2\/product_cat?post=30596"},{"taxonomy":"product_tag","embeddable":true,"href":"https:\/\/cottonland.shop\/es\/wp-json\/wp\/v2\/product_tag?post=30596"}],"curies":[{"name":"wp","href":"https:\/\/api.w.org\/{rel}","templated":true}]}}